{"id":714,"date":"2023-05-29T14:30:37","date_gmt":"2023-05-29T14:30:37","guid":{"rendered":"http:\/\/arpitex.pt\/?page_id=714"},"modified":"2023-05-29T17:22:59","modified_gmt":"2023-05-29T17:22:59","slug":"tecnologia-e-sustentabilidade","status":"publish","type":"page","link":"https:\/\/arpitex.pt\/pt-pt\/tecnologia-e-sustentabilidade\/","title":{"rendered":"TECNOLOGIA E SUSTENTABILIDADE"},"content":{"rendered":"<p>[vc_row][vc_column][vc_column_text]<\/p>\n<p>A <strong><span style=\"font-family: 'Cooper Black', Times, serif;\">Arpitex<\/span><\/strong> vem promovendo a realiza\u00e7\u00e3o de consecutivos investimentos relevantes de moderniza\u00e7\u00e3o da sua capacita\u00e7\u00e3o tecnol\u00f3gica e sustentabilidade dos processos produtivos da sua unidade fabril, sendo de relevar os investimentos realizados a partir de 2015, na automa\u00e7\u00e3o integral e integrada da sua \u00e1rea  de modela\u00e7\u00e3o, assim como em efici\u00eancia energ\u00e9tica, com forte redu\u00e7\u00e3o da emiss\u00f5es de CO2 subjacente.<\/p>\n<p>Com apoio do <strong>IAPMEI<\/strong>, atrav\u00e9s de Sistema de Incentivos \u00e0 Inova\u00e7\u00e3o Empresarial (<strong>Projeto n\u00ba 14723<\/strong> \u2013 <strong><a href=\"http:\/\/arpitex.pt\/pt-pt\/ficha-projeto-inovacao\/\"><u>ver Ficha<\/u><\/a><\/strong> de <strong>Projeto Inova\u00e7\u00e3o<\/strong>) promovemos a introdu\u00e7\u00e3o de equipamentos tecnologicamente avan\u00e7ados, com relev\u00e2ncia particular para a m\u00e1quina de corte autom\u00e1tico GERBER  PARAGON VX22; Posto Accunest MC de marcadas autom\u00e1ticas e Posto Accumark PDS de modelagem, que nos permitiram ganhos de produtividade, de efici\u00eancia de fiabilidade de modela\u00e7\u00e3o e corte, necess\u00e1rias e cr\u00edticas \u00e0 produ\u00e7\u00e3o com qualidade de artigos em malhas mais sens\u00edveis e\/ou t\u00e9cnicas. Tamb\u00e9m substitu\u00edmos 100% da ilumina\u00e7\u00e3o da unidade por ilumina\u00e7\u00e3o LEAD, com poupan\u00e7a (efici\u00eancia) energ\u00e9tica da ordem dos 70%, melhorando fortemente o nosso compromisso de responsabilidade e sustentabilidade.<\/p>\n<p>Em 2022 prosseguimos com investimentos ainda mais relevantes nestas vertentes,  igualmente com  apoio do <strong>IAPMEI<\/strong>, atrav\u00e9s do <strong>PT2020<\/strong> (<strong>Projeto NORTE-02-0853-FEDER-180644<\/strong> \u2013 <a href=\"http:\/\/arpitex.pt\/pt-pt\/ficha-de-projeto-inovacao-produtiva\/\"><u>ver Ficha<\/u><\/a> de <strong>Projeto Inova\u00e7\u00e3o Produtiva<\/strong>), estando pr\u00f3xima a conclus\u00e3o deste projeto. Encontra-se plenamente concretizado e em atividade  um novo equipamento de corte automatizado, complementar ao existente, para realiza\u00e7\u00e3o cont\u00ednua de amostras e pequenas s\u00e9ries, com alta precis\u00e3o e grande  capacidade de eliminar desperd\u00edcio de MP, al\u00e9m de permitir muito maior controlo de defeito, fatores cr\u00edticos \u00e0 produ\u00e7\u00e3o para o segmento de luxo. Tamb\u00e9m est\u00e1 ativo o sistema de produ\u00e7\u00e3o fotovoltaica de energia el\u00e9trica com 50 Kw de pot\u00eancia, que ao final do primeiro m\u00eas apresenta um registo de produ\u00e7\u00e3o que proporcionou um autoconsumo de 50% da energia el\u00e9trica consumida, j\u00e1 considerando a substitui\u00e7\u00e3o da anterior caldeira a fuel, por nova el\u00e9trica, sendo assim extremamente significativa a redu\u00e7\u00e3o de emiss\u00f5es carb\u00f3nicas em todo o processo produtivo. Ainda assim, \u00e9 nosso prop\u00f3sito realizar novos investimentos nesta vertente, tendo em vista alcan\u00e7ar a neutralidade de carb\u00f3nica \u2013 impacto ambiental zero, no processo produtivo da unidade.<\/p>\n<p>[\/vc_column_text][vc_empty_space height=&#8221;25px&#8221;][vc_row_inner css=&#8221;.vc_custom_1611049529208{margin-top: 50px !important;}&#8221;][vc_column_inner width=&#8221;1\/2&#8243;][vc_single_image image=&#8221;721&#8243; img_size=&#8221;large&#8221;][\/vc_column_inner][vc_column_inner width=&#8221;1\/2&#8243;][vc_single_image image=&#8221;720&#8243; img_size=&#8221;large&#8221;][\/vc_column_inner][\/vc_row_inner][vc_row_inner css=&#8221;.vc_custom_1611049529208{margin-top: 50px !important;}&#8221;][vc_column_inner width=&#8221;1\/2&#8243;][vc_single_image image=&#8221;719&#8243; img_size=&#8221;large&#8221;][\/vc_column_inner][vc_column_inner width=&#8221;1\/2&#8243;][vc_single_image image=&#8221;718&#8243; img_size=&#8221;large&#8221;][\/vc_column_inner][\/vc_row_inner][\/vc_column][\/vc_row]<\/p>\n","protected":false},"excerpt":{"rendered":"<p>[vc_row][vc_column][vc_column_text] A Arpitex vem promovendo a realiza\u00e7\u00e3o de consecutivos investimentos relevantes de moderniza\u00e7\u00e3o da sua capacita\u00e7\u00e3o tecnol\u00f3gica e sustentabilidade dos &#8230;<\/p>\n","protected":false},"author":1,"featured_media":0,"parent":0,"menu_order":0,"comment_status":"closed","ping_status":"closed","template":"","meta":{"_monsterinsights_skip_tracking":false,"_monsterinsights_sitenote_active":false,"_monsterinsights_sitenote_note":"","_monsterinsights_sitenote_category":0,"footnotes":""},"class_list":["post-714","page","type-page","status-publish","hentry"],"yoast_head":"<!-- This site is optimized with the Yoast SEO plugin v24.7 - https:\/\/yoast.com\/wordpress\/plugins\/seo\/ -->\n<title>TECNOLOGIA E SUSTENTABILIDADE - Arpitex<\/title>\n<meta name=\"description\" content=\"Realiza\u00e7\u00e3o de consecutivos investimentos relevantes de moderniza\u00e7\u00e3o da sua capacita\u00e7\u00e3o tecnol\u00f3gica e sustentabilidade dos processos produtivos da sua unidade fabril, CO2 subjacente.\" \/>\n<meta name=\"robots\" content=\"index, follow, max-snippet:-1, max-image-preview:large, max-video-preview:-1\" \/>\n<link rel=\"canonical\" href=\"https:\/\/arpitex.pt\/technology-sustainability\/\" \/>\n<meta property=\"og:locale\" content=\"pt_PT\" \/>\n<meta property=\"og:type\" content=\"article\" \/>\n<meta property=\"og:title\" content=\"TECNOLOGIA E SUSTENTABILIDADE - Arpitex\" \/>\n<meta property=\"og:description\" content=\"Realiza\u00e7\u00e3o de consecutivos investimentos relevantes de moderniza\u00e7\u00e3o da sua capacita\u00e7\u00e3o tecnol\u00f3gica e sustentabilidade dos processos produtivos da sua unidade fabril, CO2 subjacente.\" \/>\n<meta property=\"og:url\" content=\"https:\/\/arpitex.pt\/technology-sustainability\/\" \/>\n<meta property=\"og:site_name\" content=\"Arpitex\" \/>\n<meta property=\"article:publisher\" content=\"https:\/\/www.facebook.com\/arpitex\/\" \/>\n<meta property=\"article:modified_time\" content=\"2023-05-29T17:22:59+00:00\" \/>\n<meta name=\"twitter:card\" content=\"summary_large_image\" \/>\n<meta name=\"twitter:label1\" content=\"Tempo estimado de leitura\" \/>\n\t<meta name=\"twitter:data1\" content=\"2 minutos\" \/>\n<script type=\"application\/ld+json\" class=\"yoast-schema-graph\">{\"@context\":\"https:\/\/schema.org\",\"@graph\":[{\"@type\":\"WebPage\",\"@id\":\"https:\/\/arpitex.pt\/technology-sustainability\/\",\"url\":\"https:\/\/arpitex.pt\/technology-sustainability\/\",\"name\":\"TECNOLOGIA E SUSTENTABILIDADE - Arpitex\",\"isPartOf\":{\"@id\":\"https:\/\/arpitex.pt\/#website\"},\"datePublished\":\"2023-05-29T14:30:37+00:00\",\"dateModified\":\"2023-05-29T17:22:59+00:00\",\"description\":\"Realiza\u00e7\u00e3o de consecutivos investimentos relevantes de moderniza\u00e7\u00e3o da sua capacita\u00e7\u00e3o tecnol\u00f3gica e sustentabilidade dos processos produtivos da sua unidade fabril, CO2 subjacente.\",\"breadcrumb\":{\"@id\":\"https:\/\/arpitex.pt\/technology-sustainability\/#breadcrumb\"},\"inLanguage\":\"pt-PT\",\"potentialAction\":[{\"@type\":\"ReadAction\",\"target\":[\"https:\/\/arpitex.pt\/technology-sustainability\/\"]}]},{\"@type\":\"BreadcrumbList\",\"@id\":\"https:\/\/arpitex.pt\/technology-sustainability\/#breadcrumb\",\"itemListElement\":[{\"@type\":\"ListItem\",\"position\":1,\"name\":\"Home\",\"item\":\"https:\/\/arpitex.pt\/pt-pt\/\"},{\"@type\":\"ListItem\",\"position\":2,\"name\":\"TECNOLOGIA E SUSTENTABILIDADE\"}]},{\"@type\":\"WebSite\",\"@id\":\"https:\/\/arpitex.pt\/#website\",\"url\":\"https:\/\/arpitex.pt\/\",\"name\":\"Arpitex\",\"description\":\"Com\u00e9rcio e Ind\u00fastria de Confec\u00e7\u00f5es, Lda.\",\"publisher\":{\"@id\":\"https:\/\/arpitex.pt\/#organization\"},\"potentialAction\":[{\"@type\":\"SearchAction\",\"target\":{\"@type\":\"EntryPoint\",\"urlTemplate\":\"https:\/\/arpitex.pt\/?s={search_term_string}\"},\"query-input\":{\"@type\":\"PropertyValueSpecification\",\"valueRequired\":true,\"valueName\":\"search_term_string\"}}],\"inLanguage\":\"pt-PT\"},{\"@type\":\"Organization\",\"@id\":\"https:\/\/arpitex.pt\/#organization\",\"name\":\"ARPITEX - Com\u00e9rcio e Ind\u00fastria de Confec\u00e7\u00f5es, Lda.\",\"url\":\"https:\/\/arpitex.pt\/\",\"logo\":{\"@type\":\"ImageObject\",\"inLanguage\":\"pt-PT\",\"@id\":\"https:\/\/arpitex.pt\/#\/schema\/logo\/image\/\",\"url\":\"https:\/\/arpitex.pt\/wp-content\/uploads\/2018\/12\/transferir.png\",\"contentUrl\":\"https:\/\/arpitex.pt\/wp-content\/uploads\/2018\/12\/transferir.png\",\"width\":300,\"height\":100,\"caption\":\"ARPITEX - Com\u00e9rcio e Ind\u00fastria de Confec\u00e7\u00f5es, Lda.\"},\"image\":{\"@id\":\"https:\/\/arpitex.pt\/#\/schema\/logo\/image\/\"},\"sameAs\":[\"https:\/\/www.facebook.com\/arpitex\/\"]}]}<\/script>\n<!-- \/ Yoast SEO plugin. -->","yoast_head_json":{"title":"TECNOLOGIA E SUSTENTABILIDADE - Arpitex","description":"Realiza\u00e7\u00e3o de consecutivos investimentos relevantes de moderniza\u00e7\u00e3o da sua capacita\u00e7\u00e3o tecnol\u00f3gica e sustentabilidade dos processos produtivos da sua unidade fabril, CO2 subjacente.","robots":{"index":"index","follow":"follow","max-snippet":"max-snippet:-1","max-image-preview":"max-image-preview:large","max-video-preview":"max-video-preview:-1"},"canonical":"https:\/\/arpitex.pt\/technology-sustainability\/","og_locale":"pt_PT","og_type":"article","og_title":"TECNOLOGIA E SUSTENTABILIDADE - Arpitex","og_description":"Realiza\u00e7\u00e3o de consecutivos investimentos relevantes de moderniza\u00e7\u00e3o da sua capacita\u00e7\u00e3o tecnol\u00f3gica e sustentabilidade dos processos produtivos da sua unidade fabril, CO2 subjacente.","og_url":"https:\/\/arpitex.pt\/technology-sustainability\/","og_site_name":"Arpitex","article_publisher":"https:\/\/www.facebook.com\/arpitex\/","article_modified_time":"2023-05-29T17:22:59+00:00","twitter_card":"summary_large_image","twitter_misc":{"Tempo estimado de leitura":"2 minutos"},"schema":{"@context":"https:\/\/schema.org","@graph":[{"@type":"WebPage","@id":"https:\/\/arpitex.pt\/technology-sustainability\/","url":"https:\/\/arpitex.pt\/technology-sustainability\/","name":"TECNOLOGIA E SUSTENTABILIDADE - Arpitex","isPartOf":{"@id":"https:\/\/arpitex.pt\/#website"},"datePublished":"2023-05-29T14:30:37+00:00","dateModified":"2023-05-29T17:22:59+00:00","description":"Realiza\u00e7\u00e3o de consecutivos investimentos relevantes de moderniza\u00e7\u00e3o da sua capacita\u00e7\u00e3o tecnol\u00f3gica e sustentabilidade dos processos produtivos da sua unidade fabril, CO2 subjacente.","breadcrumb":{"@id":"https:\/\/arpitex.pt\/technology-sustainability\/#breadcrumb"},"inLanguage":"pt-PT","potentialAction":[{"@type":"ReadAction","target":["https:\/\/arpitex.pt\/technology-sustainability\/"]}]},{"@type":"BreadcrumbList","@id":"https:\/\/arpitex.pt\/technology-sustainability\/#breadcrumb","itemListElement":[{"@type":"ListItem","position":1,"name":"Home","item":"https:\/\/arpitex.pt\/pt-pt\/"},{"@type":"ListItem","position":2,"name":"TECNOLOGIA E SUSTENTABILIDADE"}]},{"@type":"WebSite","@id":"https:\/\/arpitex.pt\/#website","url":"https:\/\/arpitex.pt\/","name":"Arpitex","description":"Com\u00e9rcio e Ind\u00fastria de Confec\u00e7\u00f5es, Lda.","publisher":{"@id":"https:\/\/arpitex.pt\/#organization"},"potentialAction":[{"@type":"SearchAction","target":{"@type":"EntryPoint","urlTemplate":"https:\/\/arpitex.pt\/?s={search_term_string}"},"query-input":{"@type":"PropertyValueSpecification","valueRequired":true,"valueName":"search_term_string"}}],"inLanguage":"pt-PT"},{"@type":"Organization","@id":"https:\/\/arpitex.pt\/#organization","name":"ARPITEX - Com\u00e9rcio e Ind\u00fastria de Confec\u00e7\u00f5es, Lda.","url":"https:\/\/arpitex.pt\/","logo":{"@type":"ImageObject","inLanguage":"pt-PT","@id":"https:\/\/arpitex.pt\/#\/schema\/logo\/image\/","url":"https:\/\/arpitex.pt\/wp-content\/uploads\/2018\/12\/transferir.png","contentUrl":"https:\/\/arpitex.pt\/wp-content\/uploads\/2018\/12\/transferir.png","width":300,"height":100,"caption":"ARPITEX - Com\u00e9rcio e Ind\u00fastria de Confec\u00e7\u00f5es, Lda."},"image":{"@id":"https:\/\/arpitex.pt\/#\/schema\/logo\/image\/"},"sameAs":["https:\/\/www.facebook.com\/arpitex\/"]}]}},"_links":{"self":[{"href":"https:\/\/arpitex.pt\/pt-pt\/wp-json\/wp\/v2\/pages\/714","targetHints":{"allow":["GET"]}}],"collection":[{"href":"https:\/\/arpitex.pt\/pt-pt\/wp-json\/wp\/v2\/pages"}],"about":[{"href":"https:\/\/arpitex.pt\/pt-pt\/wp-json\/wp\/v2\/types\/page"}],"author":[{"embeddable":true,"href":"https:\/\/arpitex.pt\/pt-pt\/wp-json\/wp\/v2\/users\/1"}],"replies":[{"embeddable":true,"href":"https:\/\/arpitex.pt\/pt-pt\/wp-json\/wp\/v2\/comments?post=714"}],"version-history":[{"count":5,"href":"https:\/\/arpitex.pt\/pt-pt\/wp-json\/wp\/v2\/pages\/714\/revisions"}],"predecessor-version":[{"id":726,"href":"https:\/\/arpitex.pt\/pt-pt\/wp-json\/wp\/v2\/pages\/714\/revisions\/726"}],"wp:attachment":[{"href":"https:\/\/arpitex.pt\/pt-pt\/wp-json\/wp\/v2\/media?parent=714"}],"curies":[{"name":"wp","href":"https:\/\/api.w.org\/{rel}","templated":true}]}}