{"id":670,"date":"2023-01-17T17:59:25","date_gmt":"2023-01-17T17:59:25","guid":{"rendered":"http:\/\/arpitex.pt\/?page_id=670"},"modified":"2023-01-18T16:40:25","modified_gmt":"2023-01-18T16:40:25","slug":"ficha-de-projeto-inovacao-produtiva","status":"publish","type":"page","link":"https:\/\/arpitex.pt\/pt-pt\/ficha-de-projeto-inovacao-produtiva\/","title":{"rendered":"Ficha de projeto Inova\u00e7\u00e3o Produtiva"},"content":{"rendered":"<p>[vc_row][vc_column][vc_single_image image=&#8221;681&#8243; img_size=&#8221;full&#8221;][vc_empty_space height=&#8221;50px&#8221;][vc_column_text]<\/p>\n<p><strong>Designa\u00e7\u00e3o projeto:<\/strong> Aumento de capacidade produtiva com vista \u00e0 entrada no segmento do pronto a vestir de luxo<br \/>\n<strong>C\u00f3digo do projeto:<\/strong> NORTE-02-0853-FEDER-180644<br \/>\n<strong>Objetivo principal:<\/strong> Refor\u00e7ar a competitividade das PME<br \/>\n<strong>Regi\u00e3o de interven\u00e7\u00e3o:<\/strong> Norte<br \/>\n<strong>Entidade beneficiaria:<\/strong> Arpitex &#8211; Com\u00e9rcio e Ind\u00fastria de Confe\u00e7\u00f5es, Lda.<\/p>\n<p><strong>Data de aprova\u00e7\u00e3o:<\/strong> 14\/06\/2022<br \/>\n<strong>Data de in\u00edcio:<\/strong> 01\/11\/2021<br \/>\n<strong>Data de conclus\u00e3o:<\/strong> 30\/06\/2023<br \/>\n<strong>Custo total eleg\u00edvel:<\/strong> 484.701,00\u20ac<br \/>\n<strong>Custo eleg\u00edvel inova\u00e7\u00e3o:<\/strong> 484.701,00\u20ac<br \/>\n<strong>Apoio financeiro da Uni\u00e3o Europeia:<\/strong> FEDER \u2013 109.057,73\u20ac<\/p>\n<p><strong>Objetivos, atividades e resultados esperados\/atingidos:<\/strong><br \/>\nO presente projeto da Arpitex &#8211; Com\u00e9rcio e Ind\u00fastria de Confe\u00e7\u00f5es, Lda. (180644) visa o aumento da capacidade produtiva com vista \u00e0 entrada no segmento do pronto a vestir de luxo.<br \/>\nNeste sentido encontra-se prevista a aquisi\u00e7\u00e3o de uma m\u00e1quina de corte para pequenas s\u00e9ries, vocacionadas para o segmento de luxo.<br \/>\nAo dirigir-se para segmentos de maior valor acrescentado (marcas de luxo e alta-costura) deve pautar os seus processos pela m\u00e1xima qualidade e efici\u00eancia. O corte passa a ser feito com alta precis\u00e3o, eliminando o desperd\u00edcio de MP e permitindo um maior controlo de defeitos. Paralelamente, a implementa\u00e7\u00e3o de software permitir\u00e1 a gest\u00e3o e monitoriza\u00e7\u00e3o do processo produtivo digitalmente e em tempo real, bem como o design mais pormenorizado de pe\u00e7as em 3D.<br \/>\nEm 2020 apresentou um VN total de 6.958.669,03 euros, sendo cerca de 98% desse valor destinado ao mercado internacional e os restantes 2% ao mercado nacional.<br \/>\nComo objetivos primordiais identificam-se:<br \/>\n&#8211; Aumentar o seu volume de neg\u00f3cio;<br \/>\n&#8211; Aumento da capacidade produtiva;<br \/>\n&#8211; Entrada em novos segmentos de mercado;<br \/>\n&#8211; Entrada em novos mercados internacionais e aumento de VN internacional;<br \/>\n&#8211; Introdu\u00e7\u00e3o de princ\u00edpios de sustentabilidade e ind\u00fastria 4.0;<br \/>\n&#8211; Criar novos postos de trabalho qualificados.<\/p>\n<p><strong>Em termos de resultados a atingir no ano p\u00f3s projeto destacam-se:<\/strong><br \/>\n\u2022 Valor Acrescentado Bruto superior a 1,8 M EUR;<br \/>\n\u2022 Cria\u00e7\u00e3o de 6 postos de trabalho qualificados;<br \/>\n\u2022 Volume de Neg\u00f3cios de 8,3 M EUR.<\/p>\n<p><strong>Entidade Consultora: <\/strong>B&#038;F consultores, Lda.<\/p>\n<p>[\/vc_column_text][\/vc_column][\/vc_row]<\/p>\n","protected":false},"excerpt":{"rendered":"<p>[vc_row][vc_column][vc_single_image image=&#8221;681&#8243; img_size=&#8221;full&#8221;][vc_empty_space height=&#8221;50px&#8221;][vc_column_text] Designa\u00e7\u00e3o projeto: Aumento de capacidade produtiva com vista \u00e0 entrada no segmento do pronto a vestir &#8230;<\/p>\n","protected":false},"author":1,"featured_media":0,"parent":0,"menu_order":0,"comment_status":"closed","ping_status":"closed","template":"","meta":{"_monsterinsights_skip_tracking":false,"_monsterinsights_sitenote_active":false,"_monsterinsights_sitenote_note":"","_monsterinsights_sitenote_category":0,"footnotes":""},"class_list":["post-670","page","type-page","status-publish","hentry"],"yoast_head":"<!-- This site is optimized with the Yoast SEO plugin v24.7 - https:\/\/yoast.com\/wordpress\/plugins\/seo\/ -->\n<title>Ficha de projeto Inova\u00e7\u00e3o Produtiva - Arpitex<\/title>\n<meta name=\"robots\" content=\"index, follow, max-snippet:-1, max-image-preview:large, max-video-preview:-1\" \/>\n<link rel=\"canonical\" href=\"https:\/\/arpitex.pt\/project-sheet-productive-innovation\/\" \/>\n<meta property=\"og:locale\" content=\"pt_PT\" \/>\n<meta property=\"og:type\" content=\"article\" \/>\n<meta property=\"og:title\" content=\"Ficha de projeto Inova\u00e7\u00e3o Produtiva - Arpitex\" \/>\n<meta property=\"og:description\" content=\"[vc_row][vc_column][vc_single_image image=&#8221;681&#8243; img_size=&#8221;full&#8221;][vc_empty_space height=&#8221;50px&#8221;][vc_column_text] Designa\u00e7\u00e3o projeto: Aumento de capacidade produtiva com vista \u00e0 entrada no segmento do pronto a vestir ...\" \/>\n<meta property=\"og:url\" content=\"https:\/\/arpitex.pt\/project-sheet-productive-innovation\/\" \/>\n<meta property=\"og:site_name\" content=\"Arpitex\" \/>\n<meta property=\"article:publisher\" content=\"https:\/\/www.facebook.com\/arpitex\/\" \/>\n<meta property=\"article:modified_time\" content=\"2023-01-18T16:40:25+00:00\" \/>\n<meta name=\"twitter:card\" content=\"summary_large_image\" \/>\n<meta name=\"twitter:label1\" content=\"Tempo estimado de leitura\" \/>\n\t<meta name=\"twitter:data1\" content=\"2 minutos\" \/>\n<script type=\"application\/ld+json\" class=\"yoast-schema-graph\">{\"@context\":\"https:\/\/schema.org\",\"@graph\":[{\"@type\":\"WebPage\",\"@id\":\"https:\/\/arpitex.pt\/project-sheet-productive-innovation\/\",\"url\":\"https:\/\/arpitex.pt\/project-sheet-productive-innovation\/\",\"name\":\"Ficha de projeto Inova\u00e7\u00e3o Produtiva - Arpitex\",\"isPartOf\":{\"@id\":\"https:\/\/arpitex.pt\/#website\"},\"datePublished\":\"2023-01-17T17:59:25+00:00\",\"dateModified\":\"2023-01-18T16:40:25+00:00\",\"breadcrumb\":{\"@id\":\"https:\/\/arpitex.pt\/project-sheet-productive-innovation\/#breadcrumb\"},\"inLanguage\":\"pt-PT\",\"potentialAction\":[{\"@type\":\"ReadAction\",\"target\":[\"https:\/\/arpitex.pt\/project-sheet-productive-innovation\/\"]}]},{\"@type\":\"BreadcrumbList\",\"@id\":\"https:\/\/arpitex.pt\/project-sheet-productive-innovation\/#breadcrumb\",\"itemListElement\":[{\"@type\":\"ListItem\",\"position\":1,\"name\":\"Home\",\"item\":\"https:\/\/arpitex.pt\/pt-pt\/\"},{\"@type\":\"ListItem\",\"position\":2,\"name\":\"Ficha de projeto Inova\u00e7\u00e3o Produtiva\"}]},{\"@type\":\"WebSite\",\"@id\":\"https:\/\/arpitex.pt\/#website\",\"url\":\"https:\/\/arpitex.pt\/\",\"name\":\"Arpitex\",\"description\":\"Com\u00e9rcio e Ind\u00fastria de Confec\u00e7\u00f5es, Lda.\",\"publisher\":{\"@id\":\"https:\/\/arpitex.pt\/#organization\"},\"potentialAction\":[{\"@type\":\"SearchAction\",\"target\":{\"@type\":\"EntryPoint\",\"urlTemplate\":\"https:\/\/arpitex.pt\/?s={search_term_string}\"},\"query-input\":{\"@type\":\"PropertyValueSpecification\",\"valueRequired\":true,\"valueName\":\"search_term_string\"}}],\"inLanguage\":\"pt-PT\"},{\"@type\":\"Organization\",\"@id\":\"https:\/\/arpitex.pt\/#organization\",\"name\":\"ARPITEX - Com\u00e9rcio e Ind\u00fastria de Confec\u00e7\u00f5es, Lda.\",\"url\":\"https:\/\/arpitex.pt\/\",\"logo\":{\"@type\":\"ImageObject\",\"inLanguage\":\"pt-PT\",\"@id\":\"https:\/\/arpitex.pt\/#\/schema\/logo\/image\/\",\"url\":\"https:\/\/arpitex.pt\/wp-content\/uploads\/2018\/12\/transferir.png\",\"contentUrl\":\"https:\/\/arpitex.pt\/wp-content\/uploads\/2018\/12\/transferir.png\",\"width\":300,\"height\":100,\"caption\":\"ARPITEX - Com\u00e9rcio e Ind\u00fastria de Confec\u00e7\u00f5es, Lda.\"},\"image\":{\"@id\":\"https:\/\/arpitex.pt\/#\/schema\/logo\/image\/\"},\"sameAs\":[\"https:\/\/www.facebook.com\/arpitex\/\"]}]}<\/script>\n<!-- \/ Yoast SEO plugin. -->","yoast_head_json":{"title":"Ficha de projeto Inova\u00e7\u00e3o Produtiva - Arpitex","robots":{"index":"index","follow":"follow","max-snippet":"max-snippet:-1","max-image-preview":"max-image-preview:large","max-video-preview":"max-video-preview:-1"},"canonical":"https:\/\/arpitex.pt\/project-sheet-productive-innovation\/","og_locale":"pt_PT","og_type":"article","og_title":"Ficha de projeto Inova\u00e7\u00e3o Produtiva - Arpitex","og_description":"[vc_row][vc_column][vc_single_image image=&#8221;681&#8243; img_size=&#8221;full&#8221;][vc_empty_space height=&#8221;50px&#8221;][vc_column_text] Designa\u00e7\u00e3o projeto: Aumento de capacidade produtiva com vista \u00e0 entrada no segmento do pronto a vestir ...","og_url":"https:\/\/arpitex.pt\/project-sheet-productive-innovation\/","og_site_name":"Arpitex","article_publisher":"https:\/\/www.facebook.com\/arpitex\/","article_modified_time":"2023-01-18T16:40:25+00:00","twitter_card":"summary_large_image","twitter_misc":{"Tempo estimado de leitura":"2 minutos"},"schema":{"@context":"https:\/\/schema.org","@graph":[{"@type":"WebPage","@id":"https:\/\/arpitex.pt\/project-sheet-productive-innovation\/","url":"https:\/\/arpitex.pt\/project-sheet-productive-innovation\/","name":"Ficha de projeto Inova\u00e7\u00e3o Produtiva - Arpitex","isPartOf":{"@id":"https:\/\/arpitex.pt\/#website"},"datePublished":"2023-01-17T17:59:25+00:00","dateModified":"2023-01-18T16:40:25+00:00","breadcrumb":{"@id":"https:\/\/arpitex.pt\/project-sheet-productive-innovation\/#breadcrumb"},"inLanguage":"pt-PT","potentialAction":[{"@type":"ReadAction","target":["https:\/\/arpitex.pt\/project-sheet-productive-innovation\/"]}]},{"@type":"BreadcrumbList","@id":"https:\/\/arpitex.pt\/project-sheet-productive-innovation\/#breadcrumb","itemListElement":[{"@type":"ListItem","position":1,"name":"Home","item":"https:\/\/arpitex.pt\/pt-pt\/"},{"@type":"ListItem","position":2,"name":"Ficha de projeto Inova\u00e7\u00e3o Produtiva"}]},{"@type":"WebSite","@id":"https:\/\/arpitex.pt\/#website","url":"https:\/\/arpitex.pt\/","name":"Arpitex","description":"Com\u00e9rcio e Ind\u00fastria de Confec\u00e7\u00f5es, Lda.","publisher":{"@id":"https:\/\/arpitex.pt\/#organization"},"potentialAction":[{"@type":"SearchAction","target":{"@type":"EntryPoint","urlTemplate":"https:\/\/arpitex.pt\/?s={search_term_string}"},"query-input":{"@type":"PropertyValueSpecification","valueRequired":true,"valueName":"search_term_string"}}],"inLanguage":"pt-PT"},{"@type":"Organization","@id":"https:\/\/arpitex.pt\/#organization","name":"ARPITEX - Com\u00e9rcio e Ind\u00fastria de Confec\u00e7\u00f5es, Lda.","url":"https:\/\/arpitex.pt\/","logo":{"@type":"ImageObject","inLanguage":"pt-PT","@id":"https:\/\/arpitex.pt\/#\/schema\/logo\/image\/","url":"https:\/\/arpitex.pt\/wp-content\/uploads\/2018\/12\/transferir.png","contentUrl":"https:\/\/arpitex.pt\/wp-content\/uploads\/2018\/12\/transferir.png","width":300,"height":100,"caption":"ARPITEX - Com\u00e9rcio e Ind\u00fastria de Confec\u00e7\u00f5es, Lda."},"image":{"@id":"https:\/\/arpitex.pt\/#\/schema\/logo\/image\/"},"sameAs":["https:\/\/www.facebook.com\/arpitex\/"]}]}},"_links":{"self":[{"href":"https:\/\/arpitex.pt\/pt-pt\/wp-json\/wp\/v2\/pages\/670","targetHints":{"allow":["GET"]}}],"collection":[{"href":"https:\/\/arpitex.pt\/pt-pt\/wp-json\/wp\/v2\/pages"}],"about":[{"href":"https:\/\/arpitex.pt\/pt-pt\/wp-json\/wp\/v2\/types\/page"}],"author":[{"embeddable":true,"href":"https:\/\/arpitex.pt\/pt-pt\/wp-json\/wp\/v2\/users\/1"}],"replies":[{"embeddable":true,"href":"https:\/\/arpitex.pt\/pt-pt\/wp-json\/wp\/v2\/comments?post=670"}],"version-history":[{"count":9,"href":"https:\/\/arpitex.pt\/pt-pt\/wp-json\/wp\/v2\/pages\/670\/revisions"}],"predecessor-version":[{"id":704,"href":"https:\/\/arpitex.pt\/pt-pt\/wp-json\/wp\/v2\/pages\/670\/revisions\/704"}],"wp:attachment":[{"href":"https:\/\/arpitex.pt\/pt-pt\/wp-json\/wp\/v2\/media?parent=670"}],"curies":[{"name":"wp","href":"https:\/\/api.w.org\/{rel}","templated":true}]}}