{"id":717,"date":"2023-05-30T09:35:06","date_gmt":"2023-05-30T09:35:06","guid":{"rendered":"http:\/\/arpitex.pt\/?page_id=717"},"modified":"2023-05-30T09:43:52","modified_gmt":"2023-05-30T09:43:52","slug":"technologie-et-durabilite","status":"publish","type":"page","link":"https:\/\/arpitex.pt\/fr\/technologie-et-durabilite\/","title":{"rendered":"TECHNOLOGIE ET DURABILIT\u00c9"},"content":{"rendered":"<p>[vc_row][vc_column][vc_column_text]<\/p>\n<p><strong><span style=\"font-family: 'Cooper Black', Times, serif;\">Arpitex<\/span><\/strong> a encourag\u00e9 les investissements cons\u00e9cutifs pertinents pour la modernisation de sa capacit\u00e9 technologique et la durabilit\u00e9 des processus de production de son unit\u00e9 de fabrication, en mettant l&rsquo;accent sur les investissements r\u00e9alis\u00e9s \u00e0 partir de 2015, dans l&rsquo;automatisation compl\u00e8te et int\u00e9gr\u00e9e de sa zone de mod\u00e9lisation, ainsi que dans l&rsquo;efficacit\u00e9 \u00e9nerg\u00e9tique, avec une forte r\u00e9duction des \u00e9missions de CO2 sous-jacentes.<\/p>\n<p>Avec le soutien de <strong>l&rsquo;IAPMEI<\/strong>, par le biais du syst\u00e8me d&rsquo;incitation \u00e0 l&rsquo;innovation des entreprises (<strong>Projet n\u00ba 14723<\/strong> \u2013 <a href=\"http:\/\/arpitex.pt\/fr\/fiche-de-projet-innovation\/\"><u>voir le formulaire<\/u><\/a> <strong>du projet d&rsquo;innovation<\/strong>) nous avons encourag\u00e9 l&rsquo;introduction d&rsquo;\u00e9quipements technologiquement avanc\u00e9s, en particulier la machine de d\u00e9coupe automatique GERBER PARAGON VX22; La station de marquage automatique Accunest MC et la station de mod\u00e9lisme Accumark PDS, qui nous ont permis de gagner en productivit\u00e9, en efficacit\u00e9 et en fiabilit\u00e9 dans les activit\u00e9s de mod\u00e9lisme et de coupe, n\u00e9cessaires et critiques pour la production d&rsquo;articles de qualit\u00e9 dans les tricots plus sensibles et\/ou techniques. Nous avons \u00e9galement remplac\u00e9 100 % de l&rsquo;\u00e9clairage de l&rsquo;unit\u00e9 par de l&rsquo;\u00e9clairage LEAD, avec des \u00e9conomies d&rsquo;\u00e9nergie (efficacit\u00e9) d&rsquo;environ 70 %, am\u00e9liorant ainsi fortement notre engagement en mati\u00e8re de responsabilit\u00e9 et de durabilit\u00e9.<\/p>\n<p>En 2022, nous poursuivrons des investissements encore plus pertinents dans ces domaines, \u00e9galement soutenus par <strong>l&rsquo;IAPMEI<\/strong>, \u00e0 travers <strong>PT2020<\/strong> (<strong>Projet NORTE-02-0853-FEDER-180644<\/strong> \u2013 <a href=\"http:\/\/arpitex.pt\/fr\/fiche-de-projet-innovation-productive\/\"><u>voir le formulaire<\/u><\/a> <strong>du projet d&rsquo;innovation productive<\/strong>) et la conclusion de ce projet est proche. Une nouvelle machine de d\u00e9coupe automatis\u00e9e, compl\u00e9mentaire \u00e0 celle existante, est enti\u00e8rement achev\u00e9e et en activit\u00e9, pour la production continue d&rsquo;\u00e9chantillons et de petites s\u00e9ries, avec une grande pr\u00e9cision et une grande capacit\u00e9 \u00e0 \u00e9liminer le gaspillage de MP, ainsi qu&rsquo;\u00e0 permettre un contr\u00f4le beaucoup plus important des d\u00e9fauts, facteurs critiques dans la production pour le segment du luxe. Le syst\u00e8me de production d&rsquo;\u00e9nergie \u00e9lectrique photovolta\u00efque est \u00e9galement actif, avec une puissance de 50 Kw, ce qui, \u00e0 la fin du premier mois, pr\u00e9sente un record de production qui a fourni une autoconsommation de 50% de l&rsquo;\u00e9nergie \u00e9lectrique consomm\u00e9e, en consid\u00e9rant d\u00e9j\u00e0 le remplacement de l&rsquo;ancienne chaudi\u00e8re \u00e0 combustible par une nouvelle chaudi\u00e8re \u00e9lectrique, ce qui est extr\u00eamement significatif dans la r\u00e9duction des \u00e9missions carboniques tout au long du processus de production. Malgr\u00e9 cela, nous avons l&rsquo;intention de faire de nouveaux investissements dans ce domaine, afin d&rsquo;atteindre la neutralit\u00e9 carbone &#8211; z\u00e9ro impact environnemental &#8211; dans le processus de production de l&rsquo;unit\u00e9.<\/p>\n<p>[\/vc_column_text][vc_empty_space height=\u00a0\u00bb25px\u00a0\u00bb][vc_row_inner css=\u00a0\u00bb.vc_custom_1611049529208{margin-top: 50px !important;}\u00a0\u00bb][vc_column_inner width=\u00a0\u00bb1\/2&Prime;][vc_single_image image=\u00a0\u00bb721&Prime; img_size=\u00a0\u00bblarge\u00a0\u00bb][\/vc_column_inner][vc_column_inner width=\u00a0\u00bb1\/2&Prime;][vc_single_image image=\u00a0\u00bb720&Prime; img_size=\u00a0\u00bblarge\u00a0\u00bb][\/vc_column_inner][\/vc_row_inner][vc_row_inner css=\u00a0\u00bb.vc_custom_1611049529208{margin-top: 50px !important;}\u00a0\u00bb][vc_column_inner width=\u00a0\u00bb1\/2&Prime;][vc_single_image image=\u00a0\u00bb719&Prime; img_size=\u00a0\u00bblarge\u00a0\u00bb][\/vc_column_inner][vc_column_inner width=\u00a0\u00bb1\/2&Prime;][vc_single_image image=\u00a0\u00bb718&Prime; img_size=\u00a0\u00bblarge\u00a0\u00bb][\/vc_column_inner][\/vc_row_inner][\/vc_column][\/vc_row]<\/p>\n","protected":false},"excerpt":{"rendered":"<p>[vc_row][vc_column][vc_column_text] Arpitex a encourag\u00e9 les investissements cons\u00e9cutifs pertinents pour la modernisation de sa capacit\u00e9 technologique et la durabilit\u00e9 des processus &#8230;<\/p>\n","protected":false},"author":1,"featured_media":0,"parent":0,"menu_order":0,"comment_status":"closed","ping_status":"closed","template":"","meta":{"_monsterinsights_skip_tracking":false,"_monsterinsights_sitenote_active":false,"_monsterinsights_sitenote_note":"","_monsterinsights_sitenote_category":0,"footnotes":""},"class_list":["post-717","page","type-page","status-publish","hentry"],"yoast_head":"<!-- This site is optimized with the Yoast SEO plugin v24.7 - https:\/\/yoast.com\/wordpress\/plugins\/seo\/ -->\n<title>TECHNOLOGIE ET DURABILIT\u00c9 - Arpitex<\/title>\n<meta name=\"description\" content=\"Arpitex a encourag\u00e9 les investissements cons\u00e9cutifs pertinents pour la modernisation de sa capacit\u00e9 technologique et la durabilit\u00e9 des processus de production de son unit\u00e9 de fabrication\" \/>\n<meta name=\"robots\" content=\"index, follow, max-snippet:-1, max-image-preview:large, max-video-preview:-1\" \/>\n<link rel=\"canonical\" href=\"https:\/\/arpitex.pt\/technology-sustainability\/\" \/>\n<meta property=\"og:locale\" content=\"fr_FR\" \/>\n<meta property=\"og:type\" content=\"article\" \/>\n<meta property=\"og:title\" content=\"TECHNOLOGIE ET DURABILIT\u00c9 - Arpitex\" \/>\n<meta property=\"og:description\" content=\"Arpitex a encourag\u00e9 les investissements cons\u00e9cutifs pertinents pour la modernisation de sa capacit\u00e9 technologique et la durabilit\u00e9 des processus de production de son unit\u00e9 de fabrication\" \/>\n<meta property=\"og:url\" content=\"https:\/\/arpitex.pt\/technology-sustainability\/\" \/>\n<meta property=\"og:site_name\" content=\"Arpitex\" \/>\n<meta property=\"article:publisher\" content=\"https:\/\/www.facebook.com\/arpitex\/\" \/>\n<meta property=\"article:modified_time\" content=\"2023-05-30T09:43:52+00:00\" \/>\n<meta name=\"twitter:card\" content=\"summary_large_image\" \/>\n<meta name=\"twitter:label1\" content=\"Dur\u00e9e de lecture estim\u00e9e\" \/>\n\t<meta name=\"twitter:data1\" content=\"3 minutes\" \/>\n<script type=\"application\/ld+json\" class=\"yoast-schema-graph\">{\"@context\":\"https:\/\/schema.org\",\"@graph\":[{\"@type\":\"WebPage\",\"@id\":\"https:\/\/arpitex.pt\/technology-sustainability\/\",\"url\":\"https:\/\/arpitex.pt\/technology-sustainability\/\",\"name\":\"TECHNOLOGIE ET DURABILIT\u00c9 - Arpitex\",\"isPartOf\":{\"@id\":\"https:\/\/arpitex.pt\/#website\"},\"datePublished\":\"2023-05-30T09:35:06+00:00\",\"dateModified\":\"2023-05-30T09:43:52+00:00\",\"description\":\"Arpitex a encourag\u00e9 les investissements cons\u00e9cutifs pertinents pour la modernisation de sa capacit\u00e9 technologique et la durabilit\u00e9 des processus de production de son unit\u00e9 de fabrication\",\"breadcrumb\":{\"@id\":\"https:\/\/arpitex.pt\/technology-sustainability\/#breadcrumb\"},\"inLanguage\":\"fr-FR\",\"potentialAction\":[{\"@type\":\"ReadAction\",\"target\":[\"https:\/\/arpitex.pt\/technology-sustainability\/\"]}]},{\"@type\":\"BreadcrumbList\",\"@id\":\"https:\/\/arpitex.pt\/technology-sustainability\/#breadcrumb\",\"itemListElement\":[{\"@type\":\"ListItem\",\"position\":1,\"name\":\"Home\",\"item\":\"https:\/\/arpitex.pt\/fr\/\"},{\"@type\":\"ListItem\",\"position\":2,\"name\":\"TECHNOLOGIE ET DURABILIT\u00c9\"}]},{\"@type\":\"WebSite\",\"@id\":\"https:\/\/arpitex.pt\/#website\",\"url\":\"https:\/\/arpitex.pt\/\",\"name\":\"Arpitex\",\"description\":\"Com\u00e9rcio e Ind\u00fastria de Confec\u00e7\u00f5es, Lda.\",\"publisher\":{\"@id\":\"https:\/\/arpitex.pt\/#organization\"},\"potentialAction\":[{\"@type\":\"SearchAction\",\"target\":{\"@type\":\"EntryPoint\",\"urlTemplate\":\"https:\/\/arpitex.pt\/?s={search_term_string}\"},\"query-input\":{\"@type\":\"PropertyValueSpecification\",\"valueRequired\":true,\"valueName\":\"search_term_string\"}}],\"inLanguage\":\"fr-FR\"},{\"@type\":\"Organization\",\"@id\":\"https:\/\/arpitex.pt\/#organization\",\"name\":\"ARPITEX - Com\u00e9rcio e Ind\u00fastria de Confec\u00e7\u00f5es, Lda.\",\"url\":\"https:\/\/arpitex.pt\/\",\"logo\":{\"@type\":\"ImageObject\",\"inLanguage\":\"fr-FR\",\"@id\":\"https:\/\/arpitex.pt\/#\/schema\/logo\/image\/\",\"url\":\"https:\/\/arpitex.pt\/wp-content\/uploads\/2018\/12\/transferir.png\",\"contentUrl\":\"https:\/\/arpitex.pt\/wp-content\/uploads\/2018\/12\/transferir.png\",\"width\":300,\"height\":100,\"caption\":\"ARPITEX - Com\u00e9rcio e Ind\u00fastria de Confec\u00e7\u00f5es, Lda.\"},\"image\":{\"@id\":\"https:\/\/arpitex.pt\/#\/schema\/logo\/image\/\"},\"sameAs\":[\"https:\/\/www.facebook.com\/arpitex\/\"]}]}<\/script>\n<!-- \/ Yoast SEO plugin. -->","yoast_head_json":{"title":"TECHNOLOGIE ET DURABILIT\u00c9 - Arpitex","description":"Arpitex a encourag\u00e9 les investissements cons\u00e9cutifs pertinents pour la modernisation de sa capacit\u00e9 technologique et la durabilit\u00e9 des processus de production de son unit\u00e9 de fabrication","robots":{"index":"index","follow":"follow","max-snippet":"max-snippet:-1","max-image-preview":"max-image-preview:large","max-video-preview":"max-video-preview:-1"},"canonical":"https:\/\/arpitex.pt\/technology-sustainability\/","og_locale":"fr_FR","og_type":"article","og_title":"TECHNOLOGIE ET DURABILIT\u00c9 - Arpitex","og_description":"Arpitex a encourag\u00e9 les investissements cons\u00e9cutifs pertinents pour la modernisation de sa capacit\u00e9 technologique et la durabilit\u00e9 des processus de production de son unit\u00e9 de fabrication","og_url":"https:\/\/arpitex.pt\/technology-sustainability\/","og_site_name":"Arpitex","article_publisher":"https:\/\/www.facebook.com\/arpitex\/","article_modified_time":"2023-05-30T09:43:52+00:00","twitter_card":"summary_large_image","twitter_misc":{"Dur\u00e9e de lecture estim\u00e9e":"3 minutes"},"schema":{"@context":"https:\/\/schema.org","@graph":[{"@type":"WebPage","@id":"https:\/\/arpitex.pt\/technology-sustainability\/","url":"https:\/\/arpitex.pt\/technology-sustainability\/","name":"TECHNOLOGIE ET DURABILIT\u00c9 - Arpitex","isPartOf":{"@id":"https:\/\/arpitex.pt\/#website"},"datePublished":"2023-05-30T09:35:06+00:00","dateModified":"2023-05-30T09:43:52+00:00","description":"Arpitex a encourag\u00e9 les investissements cons\u00e9cutifs pertinents pour la modernisation de sa capacit\u00e9 technologique et la durabilit\u00e9 des processus de production de son unit\u00e9 de fabrication","breadcrumb":{"@id":"https:\/\/arpitex.pt\/technology-sustainability\/#breadcrumb"},"inLanguage":"fr-FR","potentialAction":[{"@type":"ReadAction","target":["https:\/\/arpitex.pt\/technology-sustainability\/"]}]},{"@type":"BreadcrumbList","@id":"https:\/\/arpitex.pt\/technology-sustainability\/#breadcrumb","itemListElement":[{"@type":"ListItem","position":1,"name":"Home","item":"https:\/\/arpitex.pt\/fr\/"},{"@type":"ListItem","position":2,"name":"TECHNOLOGIE ET DURABILIT\u00c9"}]},{"@type":"WebSite","@id":"https:\/\/arpitex.pt\/#website","url":"https:\/\/arpitex.pt\/","name":"Arpitex","description":"Com\u00e9rcio e Ind\u00fastria de Confec\u00e7\u00f5es, Lda.","publisher":{"@id":"https:\/\/arpitex.pt\/#organization"},"potentialAction":[{"@type":"SearchAction","target":{"@type":"EntryPoint","urlTemplate":"https:\/\/arpitex.pt\/?s={search_term_string}"},"query-input":{"@type":"PropertyValueSpecification","valueRequired":true,"valueName":"search_term_string"}}],"inLanguage":"fr-FR"},{"@type":"Organization","@id":"https:\/\/arpitex.pt\/#organization","name":"ARPITEX - Com\u00e9rcio e Ind\u00fastria de Confec\u00e7\u00f5es, Lda.","url":"https:\/\/arpitex.pt\/","logo":{"@type":"ImageObject","inLanguage":"fr-FR","@id":"https:\/\/arpitex.pt\/#\/schema\/logo\/image\/","url":"https:\/\/arpitex.pt\/wp-content\/uploads\/2018\/12\/transferir.png","contentUrl":"https:\/\/arpitex.pt\/wp-content\/uploads\/2018\/12\/transferir.png","width":300,"height":100,"caption":"ARPITEX - Com\u00e9rcio e Ind\u00fastria de Confec\u00e7\u00f5es, Lda."},"image":{"@id":"https:\/\/arpitex.pt\/#\/schema\/logo\/image\/"},"sameAs":["https:\/\/www.facebook.com\/arpitex\/"]}]}},"_links":{"self":[{"href":"https:\/\/arpitex.pt\/fr\/wp-json\/wp\/v2\/pages\/717","targetHints":{"allow":["GET"]}}],"collection":[{"href":"https:\/\/arpitex.pt\/fr\/wp-json\/wp\/v2\/pages"}],"about":[{"href":"https:\/\/arpitex.pt\/fr\/wp-json\/wp\/v2\/types\/page"}],"author":[{"embeddable":true,"href":"https:\/\/arpitex.pt\/fr\/wp-json\/wp\/v2\/users\/1"}],"replies":[{"embeddable":true,"href":"https:\/\/arpitex.pt\/fr\/wp-json\/wp\/v2\/comments?post=717"}],"version-history":[{"count":4,"href":"https:\/\/arpitex.pt\/fr\/wp-json\/wp\/v2\/pages\/717\/revisions"}],"predecessor-version":[{"id":748,"href":"https:\/\/arpitex.pt\/fr\/wp-json\/wp\/v2\/pages\/717\/revisions\/748"}],"wp:attachment":[{"href":"https:\/\/arpitex.pt\/fr\/wp-json\/wp\/v2\/media?parent=717"}],"curies":[{"name":"wp","href":"https:\/\/api.w.org\/{rel}","templated":true}]}}