{"id":586,"date":"2018-02-20T19:14:19","date_gmt":"2018-02-20T19:14:19","guid":{"rendered":"http:\/\/bussola.pt\/arpitex\/project-sheet-inovation\/"},"modified":"2019-03-28T10:42:48","modified_gmt":"2019-03-28T10:42:48","slug":"fiche-de-projet-innovation","status":"publish","type":"page","link":"https:\/\/arpitex.pt\/fr\/fiche-de-projet-innovation\/","title":{"rendered":"Fiche de projet Innovation"},"content":{"rendered":"<p>[vc_row][vc_column][vc_single_image image=\u00a0\u00bb308&Prime; img_size=\u00a0\u00bbfull\u00a0\u00bb][vc_empty_space height=\u00a0\u00bb50px\u00a0\u00bb][vc_column_text]<strong>Nom du projet: <\/strong> Arpitex: cr\u00e9ativit\u00e9 et innovation au service de l&rsquo;internationalisation<br \/>\n<strong>Code du projet:<\/strong> NORTE-02-0853-FEDER-014723 NORTE-06-3560-FSE-014723<\/p>\n<p><strong>Objectif principal:<\/strong> OT 3 &#8211; Renforcer la comp\u00e9titivit\u00e9 des PME<br \/>\n<strong>R\u00e9gion d&rsquo;intervention: <\/strong>Nord<br \/>\n<strong>Entit\u00e9 b\u00e9n\u00e9ficiaire:<\/strong> ARPITEX &#8211; COM\u00c9RCIO E IND\u00daSTRIA DE CONFEC\u00c7\u00d5ES LDA<\/p>\n<p><strong>Date d&rsquo;approbation:<\/strong> 2016-04-14<br \/>\n<strong>Date de d\u00e9but:<\/strong> 10\/1\/2015<br \/>\n<strong>Date de conclusion:<\/strong> 09-30-2017<br \/>\n<strong>Co\u00fbt total \u00e9ligible:<\/strong> 210,613.96 Euros<br \/>\n<strong>Soutien financier de l&rsquo;Union europ\u00e9enne:<\/strong> FEDER: 116,969.33 Euros FSE: 9,399.04 Euros<\/p>\n<p><strong>Objectifs, activit\u00e9s et r\u00e9sultats attendus \/ obtenus:<\/strong><br \/>\nAvec le pr\u00e9sent projet, le b\u00e9n\u00e9ficiaire vise \u00e0 mettre en \u0153uvre un nouveau processus de production permettant la cr\u00e9ation d&rsquo;une nouvelle gamme de produits &#8211; articles techniques de sport \/ fitness, \u00e0 plus forte valeur ajout\u00e9e, avec des caract\u00e9ristiques utiles et diff\u00e9renciantes telles que r\u00e9sistance, imperm\u00e9abilit\u00e9, respirabilit\u00e9 et confort. En plus des v\u00eatements de sport de niveau professionnel, le b\u00e9n\u00e9ficiaire a \u00e9galement l&rsquo;intention de proposer une gamme de produits compl\u00e9mentaires et de v\u00eatements de sport d\u00e9contract\u00e9s.<\/p>\n<p><strong>Ses principaux objectifs sont:<\/strong><br \/>\n&#8211; Etre l&rsquo;une des entreprises de r\u00e9f\u00e9rence dans la r\u00e9gion;<br \/>\n&#8211; \u00catre une entreprise connue et respect\u00e9e sur les march\u00e9s o\u00f9 elle op\u00e8re;<br \/>\n&#8211; Favoriser des relations de confiance \/ travail avec les clients et les fournisseurs;<br \/>\n&#8211; Fournit une large gamme de produits de qualit\u00e9;<br \/>\n&#8211; Fournir les services au client avec le plein respect des d\u00e9lais;<br \/>\n&#8211; Investir dans l&rsquo;investissement permanent en \u00e9quipements et mat\u00e9riaux pour r\u00e9pondre aux d\u00e9fis de la croissance et aux exigences du march\u00e9;<br \/>\n&#8211; Avoir une \u00e9quipe dynamique, professionnelle et comp\u00e9tente;<br \/>\n&#8211; Parier sur une croissance soutenue et renforcer sa position sur les march\u00e9s actuels et la conqu\u00eate de nouveaux march\u00e9s.<\/p>\n<p><strong>Indicateurs<\/strong><br \/>\na) les travailleurs qui se consid\u00e8rent le plus aptes \u00e0 l&rsquo;innovation et \u00e0 la gestion apr\u00e8s la fr\u00e9quence de la formation: Enqu\u00eate aupr\u00e8s des stagiaires apr\u00e8s l&rsquo;ach\u00e8vement des actions de formation;<br \/>\nb) Indicateur I1 &#8211; Valeur ajout\u00e9e brute &#8211; VAB (valeurs apr\u00e8s projet): 1 010 601,52 euros;<br \/>\nc) Indicateur I2 &#8211; Cr\u00e9ation d&#8217;emplois qualifi\u00e9s &#8211; CEQ (valeurs post-projet): 3 emploi;<br \/>\nd) Indicateur I3 &#8211; Chiffre d&rsquo;affaires &#8211; VN (valeurs post-projet): 4 851 722,35 euros.[\/vc_column_text][\/vc_column][\/vc_row]<\/p>\n","protected":false},"excerpt":{"rendered":"<p>[vc_row][vc_column][vc_single_image image=\u00a0\u00bb308&Prime; img_size=\u00a0\u00bbfull\u00a0\u00bb][vc_empty_space height=\u00a0\u00bb50px\u00a0\u00bb][vc_column_text]Nom du projet: Arpitex: cr\u00e9ativit\u00e9 et innovation au service de l&rsquo;internationalisation Code du projet: NORTE-02-0853-FEDER-014723 NORTE-06-3560-FSE-014723 Objectif &#8230;<\/p>\n","protected":false},"author":1,"featured_media":0,"parent":0,"menu_order":0,"comment_status":"closed","ping_status":"closed","template":"","meta":{"_monsterinsights_skip_tracking":false,"_monsterinsights_sitenote_active":false,"_monsterinsights_sitenote_note":"","_monsterinsights_sitenote_category":0,"footnotes":""},"class_list":["post-586","page","type-page","status-publish","hentry"],"yoast_head":"<!-- This site is optimized with the Yoast SEO plugin v24.7 - https:\/\/yoast.com\/wordpress\/plugins\/seo\/ -->\n<title>Fiche de projet Innovation - Arpitex<\/title>\n<meta name=\"robots\" content=\"index, follow, max-snippet:-1, max-image-preview:large, max-video-preview:-1\" \/>\n<link rel=\"canonical\" href=\"https:\/\/arpitex.pt\/project-sheet-inovation\/\" \/>\n<meta property=\"og:locale\" content=\"fr_FR\" \/>\n<meta property=\"og:type\" content=\"article\" \/>\n<meta property=\"og:title\" content=\"Fiche de projet Innovation - Arpitex\" \/>\n<meta property=\"og:description\" content=\"[vc_row][vc_column][vc_single_image image=\u00a0\u00bb308&Prime; img_size=\u00a0\u00bbfull\u00a0\u00bb][vc_empty_space height=\u00a0\u00bb50px\u00a0\u00bb][vc_column_text]Nom du projet: Arpitex: cr\u00e9ativit\u00e9 et innovation au service de l&rsquo;internationalisation Code du projet: NORTE-02-0853-FEDER-014723 NORTE-06-3560-FSE-014723 Objectif ...\" \/>\n<meta property=\"og:url\" content=\"https:\/\/arpitex.pt\/project-sheet-inovation\/\" \/>\n<meta property=\"og:site_name\" content=\"Arpitex\" \/>\n<meta property=\"article:publisher\" content=\"https:\/\/www.facebook.com\/arpitex\/\" \/>\n<meta property=\"article:modified_time\" content=\"2019-03-28T10:42:48+00:00\" \/>\n<meta name=\"twitter:card\" content=\"summary_large_image\" \/>\n<meta name=\"twitter:label1\" content=\"Dur\u00e9e de lecture estim\u00e9e\" \/>\n\t<meta name=\"twitter:data1\" content=\"2 minutes\" \/>\n<script type=\"application\/ld+json\" class=\"yoast-schema-graph\">{\"@context\":\"https:\/\/schema.org\",\"@graph\":[{\"@type\":\"WebPage\",\"@id\":\"https:\/\/arpitex.pt\/project-sheet-inovation\/\",\"url\":\"https:\/\/arpitex.pt\/project-sheet-inovation\/\",\"name\":\"Fiche de projet Innovation - Arpitex\",\"isPartOf\":{\"@id\":\"https:\/\/arpitex.pt\/#website\"},\"datePublished\":\"2018-02-20T19:14:19+00:00\",\"dateModified\":\"2019-03-28T10:42:48+00:00\",\"breadcrumb\":{\"@id\":\"https:\/\/arpitex.pt\/project-sheet-inovation\/#breadcrumb\"},\"inLanguage\":\"fr-FR\",\"potentialAction\":[{\"@type\":\"ReadAction\",\"target\":[\"https:\/\/arpitex.pt\/project-sheet-inovation\/\"]}]},{\"@type\":\"BreadcrumbList\",\"@id\":\"https:\/\/arpitex.pt\/project-sheet-inovation\/#breadcrumb\",\"itemListElement\":[{\"@type\":\"ListItem\",\"position\":1,\"name\":\"Home\",\"item\":\"https:\/\/arpitex.pt\/fr\/\"},{\"@type\":\"ListItem\",\"position\":2,\"name\":\"Fiche de projet Innovation\"}]},{\"@type\":\"WebSite\",\"@id\":\"https:\/\/arpitex.pt\/#website\",\"url\":\"https:\/\/arpitex.pt\/\",\"name\":\"Arpitex\",\"description\":\"Com\u00e9rcio e Ind\u00fastria de Confec\u00e7\u00f5es, Lda.\",\"publisher\":{\"@id\":\"https:\/\/arpitex.pt\/#organization\"},\"potentialAction\":[{\"@type\":\"SearchAction\",\"target\":{\"@type\":\"EntryPoint\",\"urlTemplate\":\"https:\/\/arpitex.pt\/?s={search_term_string}\"},\"query-input\":{\"@type\":\"PropertyValueSpecification\",\"valueRequired\":true,\"valueName\":\"search_term_string\"}}],\"inLanguage\":\"fr-FR\"},{\"@type\":\"Organization\",\"@id\":\"https:\/\/arpitex.pt\/#organization\",\"name\":\"ARPITEX - Com\u00e9rcio e Ind\u00fastria de Confec\u00e7\u00f5es, Lda.\",\"url\":\"https:\/\/arpitex.pt\/\",\"logo\":{\"@type\":\"ImageObject\",\"inLanguage\":\"fr-FR\",\"@id\":\"https:\/\/arpitex.pt\/#\/schema\/logo\/image\/\",\"url\":\"https:\/\/arpitex.pt\/wp-content\/uploads\/2018\/12\/transferir.png\",\"contentUrl\":\"https:\/\/arpitex.pt\/wp-content\/uploads\/2018\/12\/transferir.png\",\"width\":300,\"height\":100,\"caption\":\"ARPITEX - Com\u00e9rcio e Ind\u00fastria de Confec\u00e7\u00f5es, Lda.\"},\"image\":{\"@id\":\"https:\/\/arpitex.pt\/#\/schema\/logo\/image\/\"},\"sameAs\":[\"https:\/\/www.facebook.com\/arpitex\/\"]}]}<\/script>\n<!-- \/ Yoast SEO plugin. -->","yoast_head_json":{"title":"Fiche de projet Innovation - Arpitex","robots":{"index":"index","follow":"follow","max-snippet":"max-snippet:-1","max-image-preview":"max-image-preview:large","max-video-preview":"max-video-preview:-1"},"canonical":"https:\/\/arpitex.pt\/project-sheet-inovation\/","og_locale":"fr_FR","og_type":"article","og_title":"Fiche de projet Innovation - Arpitex","og_description":"[vc_row][vc_column][vc_single_image image=\u00a0\u00bb308&Prime; img_size=\u00a0\u00bbfull\u00a0\u00bb][vc_empty_space height=\u00a0\u00bb50px\u00a0\u00bb][vc_column_text]Nom du projet: Arpitex: cr\u00e9ativit\u00e9 et innovation au service de l&rsquo;internationalisation Code du projet: NORTE-02-0853-FEDER-014723 NORTE-06-3560-FSE-014723 Objectif ...","og_url":"https:\/\/arpitex.pt\/project-sheet-inovation\/","og_site_name":"Arpitex","article_publisher":"https:\/\/www.facebook.com\/arpitex\/","article_modified_time":"2019-03-28T10:42:48+00:00","twitter_card":"summary_large_image","twitter_misc":{"Dur\u00e9e de lecture estim\u00e9e":"2 minutes"},"schema":{"@context":"https:\/\/schema.org","@graph":[{"@type":"WebPage","@id":"https:\/\/arpitex.pt\/project-sheet-inovation\/","url":"https:\/\/arpitex.pt\/project-sheet-inovation\/","name":"Fiche de projet Innovation - Arpitex","isPartOf":{"@id":"https:\/\/arpitex.pt\/#website"},"datePublished":"2018-02-20T19:14:19+00:00","dateModified":"2019-03-28T10:42:48+00:00","breadcrumb":{"@id":"https:\/\/arpitex.pt\/project-sheet-inovation\/#breadcrumb"},"inLanguage":"fr-FR","potentialAction":[{"@type":"ReadAction","target":["https:\/\/arpitex.pt\/project-sheet-inovation\/"]}]},{"@type":"BreadcrumbList","@id":"https:\/\/arpitex.pt\/project-sheet-inovation\/#breadcrumb","itemListElement":[{"@type":"ListItem","position":1,"name":"Home","item":"https:\/\/arpitex.pt\/fr\/"},{"@type":"ListItem","position":2,"name":"Fiche de projet Innovation"}]},{"@type":"WebSite","@id":"https:\/\/arpitex.pt\/#website","url":"https:\/\/arpitex.pt\/","name":"Arpitex","description":"Com\u00e9rcio e Ind\u00fastria de Confec\u00e7\u00f5es, Lda.","publisher":{"@id":"https:\/\/arpitex.pt\/#organization"},"potentialAction":[{"@type":"SearchAction","target":{"@type":"EntryPoint","urlTemplate":"https:\/\/arpitex.pt\/?s={search_term_string}"},"query-input":{"@type":"PropertyValueSpecification","valueRequired":true,"valueName":"search_term_string"}}],"inLanguage":"fr-FR"},{"@type":"Organization","@id":"https:\/\/arpitex.pt\/#organization","name":"ARPITEX - Com\u00e9rcio e Ind\u00fastria de Confec\u00e7\u00f5es, Lda.","url":"https:\/\/arpitex.pt\/","logo":{"@type":"ImageObject","inLanguage":"fr-FR","@id":"https:\/\/arpitex.pt\/#\/schema\/logo\/image\/","url":"https:\/\/arpitex.pt\/wp-content\/uploads\/2018\/12\/transferir.png","contentUrl":"https:\/\/arpitex.pt\/wp-content\/uploads\/2018\/12\/transferir.png","width":300,"height":100,"caption":"ARPITEX - Com\u00e9rcio e Ind\u00fastria de Confec\u00e7\u00f5es, Lda."},"image":{"@id":"https:\/\/arpitex.pt\/#\/schema\/logo\/image\/"},"sameAs":["https:\/\/www.facebook.com\/arpitex\/"]}]}},"_links":{"self":[{"href":"https:\/\/arpitex.pt\/fr\/wp-json\/wp\/v2\/pages\/586","targetHints":{"allow":["GET"]}}],"collection":[{"href":"https:\/\/arpitex.pt\/fr\/wp-json\/wp\/v2\/pages"}],"about":[{"href":"https:\/\/arpitex.pt\/fr\/wp-json\/wp\/v2\/types\/page"}],"author":[{"embeddable":true,"href":"https:\/\/arpitex.pt\/fr\/wp-json\/wp\/v2\/users\/1"}],"replies":[{"embeddable":true,"href":"https:\/\/arpitex.pt\/fr\/wp-json\/wp\/v2\/comments?post=586"}],"version-history":[{"count":3,"href":"https:\/\/arpitex.pt\/fr\/wp-json\/wp\/v2\/pages\/586\/revisions"}],"predecessor-version":[{"id":589,"href":"https:\/\/arpitex.pt\/fr\/wp-json\/wp\/v2\/pages\/586\/revisions\/589"}],"wp:attachment":[{"href":"https:\/\/arpitex.pt\/fr\/wp-json\/wp\/v2\/media?parent=586"}],"curies":[{"name":"wp","href":"https:\/\/api.w.org\/{rel}","templated":true}]}}