{"id":543,"date":"2015-09-11T02:18:36","date_gmt":"2015-09-11T02:18:36","guid":{"rendered":"http:\/\/bussola.pt\/arpitex\/servicos\/"},"modified":"2019-03-28T10:38:28","modified_gmt":"2019-03-28T10:38:28","slug":"services","status":"publish","type":"page","link":"https:\/\/arpitex.pt\/fr\/services\/","title":{"rendered":"Services"},"content":{"rendered":"<p>[vc_row][vc_column][title title=\u00a0\u00bbSERVICES\u00a0\u00bb sub_title=\u00a0\u00bb\u00a0\u00bb][vc_column_text]Nous produisons en\u00a0\u00abprivate label\u00bb.<br \/>\nL&rsquo;investissement syst\u00e9matique dans la conception et la technologie est dans \u00abl&rsquo;ADN\u00bb d&rsquo;<span style=\"font-family: 'Cooper Black', Times, serif;\">Arpitex<\/span>.[\/vc_column_text][vc_empty_space height=\u00a0\u00bb50px\u00a0\u00bb][vc_column_text]<\/p>\n<h3>SOURCING<\/h3>\n<p>La polyvalence et la flexibilit\u00e9 op\u00e9rationnelle de notre processus de production nous permettent de nous ajuster en permanence aux nouvelles tendances et \u00e0 la satisfaction de niveaux de sophistication croissants, dans la recherche constante de \u00abnouveaut\u00e9\u00bb.<\/p>\n<p>Nous assurons une large gamme de diff\u00e9rents tissus et mat\u00e9riaux, en multipliant la vari\u00e9t\u00e9 des combinaisons pour permettre tout l&rsquo;espace imaginable (et inimaginable &#8230;) \u00e0 la cr\u00e9ativit\u00e9 de nos clients!<\/p>\n<p>Nous avons combin\u00e9 l&rsquo;exp\u00e9rience de nos sp\u00e9cialistes avec les technologies les plus avanc\u00e9es, en garantissant un savoir-faire technique fiable.<\/p>\n<p>Nous disposons de tous les \u00e9quipements les plus r\u00e9cents pour r\u00e9aliser de la cr\u00e9ation et du d\u00e9veloppement \u00e0 toutes les \u00e9tapes de la production de v\u00eatements, en assurant la rigueur et la qualit\u00e9, y compris l&#8217;emballage et la logistique de l&rsquo;exp\u00e9dition de nos produits.[\/vc_column_text][vc_empty_space height=\u00a0\u00bb50px\u00a0\u00bb][vc_separator style=\u00a0\u00bbdashed\u00a0\u00bb][vc_empty_space height=\u00a0\u00bb50px\u00a0\u00bb][\/vc_column][\/vc_row][vc_row][vc_column][vc_column_text]<\/p>\n<h3>DESIGN<\/h3>\n<p>Notre \u00e9quipe de design fournit une assistance et travaille ensemble avec nos clients dans le processus de d\u00e9veloppement de nouveaux mod\u00e8les, afin d&rsquo;assurer le r\u00e9sultat souhait\u00e9.[\/vc_column_text][vc_empty_space height=\u00a0\u00bb50px\u00a0\u00bb][vc_separator style=\u00a0\u00bbdashed\u00a0\u00bb][vc_empty_space height=\u00a0\u00bb50px\u00a0\u00bb][\/vc_column][\/vc_row][vc_row][vc_column][vc_column_text]<\/p>\n<h3>LAB<\/h3>\n<p>Nous \u00e9valuons la qualit\u00e9 et la conformit\u00e9 des tissus respectant les r\u00e8gles imp\u00e9ratives (REACH, \u00d6kotex &#8230;). Nous effectuons des tests rigoureux sur le contenu des mati\u00e8res premi\u00e8res utilis\u00e9es et assurons leur qualit\u00e9 par l&rsquo;analyse physique et chimique.<\/p>\n<p>Nous r\u00e9alisons une large gamme de tests:<br \/>\n\u00b7 Analyse chimique;<br \/>\n\u00b7 Les caract\u00e9ristiques du textile;<br \/>\n\u00b7 Solidit\u00e9 des couleurs;<br \/>\n\u00b7 Niveau de toxicit\u00e9;<br \/>\n\u00b7 Stabilit\u00e9 dimensionnelle;<br \/>\n\u00b7 R\u00e9sistance physique, etc.[\/vc_column_text][vc_empty_space height=\u00a0\u00bb50px\u00a0\u00bb][vc_separator style=\u00a0\u00bbdashed\u00a0\u00bb][vc_empty_space height=\u00a0\u00bb50px\u00a0\u00bb][\/vc_column][\/vc_row][vc_row][vc_column][vc_column_text]<\/p>\n<h3>CAD\/CAM<\/h3>\n<p>Nous avons une optimisation logicielle avanc\u00e9e de la coupe de tissu, r\u00e9duisant au maximum le gaspillage de mati\u00e8res premi\u00e8res. Notre syst\u00e8me de coupe automatique se compose de deux machines \u00ab\u00a0Gerber\u00a0\u00bb qui permettent la coupe simultan\u00e9e de plusieurs couches de tissu jusqu&rsquo;\u00e0 5 cm d&rsquo;\u00e9paisseur, dans une grande vari\u00e9t\u00e9 de mati\u00e8res textiles.[\/vc_column_text][vc_empty_space height=\u00a0\u00bb50px\u00a0\u00bb][vc_separator style=\u00a0\u00bbdashed\u00a0\u00bb][vc_empty_space height=\u00a0\u00bb50px\u00a0\u00bb][\/vc_column][\/vc_row][vc_row][vc_column][vc_column_text]<\/p>\n<h3>FINISHING<\/h3>\n<p>Nous assurons une r\u00e9ponse rapide et de haute qualit\u00e9 au client, m\u00eame dans les articles les plus d\u00e9licats. Avec tous nos partenaires, nous produisons des produits de haute qualit\u00e9 en utilisant diff\u00e9rentes techniques telles que:[\/vc_column_text][vc_empty_space height=\u00a0\u00bb50px\u00a0\u00bb][vc_row_inner css=\u00a0\u00bb.vc_custom_1519237703103{margin-bottom: 0px !important;padding-bottom: 0px !important;}\u00a0\u00bb][vc_column_inner css=\u00a0\u00bb.vc_custom_1519237682824{margin-bottom: 0px !important;padding-bottom: 0px !important;}\u00a0\u00bb][service title=\u00a0\u00bbIMPRESSION NUM\u00c9RIQUE\u00a0\u00bb desc=\u00a0\u00bbMarquage num\u00e9rique qui vous permet d&rsquo;appliquer tous les effets image et num\u00e9rique avec un niveau maximal de r\u00e9solution et de coh\u00e9rence proche de la perfection au niveau de l&rsquo;image et de l&rsquo;effet, combinant l&rsquo;avantage d&rsquo;une d\u00e9pense minimale de produits chimiques, \u00e9levant le niveau \u00e9cologique du produit final. Cette technologie utilise des \u00e9co-encres \u00e0 base d&rsquo;eau avec le certificat Oeko-Tex.\u00a0\u00bb icon_type=\u00a0\u00bbicon_image\u00a0\u00bb][service title=\u00a0\u00bbSUBLIMATION\u00a0\u00bb desc=\u00a0\u00bbTechnique pour l&rsquo;impression sur fibres textiles (+ 50% polyester), qui a le grand avantage d&rsquo;\u00eatre tr\u00e8s r\u00e9sistante au lavage et de garder les couleurs uniformes et lumineuses, pouvant fournir des contrastes rigides. Cette technique permet \u00e9galement aux tissus sublim\u00e9s une plus grande absorption de la lumi\u00e8re et une r\u00e9duction de la luminosit\u00e9.\u00a0\u00bb icon_type=\u00a0\u00bbicon_image\u00a0\u00bb][service title=\u00a0\u00bbAIRDYE\u00a0\u00bb desc=\u00a0\u00bbLa technologie Airdye est r\u00e9volutionnaire dans l&rsquo;impression et la teinture des tissus car elle ne n\u00e9cessite pas l&rsquo;utilisation d&rsquo;eau. Les colorants brevet\u00e9s sont transf\u00e9r\u00e9s aux tissus par un processus de chauffage, sans l&rsquo;utilisation de solvants ou l&rsquo;\u00e9mission de polluants. C&rsquo;est le processus d&rsquo;impression et de teinture qui est actuellement le plus avanc\u00e9 au niveau de la \u00ab\u00a0peugada \u00e9cologique\u00ab\u00a0. Les colorants et les pigments utilis\u00e9s comme papier usag\u00e9 peuvent \u00eatre enti\u00e8rement recyclables.\u00a0\u00bb icon_type=\u00a0\u00bbicon_image\u00a0\u00bb][service title=\u00a0\u00bbLAVAGES DIVERS:\u00a0\u00bb desc=\u00a0\u00bb\u00b7 Anti-Pilling: lavage enzymatique qui enl\u00e8ve les cheveux et donne un aspect propre et tr\u00e8s doux aux parties.<br \/>\n\u00b7 Devor\u00e9: application d&rsquo;un processus chimique susceptible de produire un effet de corrosion, qui peut \u00eatre appliqu\u00e9 \u00e0 l&rsquo;ensemble de la pi\u00e8ce, ou seulement dans la partie o\u00f9 l&rsquo;effet est pr\u00e9vu.<br \/>\n\u00b7 Fade Out: donne aux pi\u00e8ces un look vieilli (type jeans).\u00a0\u00bb icon_type=\u00a0\u00bbicon_image\u00a0\u00bb][\/vc_column_inner][\/vc_row_inner][\/vc_column][\/vc_row]<\/p>\n","protected":false},"excerpt":{"rendered":"<p>[vc_row][vc_column][title title=\u00a0\u00bbSERVICES\u00a0\u00bb sub_title=\u00a0\u00bb\u00a0\u00bb][vc_column_text]Nous produisons en\u00a0\u00abprivate label\u00bb. L&rsquo;investissement syst\u00e9matique dans la conception et la technologie est dans \u00abl&rsquo;ADN\u00bb d&rsquo;Arpitex.[\/vc_column_text][vc_empty_space height=\u00a0\u00bb50px\u00a0\u00bb][vc_column_text] SOURCING &#8230;<\/p>\n","protected":false},"author":1,"featured_media":0,"parent":0,"menu_order":0,"comment_status":"closed","ping_status":"closed","template":"","meta":{"_monsterinsights_skip_tracking":false,"_monsterinsights_sitenote_active":false,"_monsterinsights_sitenote_note":"","_monsterinsights_sitenote_category":0,"footnotes":""},"class_list":["post-543","page","type-page","status-publish","hentry"],"yoast_head":"<!-- This site is optimized with the Yoast SEO plugin v24.7 - https:\/\/yoast.com\/wordpress\/plugins\/seo\/ -->\n<title>Services - Arpitex<\/title>\n<meta name=\"robots\" content=\"index, follow, max-snippet:-1, max-image-preview:large, max-video-preview:-1\" \/>\n<link rel=\"canonical\" href=\"https:\/\/arpitex.pt\/services\/\" \/>\n<meta property=\"og:locale\" content=\"fr_FR\" \/>\n<meta property=\"og:type\" content=\"article\" \/>\n<meta property=\"og:title\" content=\"Services - Arpitex\" \/>\n<meta property=\"og:description\" content=\"[vc_row][vc_column][title title=\u00a0\u00bbSERVICES\u00a0\u00bb sub_title=\u00a0\u00bb\u00a0\u00bb][vc_column_text]Nous produisons en\u00a0\u00abprivate label\u00bb. L&rsquo;investissement syst\u00e9matique dans la conception et la technologie est dans \u00abl&rsquo;ADN\u00bb d&rsquo;Arpitex.[\/vc_column_text][vc_empty_space height=\u00a0\u00bb50px\u00a0\u00bb][vc_column_text] SOURCING ...\" \/>\n<meta property=\"og:url\" content=\"https:\/\/arpitex.pt\/services\/\" \/>\n<meta property=\"og:site_name\" content=\"Arpitex\" \/>\n<meta property=\"article:publisher\" content=\"https:\/\/www.facebook.com\/arpitex\/\" \/>\n<meta property=\"article:modified_time\" content=\"2019-03-28T10:38:28+00:00\" \/>\n<meta name=\"twitter:card\" content=\"summary_large_image\" \/>\n<meta name=\"twitter:label1\" content=\"Dur\u00e9e de lecture estim\u00e9e\" \/>\n\t<meta name=\"twitter:data1\" content=\"4 minutes\" \/>\n<script type=\"application\/ld+json\" class=\"yoast-schema-graph\">{\"@context\":\"https:\/\/schema.org\",\"@graph\":[{\"@type\":\"WebPage\",\"@id\":\"https:\/\/arpitex.pt\/services\/\",\"url\":\"https:\/\/arpitex.pt\/services\/\",\"name\":\"Services - Arpitex\",\"isPartOf\":{\"@id\":\"https:\/\/arpitex.pt\/#website\"},\"datePublished\":\"2015-09-11T02:18:36+00:00\",\"dateModified\":\"2019-03-28T10:38:28+00:00\",\"breadcrumb\":{\"@id\":\"https:\/\/arpitex.pt\/services\/#breadcrumb\"},\"inLanguage\":\"fr-FR\",\"potentialAction\":[{\"@type\":\"ReadAction\",\"target\":[\"https:\/\/arpitex.pt\/services\/\"]}]},{\"@type\":\"BreadcrumbList\",\"@id\":\"https:\/\/arpitex.pt\/services\/#breadcrumb\",\"itemListElement\":[{\"@type\":\"ListItem\",\"position\":1,\"name\":\"Home\",\"item\":\"https:\/\/arpitex.pt\/fr\/\"},{\"@type\":\"ListItem\",\"position\":2,\"name\":\"Services\"}]},{\"@type\":\"WebSite\",\"@id\":\"https:\/\/arpitex.pt\/#website\",\"url\":\"https:\/\/arpitex.pt\/\",\"name\":\"Arpitex\",\"description\":\"Com\u00e9rcio e Ind\u00fastria de Confec\u00e7\u00f5es, Lda.\",\"publisher\":{\"@id\":\"https:\/\/arpitex.pt\/#organization\"},\"potentialAction\":[{\"@type\":\"SearchAction\",\"target\":{\"@type\":\"EntryPoint\",\"urlTemplate\":\"https:\/\/arpitex.pt\/?s={search_term_string}\"},\"query-input\":{\"@type\":\"PropertyValueSpecification\",\"valueRequired\":true,\"valueName\":\"search_term_string\"}}],\"inLanguage\":\"fr-FR\"},{\"@type\":\"Organization\",\"@id\":\"https:\/\/arpitex.pt\/#organization\",\"name\":\"ARPITEX - Com\u00e9rcio e Ind\u00fastria de Confec\u00e7\u00f5es, Lda.\",\"url\":\"https:\/\/arpitex.pt\/\",\"logo\":{\"@type\":\"ImageObject\",\"inLanguage\":\"fr-FR\",\"@id\":\"https:\/\/arpitex.pt\/#\/schema\/logo\/image\/\",\"url\":\"https:\/\/arpitex.pt\/wp-content\/uploads\/2018\/12\/transferir.png\",\"contentUrl\":\"https:\/\/arpitex.pt\/wp-content\/uploads\/2018\/12\/transferir.png\",\"width\":300,\"height\":100,\"caption\":\"ARPITEX - Com\u00e9rcio e Ind\u00fastria de Confec\u00e7\u00f5es, Lda.\"},\"image\":{\"@id\":\"https:\/\/arpitex.pt\/#\/schema\/logo\/image\/\"},\"sameAs\":[\"https:\/\/www.facebook.com\/arpitex\/\"]}]}<\/script>\n<!-- \/ Yoast SEO plugin. -->","yoast_head_json":{"title":"Services - Arpitex","robots":{"index":"index","follow":"follow","max-snippet":"max-snippet:-1","max-image-preview":"max-image-preview:large","max-video-preview":"max-video-preview:-1"},"canonical":"https:\/\/arpitex.pt\/services\/","og_locale":"fr_FR","og_type":"article","og_title":"Services - Arpitex","og_description":"[vc_row][vc_column][title title=\u00a0\u00bbSERVICES\u00a0\u00bb sub_title=\u00a0\u00bb\u00a0\u00bb][vc_column_text]Nous produisons en\u00a0\u00abprivate label\u00bb. L&rsquo;investissement syst\u00e9matique dans la conception et la technologie est dans \u00abl&rsquo;ADN\u00bb d&rsquo;Arpitex.[\/vc_column_text][vc_empty_space height=\u00a0\u00bb50px\u00a0\u00bb][vc_column_text] SOURCING ...","og_url":"https:\/\/arpitex.pt\/services\/","og_site_name":"Arpitex","article_publisher":"https:\/\/www.facebook.com\/arpitex\/","article_modified_time":"2019-03-28T10:38:28+00:00","twitter_card":"summary_large_image","twitter_misc":{"Dur\u00e9e de lecture estim\u00e9e":"4 minutes"},"schema":{"@context":"https:\/\/schema.org","@graph":[{"@type":"WebPage","@id":"https:\/\/arpitex.pt\/services\/","url":"https:\/\/arpitex.pt\/services\/","name":"Services - Arpitex","isPartOf":{"@id":"https:\/\/arpitex.pt\/#website"},"datePublished":"2015-09-11T02:18:36+00:00","dateModified":"2019-03-28T10:38:28+00:00","breadcrumb":{"@id":"https:\/\/arpitex.pt\/services\/#breadcrumb"},"inLanguage":"fr-FR","potentialAction":[{"@type":"ReadAction","target":["https:\/\/arpitex.pt\/services\/"]}]},{"@type":"BreadcrumbList","@id":"https:\/\/arpitex.pt\/services\/#breadcrumb","itemListElement":[{"@type":"ListItem","position":1,"name":"Home","item":"https:\/\/arpitex.pt\/fr\/"},{"@type":"ListItem","position":2,"name":"Services"}]},{"@type":"WebSite","@id":"https:\/\/arpitex.pt\/#website","url":"https:\/\/arpitex.pt\/","name":"Arpitex","description":"Com\u00e9rcio e Ind\u00fastria de Confec\u00e7\u00f5es, Lda.","publisher":{"@id":"https:\/\/arpitex.pt\/#organization"},"potentialAction":[{"@type":"SearchAction","target":{"@type":"EntryPoint","urlTemplate":"https:\/\/arpitex.pt\/?s={search_term_string}"},"query-input":{"@type":"PropertyValueSpecification","valueRequired":true,"valueName":"search_term_string"}}],"inLanguage":"fr-FR"},{"@type":"Organization","@id":"https:\/\/arpitex.pt\/#organization","name":"ARPITEX - Com\u00e9rcio e Ind\u00fastria de Confec\u00e7\u00f5es, Lda.","url":"https:\/\/arpitex.pt\/","logo":{"@type":"ImageObject","inLanguage":"fr-FR","@id":"https:\/\/arpitex.pt\/#\/schema\/logo\/image\/","url":"https:\/\/arpitex.pt\/wp-content\/uploads\/2018\/12\/transferir.png","contentUrl":"https:\/\/arpitex.pt\/wp-content\/uploads\/2018\/12\/transferir.png","width":300,"height":100,"caption":"ARPITEX - Com\u00e9rcio e Ind\u00fastria de Confec\u00e7\u00f5es, Lda."},"image":{"@id":"https:\/\/arpitex.pt\/#\/schema\/logo\/image\/"},"sameAs":["https:\/\/www.facebook.com\/arpitex\/"]}]}},"_links":{"self":[{"href":"https:\/\/arpitex.pt\/fr\/wp-json\/wp\/v2\/pages\/543","targetHints":{"allow":["GET"]}}],"collection":[{"href":"https:\/\/arpitex.pt\/fr\/wp-json\/wp\/v2\/pages"}],"about":[{"href":"https:\/\/arpitex.pt\/fr\/wp-json\/wp\/v2\/types\/page"}],"author":[{"embeddable":true,"href":"https:\/\/arpitex.pt\/fr\/wp-json\/wp\/v2\/users\/1"}],"replies":[{"embeddable":true,"href":"https:\/\/arpitex.pt\/fr\/wp-json\/wp\/v2\/comments?post=543"}],"version-history":[{"count":2,"href":"https:\/\/arpitex.pt\/fr\/wp-json\/wp\/v2\/pages\/543\/revisions"}],"predecessor-version":[{"id":545,"href":"https:\/\/arpitex.pt\/fr\/wp-json\/wp\/v2\/pages\/543\/revisions\/545"}],"wp:attachment":[{"href":"https:\/\/arpitex.pt\/fr\/wp-json\/wp\/v2\/media?parent=543"}],"curies":[{"name":"wp","href":"https:\/\/api.w.org\/{rel}","templated":true}]}}