{"id":762,"date":"2025-04-01T12:08:19","date_gmt":"2025-04-01T12:08:19","guid":{"rendered":"https:\/\/arpitex.pt\/?page_id=762"},"modified":"2025-04-02T14:08:12","modified_gmt":"2025-04-02T14:08:12","slug":"ficha-de-proyecto-descarbonizao-da-industria-arpitex-comercio-e-industria-de-confecoes-lda","status":"publish","type":"page","link":"https:\/\/arpitex.pt\/es\/ficha-de-proyecto-descarbonizao-da-industria-arpitex-comercio-e-industria-de-confecoes-lda\/","title":{"rendered":"Ficha de proyecto Descarboniza\u00e7\u00e3o da Ind\u00fastria &#8211; Arpitex Com\u00e9rcio e Ind\u00fastria de Confec\u00e7\u00f5es, Lda."},"content":{"rendered":"<p>[vc_row][vc_column][vc_single_image image=\u00bb758&#8243; img_size=\u00bbfull\u00bb][vc_empty_space height=\u00bb50px\u00bb][vc_column_text]<strong>Designa\u00e7\u00e3o do projeto<\/strong> | Descarboniza\u00e7\u00e3o da Ind\u00fastria &#8211; Arpitex &#8211; Comercio e Ind\u00fastria de Confe\u00e7\u00f5es, Lda.<br \/>\n<strong>N\u00famero de projeto<\/strong> | 4872<br \/>\n<strong><br \/>\nObjetivo principal<\/strong> | Obten\u00e7\u00e3o de uma redu\u00e7\u00e3o do consumo energ\u00e9tico \u00e0 rede de 52,60%<br \/>\n<strong>Regi\u00e3o de interven\u00e7\u00e3o<\/strong> | Norte<br \/>\n<strong>Entidade benefici\u00e1ria<\/strong> | Arpitex \u2013 Com\u00e9rcio e Ind\u00fastria de Confe\u00e7\u00f5es, Lda<br \/>\n<strong><br \/>\nData da aprova\u00e7\u00e3o<\/strong> | 14\/03\/2023<br \/>\n<strong>Data de in\u00edcio<\/strong> | 01\/07\/2023<br \/>\n<strong>Data de conclus\u00e3o<\/strong> | 30\/06\/2025<\/p>\n<p><strong>Despesa eleg\u00edvel<\/strong> | 106.573,80\u00a02\u20ac<br \/>\n<strong>Apoio atribu\u00eddo<\/strong> | 79.930,37\u00a0\u20ac<\/p>\n<p><strong>S\u00edntese do projeto<br \/>\n<\/strong>Atrav\u00e9s da implementa\u00e7\u00e3o deste o projeto a ARPITEX, LDA procura ir de encontro aos objetivos nacionais e europeus no \u00e2mbito da efici\u00eancia energ\u00e9tica e da descarboniza\u00e7\u00e3o de da Ind\u00fastria. O projeto consubstancia-se na instala\u00e7\u00e3o de 294 m\u00f3dulos de pain\u00e9is fotovoltaicos com 545Wp de pot\u00eancia unit\u00e1ria.<\/p>\n<p><strong>Objectivos<br \/>\n<\/strong>Obten\u00e7\u00e3o de uma redu\u00e7\u00e3o do consumo energ\u00e9tico \u00e0 rede de 52,60%.[\/vc_column_text][\/vc_column][\/vc_row]<\/p>\n","protected":false},"excerpt":{"rendered":"<p>[vc_row][vc_column][vc_single_image image=\u00bb758&#8243; img_size=\u00bbfull\u00bb][vc_empty_space height=\u00bb50px\u00bb][vc_column_text]Designa\u00e7\u00e3o do projeto | Descarboniza\u00e7\u00e3o da Ind\u00fastria &#8211; Arpitex &#8211; Comercio e Ind\u00fastria de Confe\u00e7\u00f5es, Lda. N\u00famero &#8230;<\/p>\n","protected":false},"author":2,"featured_media":0,"parent":0,"menu_order":0,"comment_status":"closed","ping_status":"closed","template":"","meta":{"_monsterinsights_skip_tracking":false,"_monsterinsights_sitenote_active":false,"_monsterinsights_sitenote_note":"","_monsterinsights_sitenote_category":0,"footnotes":""},"class_list":["post-762","page","type-page","status-publish","hentry"],"yoast_head":"<!-- This site is optimized with the Yoast SEO plugin v24.7 - https:\/\/yoast.com\/wordpress\/plugins\/seo\/ -->\n<title>Ficha de proyecto Descarboniza\u00e7\u00e3o da Ind\u00fastria - Arpitex Com\u00e9rcio e Ind\u00fastria de Confec\u00e7\u00f5es, Lda. - Arpitex<\/title>\n<meta name=\"robots\" content=\"index, follow, max-snippet:-1, max-image-preview:large, max-video-preview:-1\" \/>\n<link rel=\"canonical\" href=\"https:\/\/arpitex.pt\/es\/ficha-de-proyecto-descarbonizao-da-industria-arpitex-comercio-e-industria-de-confecoes-lda\/\" \/>\n<meta property=\"og:locale\" content=\"es_ES\" \/>\n<meta property=\"og:type\" content=\"article\" \/>\n<meta property=\"og:title\" content=\"Ficha de proyecto Descarboniza\u00e7\u00e3o da Ind\u00fastria - Arpitex Com\u00e9rcio e Ind\u00fastria de Confec\u00e7\u00f5es, Lda. - Arpitex\" \/>\n<meta property=\"og:description\" content=\"[vc_row][vc_column][vc_single_image image=\u00bb758&#8243; img_size=\u00bbfull\u00bb][vc_empty_space height=\u00bb50px\u00bb][vc_column_text]Designa\u00e7\u00e3o do projeto | Descarboniza\u00e7\u00e3o da Ind\u00fastria &#8211; Arpitex &#8211; Comercio e Ind\u00fastria de Confe\u00e7\u00f5es, Lda. N\u00famero ...\" \/>\n<meta property=\"og:url\" content=\"https:\/\/arpitex.pt\/es\/ficha-de-proyecto-descarbonizao-da-industria-arpitex-comercio-e-industria-de-confecoes-lda\/\" \/>\n<meta property=\"og:site_name\" content=\"Arpitex\" \/>\n<meta property=\"article:publisher\" content=\"https:\/\/www.facebook.com\/arpitex\/\" \/>\n<meta property=\"article:modified_time\" content=\"2025-04-02T14:08:12+00:00\" \/>\n<meta name=\"twitter:card\" content=\"summary_large_image\" \/>\n<meta name=\"twitter:label1\" content=\"Tiempo de lectura\" \/>\n\t<meta name=\"twitter:data1\" content=\"1 minuto\" \/>\n<script type=\"application\/ld+json\" class=\"yoast-schema-graph\">{\"@context\":\"https:\/\/schema.org\",\"@graph\":[{\"@type\":\"WebPage\",\"@id\":\"https:\/\/arpitex.pt\/es\/ficha-de-proyecto-descarbonizao-da-industria-arpitex-comercio-e-industria-de-confecoes-lda\/\",\"url\":\"https:\/\/arpitex.pt\/es\/ficha-de-proyecto-descarbonizao-da-industria-arpitex-comercio-e-industria-de-confecoes-lda\/\",\"name\":\"Ficha de proyecto Descarboniza\u00e7\u00e3o da Ind\u00fastria - Arpitex Com\u00e9rcio e Ind\u00fastria de Confec\u00e7\u00f5es, Lda. - Arpitex\",\"isPartOf\":{\"@id\":\"https:\/\/arpitex.pt\/#website\"},\"datePublished\":\"2025-04-01T12:08:19+00:00\",\"dateModified\":\"2025-04-02T14:08:12+00:00\",\"breadcrumb\":{\"@id\":\"https:\/\/arpitex.pt\/es\/ficha-de-proyecto-descarbonizao-da-industria-arpitex-comercio-e-industria-de-confecoes-lda\/#breadcrumb\"},\"inLanguage\":\"es\",\"potentialAction\":[{\"@type\":\"ReadAction\",\"target\":[\"https:\/\/arpitex.pt\/es\/ficha-de-proyecto-descarbonizao-da-industria-arpitex-comercio-e-industria-de-confecoes-lda\/\"]}]},{\"@type\":\"BreadcrumbList\",\"@id\":\"https:\/\/arpitex.pt\/es\/ficha-de-proyecto-descarbonizao-da-industria-arpitex-comercio-e-industria-de-confecoes-lda\/#breadcrumb\",\"itemListElement\":[{\"@type\":\"ListItem\",\"position\":1,\"name\":\"Home\",\"item\":\"https:\/\/arpitex.pt\/\"},{\"@type\":\"ListItem\",\"position\":2,\"name\":\"Ficha de proyecto Descarboniza\u00e7\u00e3o da Ind\u00fastria &#8211; Arpitex Com\u00e9rcio e Ind\u00fastria de Confec\u00e7\u00f5es, Lda.\"}]},{\"@type\":\"WebSite\",\"@id\":\"https:\/\/arpitex.pt\/#website\",\"url\":\"https:\/\/arpitex.pt\/\",\"name\":\"Arpitex\",\"description\":\"Com\u00e9rcio e Ind\u00fastria de Confec\u00e7\u00f5es, Lda.\",\"publisher\":{\"@id\":\"https:\/\/arpitex.pt\/#organization\"},\"potentialAction\":[{\"@type\":\"SearchAction\",\"target\":{\"@type\":\"EntryPoint\",\"urlTemplate\":\"https:\/\/arpitex.pt\/?s={search_term_string}\"},\"query-input\":{\"@type\":\"PropertyValueSpecification\",\"valueRequired\":true,\"valueName\":\"search_term_string\"}}],\"inLanguage\":\"es\"},{\"@type\":\"Organization\",\"@id\":\"https:\/\/arpitex.pt\/#organization\",\"name\":\"ARPITEX - Com\u00e9rcio e Ind\u00fastria de Confec\u00e7\u00f5es, Lda.\",\"url\":\"https:\/\/arpitex.pt\/\",\"logo\":{\"@type\":\"ImageObject\",\"inLanguage\":\"es\",\"@id\":\"https:\/\/arpitex.pt\/#\/schema\/logo\/image\/\",\"url\":\"https:\/\/arpitex.pt\/wp-content\/uploads\/2018\/12\/transferir.png\",\"contentUrl\":\"https:\/\/arpitex.pt\/wp-content\/uploads\/2018\/12\/transferir.png\",\"width\":300,\"height\":100,\"caption\":\"ARPITEX - Com\u00e9rcio e Ind\u00fastria de Confec\u00e7\u00f5es, Lda.\"},\"image\":{\"@id\":\"https:\/\/arpitex.pt\/#\/schema\/logo\/image\/\"},\"sameAs\":[\"https:\/\/www.facebook.com\/arpitex\/\"]}]}<\/script>\n<!-- \/ Yoast SEO plugin. -->","yoast_head_json":{"title":"Ficha de proyecto Descarboniza\u00e7\u00e3o da Ind\u00fastria - Arpitex Com\u00e9rcio e Ind\u00fastria de Confec\u00e7\u00f5es, Lda. - Arpitex","robots":{"index":"index","follow":"follow","max-snippet":"max-snippet:-1","max-image-preview":"max-image-preview:large","max-video-preview":"max-video-preview:-1"},"canonical":"https:\/\/arpitex.pt\/es\/ficha-de-proyecto-descarbonizao-da-industria-arpitex-comercio-e-industria-de-confecoes-lda\/","og_locale":"es_ES","og_type":"article","og_title":"Ficha de proyecto Descarboniza\u00e7\u00e3o da Ind\u00fastria - Arpitex Com\u00e9rcio e Ind\u00fastria de Confec\u00e7\u00f5es, Lda. - Arpitex","og_description":"[vc_row][vc_column][vc_single_image image=\u00bb758&#8243; img_size=\u00bbfull\u00bb][vc_empty_space height=\u00bb50px\u00bb][vc_column_text]Designa\u00e7\u00e3o do projeto | Descarboniza\u00e7\u00e3o da Ind\u00fastria &#8211; Arpitex &#8211; Comercio e Ind\u00fastria de Confe\u00e7\u00f5es, Lda. N\u00famero ...","og_url":"https:\/\/arpitex.pt\/es\/ficha-de-proyecto-descarbonizao-da-industria-arpitex-comercio-e-industria-de-confecoes-lda\/","og_site_name":"Arpitex","article_publisher":"https:\/\/www.facebook.com\/arpitex\/","article_modified_time":"2025-04-02T14:08:12+00:00","twitter_card":"summary_large_image","twitter_misc":{"Tiempo de lectura":"1 minuto"},"schema":{"@context":"https:\/\/schema.org","@graph":[{"@type":"WebPage","@id":"https:\/\/arpitex.pt\/es\/ficha-de-proyecto-descarbonizao-da-industria-arpitex-comercio-e-industria-de-confecoes-lda\/","url":"https:\/\/arpitex.pt\/es\/ficha-de-proyecto-descarbonizao-da-industria-arpitex-comercio-e-industria-de-confecoes-lda\/","name":"Ficha de proyecto Descarboniza\u00e7\u00e3o da Ind\u00fastria - Arpitex Com\u00e9rcio e Ind\u00fastria de Confec\u00e7\u00f5es, Lda. - Arpitex","isPartOf":{"@id":"https:\/\/arpitex.pt\/#website"},"datePublished":"2025-04-01T12:08:19+00:00","dateModified":"2025-04-02T14:08:12+00:00","breadcrumb":{"@id":"https:\/\/arpitex.pt\/es\/ficha-de-proyecto-descarbonizao-da-industria-arpitex-comercio-e-industria-de-confecoes-lda\/#breadcrumb"},"inLanguage":"es","potentialAction":[{"@type":"ReadAction","target":["https:\/\/arpitex.pt\/es\/ficha-de-proyecto-descarbonizao-da-industria-arpitex-comercio-e-industria-de-confecoes-lda\/"]}]},{"@type":"BreadcrumbList","@id":"https:\/\/arpitex.pt\/es\/ficha-de-proyecto-descarbonizao-da-industria-arpitex-comercio-e-industria-de-confecoes-lda\/#breadcrumb","itemListElement":[{"@type":"ListItem","position":1,"name":"Home","item":"https:\/\/arpitex.pt\/"},{"@type":"ListItem","position":2,"name":"Ficha de proyecto Descarboniza\u00e7\u00e3o da Ind\u00fastria &#8211; Arpitex Com\u00e9rcio e Ind\u00fastria de Confec\u00e7\u00f5es, Lda."}]},{"@type":"WebSite","@id":"https:\/\/arpitex.pt\/#website","url":"https:\/\/arpitex.pt\/","name":"Arpitex","description":"Com\u00e9rcio e Ind\u00fastria de Confec\u00e7\u00f5es, Lda.","publisher":{"@id":"https:\/\/arpitex.pt\/#organization"},"potentialAction":[{"@type":"SearchAction","target":{"@type":"EntryPoint","urlTemplate":"https:\/\/arpitex.pt\/?s={search_term_string}"},"query-input":{"@type":"PropertyValueSpecification","valueRequired":true,"valueName":"search_term_string"}}],"inLanguage":"es"},{"@type":"Organization","@id":"https:\/\/arpitex.pt\/#organization","name":"ARPITEX - Com\u00e9rcio e Ind\u00fastria de Confec\u00e7\u00f5es, Lda.","url":"https:\/\/arpitex.pt\/","logo":{"@type":"ImageObject","inLanguage":"es","@id":"https:\/\/arpitex.pt\/#\/schema\/logo\/image\/","url":"https:\/\/arpitex.pt\/wp-content\/uploads\/2018\/12\/transferir.png","contentUrl":"https:\/\/arpitex.pt\/wp-content\/uploads\/2018\/12\/transferir.png","width":300,"height":100,"caption":"ARPITEX - Com\u00e9rcio e Ind\u00fastria de Confec\u00e7\u00f5es, Lda."},"image":{"@id":"https:\/\/arpitex.pt\/#\/schema\/logo\/image\/"},"sameAs":["https:\/\/www.facebook.com\/arpitex\/"]}]}},"_links":{"self":[{"href":"https:\/\/arpitex.pt\/es\/wp-json\/wp\/v2\/pages\/762","targetHints":{"allow":["GET"]}}],"collection":[{"href":"https:\/\/arpitex.pt\/es\/wp-json\/wp\/v2\/pages"}],"about":[{"href":"https:\/\/arpitex.pt\/es\/wp-json\/wp\/v2\/types\/page"}],"author":[{"embeddable":true,"href":"https:\/\/arpitex.pt\/es\/wp-json\/wp\/v2\/users\/2"}],"replies":[{"embeddable":true,"href":"https:\/\/arpitex.pt\/es\/wp-json\/wp\/v2\/comments?post=762"}],"version-history":[{"count":3,"href":"https:\/\/arpitex.pt\/es\/wp-json\/wp\/v2\/pages\/762\/revisions"}],"predecessor-version":[{"id":786,"href":"https:\/\/arpitex.pt\/es\/wp-json\/wp\/v2\/pages\/762\/revisions\/786"}],"wp:attachment":[{"href":"https:\/\/arpitex.pt\/es\/wp-json\/wp\/v2\/media?parent=762"}],"curies":[{"name":"wp","href":"https:\/\/api.w.org\/{rel}","templated":true}]}}