{"id":716,"date":"2023-05-30T09:51:13","date_gmt":"2023-05-30T09:51:13","guid":{"rendered":"http:\/\/arpitex.pt\/?page_id=716"},"modified":"2023-05-30T09:53:38","modified_gmt":"2023-05-30T09:53:38","slug":"tecnologia-y-sostenibilidad","status":"publish","type":"page","link":"https:\/\/arpitex.pt\/es\/tecnologia-y-sostenibilidad\/","title":{"rendered":"TECNOLOG\u00cdA Y SOSTENIBILIDAD"},"content":{"rendered":"<p>[vc_row][vc_column][vc_column_text]<\/p>\n<p><strong><span style=\"font-family: 'Cooper Black', Times, serif;\">Arpitex<\/span><\/strong>  viene promoviendo consecutivamente inversiones relevantes para la modernizaci\u00f3n de su capacidad tecnol\u00f3gica y la sostenibilidad de los procesos productivos de su unidad fabril, destacando las inversiones realizadas a partir de 2015, en la automatizaci\u00f3n total e integrada de su \u00e1rea de modelado, as\u00ed como en eficiencia energ\u00e9tica, con fuerte reducci\u00f3n de las emisiones de CO2 subyacentes.<\/p>\n<p>Con el apoyo del <strong>IAPMEI<\/strong>, a trav\u00e9s del Sistema de Incentivos a la Innovaci\u00f3n Empresarial (<strong>Proyecto n\u00ba 14723<\/strong> \u2013 <a href=\"http:\/\/arpitex.pt\/es\/ficha-de-proyecto-innovacion\/\"><u>ver Ficha<\/u><\/a> del <strong> Proyecto de Innovaci\u00f3<\/strong>) hemos promovido la introducci\u00f3n de equipos tecnol\u00f3gicamente avanzados, con especial relevancia de la m\u00e1quina de corte autom\u00e1tico GERBER PARAGON VX22; La estaci\u00f3n de marcado autom\u00e1tico Accunest MC y la estaci\u00f3n de patronaje Accumark PDS, que nos han permitido ganar en productividad, eficacia y fiabilidad en el patronaje y el corte, necesarios y cr\u00edticos para la producci\u00f3n de art\u00edculos de calidad en g\u00e9neros de punto m\u00e1s sensibles y\/o t\u00e9cnicos. Tambi\u00e9n hemos sustituido el 100% de la iluminaci\u00f3n de la unidad por iluminaci\u00f3n LEAD, con un ahorro energ\u00e9tico (eficiencia) en torno al 70%, mejorando notablemente nuestro compromiso con la responsabilidad y la sostenibilidad.<\/p>\n<p>En 2022 continuaremos con inversiones a\u00fan m\u00e1s relevantes en estas \u00e1reas, tambi\u00e9n con el apoyo del <strong>IAPMEI<\/strong>, a trav\u00e9s del <strong>PT2020<\/strong> (<strong>Proyecto NORTE-02-0853-FEDER-180644<\/strong> \u2013 <a href=\"http:\/\/arpitex.pt\/es\/ficha-de-proyecto-innovacion-productiva\/\"><u>ver Ficha<\/u><\/a> del <strong>Proyecto de Innovaci\u00f3n Productiva<\/strong>), cuya conclusi\u00f3n est\u00e1 pr\u00f3xima. Una nueva m\u00e1quina de corte automatizada, complementaria a la existente, est\u00e1 totalmente terminada y en actividad, para la producci\u00f3n continua de muestras y peque\u00f1as series, con alta precisi\u00f3n y gran capacidad para eliminar el desperdicio de MP, adem\u00e1s de permitir un control mucho mayor de los defectos, factores cr\u00edticos en la producci\u00f3n para el segmento de lujo. Tambi\u00e9n est\u00e1 activo el sistema de producci\u00f3n de energ\u00eda el\u00e9ctrica fotovoltaica, con 50 Kw de potencia, que al final del primer mes presenta un r\u00e9cord de producci\u00f3n que proporcion\u00f3 un autoconsumo del 50% de la energ\u00eda el\u00e9ctrica consumida, ya considerando la sustituci\u00f3n de la anterior caldera de combustible por una nueva el\u00e9ctrica, siendo as\u00ed extremadamente significativo en la reducci\u00f3n de emisiones de carb\u00f3nico en todo el proceso productivo. Aun as\u00ed, tenemos la intenci\u00f3n de realizar nuevas inversiones en este \u00e1mbito, con vistas a lograr la neutralidad de carbono &#8211; impacto medioambiental cero &#8211; en el proceso de producci\u00f3n de la unidad.<\/p>\n<p>[\/vc_column_text][vc_empty_space height=\u00bb25px\u00bb][vc_row_inner css=\u00bb.vc_custom_1611049529208{margin-top: 50px !important;}\u00bb][vc_column_inner width=\u00bb1\/2&#8243;][vc_single_image image=\u00bb721&#8243; img_size=\u00bblarge\u00bb][\/vc_column_inner][vc_column_inner width=\u00bb1\/2&#8243;][vc_single_image image=\u00bb720&#8243; img_size=\u00bblarge\u00bb][\/vc_column_inner][\/vc_row_inner][vc_row_inner css=\u00bb.vc_custom_1611049529208{margin-top: 50px !important;}\u00bb][vc_column_inner width=\u00bb1\/2&#8243;][vc_single_image image=\u00bb719&#8243; img_size=\u00bblarge\u00bb][\/vc_column_inner][vc_column_inner width=\u00bb1\/2&#8243;][vc_single_image image=\u00bb718&#8243; img_size=\u00bblarge\u00bb][\/vc_column_inner][\/vc_row_inner][\/vc_column][\/vc_row]<\/p>\n","protected":false},"excerpt":{"rendered":"<p>[vc_row][vc_column][vc_column_text] Arpitex viene promoviendo consecutivamente inversiones relevantes para la modernizaci\u00f3n de su capacidad tecnol\u00f3gica y la sostenibilidad de los procesos &#8230;<\/p>\n","protected":false},"author":1,"featured_media":0,"parent":0,"menu_order":0,"comment_status":"closed","ping_status":"closed","template":"","meta":{"_monsterinsights_skip_tracking":false,"_monsterinsights_sitenote_active":false,"_monsterinsights_sitenote_note":"","_monsterinsights_sitenote_category":0,"footnotes":""},"class_list":["post-716","page","type-page","status-publish","hentry"],"yoast_head":"<!-- This site is optimized with the Yoast SEO plugin v24.7 - https:\/\/yoast.com\/wordpress\/plugins\/seo\/ -->\n<title>TECNOLOG\u00cdA Y SOSTENIBILIDAD - Arpitex<\/title>\n<meta name=\"description\" content=\"Arpitex viene promoviendo consecutivamente inversiones relevantes para la modernizaci\u00f3n de su capacidad tecnol\u00f3gica y la sostenibilidad de los procesos productivos de su unidad fabri\" \/>\n<meta name=\"robots\" content=\"index, follow, max-snippet:-1, max-image-preview:large, max-video-preview:-1\" \/>\n<link rel=\"canonical\" href=\"https:\/\/arpitex.pt\/technology-sustainability\/\" \/>\n<meta property=\"og:locale\" content=\"es_ES\" \/>\n<meta property=\"og:type\" content=\"article\" \/>\n<meta property=\"og:title\" content=\"TECNOLOG\u00cdA Y SOSTENIBILIDAD - Arpitex\" \/>\n<meta property=\"og:description\" content=\"Arpitex viene promoviendo consecutivamente inversiones relevantes para la modernizaci\u00f3n de su capacidad tecnol\u00f3gica y la sostenibilidad de los procesos productivos de su unidad fabri\" \/>\n<meta property=\"og:url\" content=\"https:\/\/arpitex.pt\/technology-sustainability\/\" \/>\n<meta property=\"og:site_name\" content=\"Arpitex\" \/>\n<meta property=\"article:publisher\" content=\"https:\/\/www.facebook.com\/arpitex\/\" \/>\n<meta property=\"article:modified_time\" content=\"2023-05-30T09:53:38+00:00\" \/>\n<meta name=\"twitter:card\" content=\"summary_large_image\" \/>\n<meta name=\"twitter:label1\" content=\"Tiempo de lectura\" \/>\n\t<meta name=\"twitter:data1\" content=\"3 minutos\" \/>\n<script type=\"application\/ld+json\" class=\"yoast-schema-graph\">{\"@context\":\"https:\/\/schema.org\",\"@graph\":[{\"@type\":\"WebPage\",\"@id\":\"https:\/\/arpitex.pt\/technology-sustainability\/\",\"url\":\"https:\/\/arpitex.pt\/technology-sustainability\/\",\"name\":\"TECNOLOG\u00cdA Y SOSTENIBILIDAD - Arpitex\",\"isPartOf\":{\"@id\":\"https:\/\/arpitex.pt\/#website\"},\"datePublished\":\"2023-05-30T09:51:13+00:00\",\"dateModified\":\"2023-05-30T09:53:38+00:00\",\"description\":\"Arpitex viene promoviendo consecutivamente inversiones relevantes para la modernizaci\u00f3n de su capacidad tecnol\u00f3gica y la sostenibilidad de los procesos productivos de su unidad fabri\",\"breadcrumb\":{\"@id\":\"https:\/\/arpitex.pt\/technology-sustainability\/#breadcrumb\"},\"inLanguage\":\"es\",\"potentialAction\":[{\"@type\":\"ReadAction\",\"target\":[\"https:\/\/arpitex.pt\/technology-sustainability\/\"]}]},{\"@type\":\"BreadcrumbList\",\"@id\":\"https:\/\/arpitex.pt\/technology-sustainability\/#breadcrumb\",\"itemListElement\":[{\"@type\":\"ListItem\",\"position\":1,\"name\":\"Home\",\"item\":\"https:\/\/arpitex.pt\/\"},{\"@type\":\"ListItem\",\"position\":2,\"name\":\"TECNOLOG\u00cdA Y SOSTENIBILIDAD\"}]},{\"@type\":\"WebSite\",\"@id\":\"https:\/\/arpitex.pt\/#website\",\"url\":\"https:\/\/arpitex.pt\/\",\"name\":\"Arpitex\",\"description\":\"Com\u00e9rcio e Ind\u00fastria de Confec\u00e7\u00f5es, Lda.\",\"publisher\":{\"@id\":\"https:\/\/arpitex.pt\/#organization\"},\"potentialAction\":[{\"@type\":\"SearchAction\",\"target\":{\"@type\":\"EntryPoint\",\"urlTemplate\":\"https:\/\/arpitex.pt\/?s={search_term_string}\"},\"query-input\":{\"@type\":\"PropertyValueSpecification\",\"valueRequired\":true,\"valueName\":\"search_term_string\"}}],\"inLanguage\":\"es\"},{\"@type\":\"Organization\",\"@id\":\"https:\/\/arpitex.pt\/#organization\",\"name\":\"ARPITEX - Com\u00e9rcio e Ind\u00fastria de Confec\u00e7\u00f5es, Lda.\",\"url\":\"https:\/\/arpitex.pt\/\",\"logo\":{\"@type\":\"ImageObject\",\"inLanguage\":\"es\",\"@id\":\"https:\/\/arpitex.pt\/#\/schema\/logo\/image\/\",\"url\":\"https:\/\/arpitex.pt\/wp-content\/uploads\/2018\/12\/transferir.png\",\"contentUrl\":\"https:\/\/arpitex.pt\/wp-content\/uploads\/2018\/12\/transferir.png\",\"width\":300,\"height\":100,\"caption\":\"ARPITEX - Com\u00e9rcio e Ind\u00fastria de Confec\u00e7\u00f5es, Lda.\"},\"image\":{\"@id\":\"https:\/\/arpitex.pt\/#\/schema\/logo\/image\/\"},\"sameAs\":[\"https:\/\/www.facebook.com\/arpitex\/\"]}]}<\/script>\n<!-- \/ Yoast SEO plugin. -->","yoast_head_json":{"title":"TECNOLOG\u00cdA Y SOSTENIBILIDAD - Arpitex","description":"Arpitex viene promoviendo consecutivamente inversiones relevantes para la modernizaci\u00f3n de su capacidad tecnol\u00f3gica y la sostenibilidad de los procesos productivos de su unidad fabri","robots":{"index":"index","follow":"follow","max-snippet":"max-snippet:-1","max-image-preview":"max-image-preview:large","max-video-preview":"max-video-preview:-1"},"canonical":"https:\/\/arpitex.pt\/technology-sustainability\/","og_locale":"es_ES","og_type":"article","og_title":"TECNOLOG\u00cdA Y SOSTENIBILIDAD - Arpitex","og_description":"Arpitex viene promoviendo consecutivamente inversiones relevantes para la modernizaci\u00f3n de su capacidad tecnol\u00f3gica y la sostenibilidad de los procesos productivos de su unidad fabri","og_url":"https:\/\/arpitex.pt\/technology-sustainability\/","og_site_name":"Arpitex","article_publisher":"https:\/\/www.facebook.com\/arpitex\/","article_modified_time":"2023-05-30T09:53:38+00:00","twitter_card":"summary_large_image","twitter_misc":{"Tiempo de lectura":"3 minutos"},"schema":{"@context":"https:\/\/schema.org","@graph":[{"@type":"WebPage","@id":"https:\/\/arpitex.pt\/technology-sustainability\/","url":"https:\/\/arpitex.pt\/technology-sustainability\/","name":"TECNOLOG\u00cdA Y SOSTENIBILIDAD - Arpitex","isPartOf":{"@id":"https:\/\/arpitex.pt\/#website"},"datePublished":"2023-05-30T09:51:13+00:00","dateModified":"2023-05-30T09:53:38+00:00","description":"Arpitex viene promoviendo consecutivamente inversiones relevantes para la modernizaci\u00f3n de su capacidad tecnol\u00f3gica y la sostenibilidad de los procesos productivos de su unidad fabri","breadcrumb":{"@id":"https:\/\/arpitex.pt\/technology-sustainability\/#breadcrumb"},"inLanguage":"es","potentialAction":[{"@type":"ReadAction","target":["https:\/\/arpitex.pt\/technology-sustainability\/"]}]},{"@type":"BreadcrumbList","@id":"https:\/\/arpitex.pt\/technology-sustainability\/#breadcrumb","itemListElement":[{"@type":"ListItem","position":1,"name":"Home","item":"https:\/\/arpitex.pt\/"},{"@type":"ListItem","position":2,"name":"TECNOLOG\u00cdA Y SOSTENIBILIDAD"}]},{"@type":"WebSite","@id":"https:\/\/arpitex.pt\/#website","url":"https:\/\/arpitex.pt\/","name":"Arpitex","description":"Com\u00e9rcio e Ind\u00fastria de Confec\u00e7\u00f5es, Lda.","publisher":{"@id":"https:\/\/arpitex.pt\/#organization"},"potentialAction":[{"@type":"SearchAction","target":{"@type":"EntryPoint","urlTemplate":"https:\/\/arpitex.pt\/?s={search_term_string}"},"query-input":{"@type":"PropertyValueSpecification","valueRequired":true,"valueName":"search_term_string"}}],"inLanguage":"es"},{"@type":"Organization","@id":"https:\/\/arpitex.pt\/#organization","name":"ARPITEX - Com\u00e9rcio e Ind\u00fastria de Confec\u00e7\u00f5es, Lda.","url":"https:\/\/arpitex.pt\/","logo":{"@type":"ImageObject","inLanguage":"es","@id":"https:\/\/arpitex.pt\/#\/schema\/logo\/image\/","url":"https:\/\/arpitex.pt\/wp-content\/uploads\/2018\/12\/transferir.png","contentUrl":"https:\/\/arpitex.pt\/wp-content\/uploads\/2018\/12\/transferir.png","width":300,"height":100,"caption":"ARPITEX - Com\u00e9rcio e Ind\u00fastria de Confec\u00e7\u00f5es, Lda."},"image":{"@id":"https:\/\/arpitex.pt\/#\/schema\/logo\/image\/"},"sameAs":["https:\/\/www.facebook.com\/arpitex\/"]}]}},"_links":{"self":[{"href":"https:\/\/arpitex.pt\/es\/wp-json\/wp\/v2\/pages\/716","targetHints":{"allow":["GET"]}}],"collection":[{"href":"https:\/\/arpitex.pt\/es\/wp-json\/wp\/v2\/pages"}],"about":[{"href":"https:\/\/arpitex.pt\/es\/wp-json\/wp\/v2\/types\/page"}],"author":[{"embeddable":true,"href":"https:\/\/arpitex.pt\/es\/wp-json\/wp\/v2\/users\/1"}],"replies":[{"embeddable":true,"href":"https:\/\/arpitex.pt\/es\/wp-json\/wp\/v2\/comments?post=716"}],"version-history":[{"count":2,"href":"https:\/\/arpitex.pt\/es\/wp-json\/wp\/v2\/pages\/716\/revisions"}],"predecessor-version":[{"id":751,"href":"https:\/\/arpitex.pt\/es\/wp-json\/wp\/v2\/pages\/716\/revisions\/751"}],"wp:attachment":[{"href":"https:\/\/arpitex.pt\/es\/wp-json\/wp\/v2\/media?parent=716"}],"curies":[{"name":"wp","href":"https:\/\/api.w.org\/{rel}","templated":true}]}}