{"id":672,"date":"2023-01-18T16:15:26","date_gmt":"2023-01-18T16:15:26","guid":{"rendered":"http:\/\/arpitex.pt\/?page_id=672"},"modified":"2023-01-18T16:16:19","modified_gmt":"2023-01-18T16:16:19","slug":"ficha-de-proyecto-innovacion-productiva","status":"publish","type":"page","link":"https:\/\/arpitex.pt\/es\/ficha-de-proyecto-innovacion-productiva\/","title":{"rendered":"Ficha de Proyecto Innovaci\u00f3n Productiva"},"content":{"rendered":"<p>[vc_row][vc_column][vc_single_image image=\u00bb681&#8243; img_size=\u00bbfull\u00bb][vc_empty_space height=\u00bb50px\u00bb][vc_column_text]<strong>Designaci\u00f3n proyecto:<\/strong> Aumento de la capacidad de producci\u00f3n con vistas a entrar en el segmento de pr\u00eat-\u00e0-porter de lujo<br \/>\n<strong>C\u00f3digo del proyecto: <\/strong>NORTE-02-0853-FEDER-180644<\/p>\n<p><strong>Objetivo principal:<\/strong>Reforzar la competitividad de las PYME<br \/>\n<strong>Regi\u00f3n de intervenci\u00f3n:<\/strong> Norte<br \/>\n<strong>Entidad se beneficiar\u00eda:<\/strong> Arpitex &#8211; Com\u00e9rcio e Ind\u00fastria de Confe\u00e7\u00f5es, Lda.<\/p>\n<p><strong>Fecha de aprobaci\u00f3n:<\/strong> 14\/06\/2022<br \/>\n<strong>Fecha de inicio:<\/strong> 01\/11\/2021<br \/>\n<strong>Fecha de finalizaci\u00f3n:<\/strong> 30\/06\/2023<br \/>\n<strong>Coste total subvencionable:<\/strong> 484.701,00\u20ac<br \/>\n<strong>Coste total subvencionable de la innovaci\u00f3n:<\/strong> 484.701,00\u20ac<br \/>\n<strong>Apoyo financiero de la Uni\u00f3n Europea:<\/strong> FEDER \u2013 109.057,73\u20ac<\/p>\n<p><strong>Objetivos, actividades y resultados esperados \/ alcanzados:<\/strong><br \/>\nEste proyecto de Arpitex \u2013 Com\u00e9rcio e Ind\u00fastria de Confe\u00e7\u00f5es, Lda. (180644) tiene como objetivo aumentar la capacidad de producci\u00f3n con miras a ingresar al segmento de pr\u00eat-\u00e0-porter de lujo.<br \/>\nEn este sentido, est\u00e1 prevista la adquisici\u00f3n de una m\u00e1quina de corte para series peque\u00f1as, dirigida al segmento de lujo.<br \/>\nA la hora de avanzar hacia segmentos de mayor valor a\u00f1adido (marcas de lujo y alta costura), debe basar sus procesos en la m\u00e1xima calidad y eficiencia. El corte ahora se realiza con alta precisi\u00f3n, lo que elimina el desperdicio de MP y permite un mayor control de los defectos. Al mismo tiempo, la implementaci\u00f3n del software permitir\u00e1 la gesti\u00f3n y seguimiento del proceso productivo de forma digital y en tiempo real, as\u00ed como el dise\u00f1o m\u00e1s detallado de piezas en 3D.<br \/>\nEn 2020 factur\u00f3 un total de 6.958.669,03 euros, de los que en torno al 98% se destin\u00f3 al mercado internacional y el 2% restante al mercado nacional.<br \/>\nSe identifican los principales objetivos:<br \/>\n\u2013 Aumentar el volumen de su negocio;<br \/>\n\u2013 Aumento de la capacidad de producci\u00f3n;<br \/>\n\u2013 Entrada en nuevos segmentos de mercado;<br \/>\n\u2013 Entrada en nuevos mercados internacionales y aumento de VN internacional;<br \/>\n\u2013 Introducci\u00f3n de los principios de sostenibilidad e industria 4.0;<br \/>\n\u2013 Crear nuevos puestos de trabajo cualificados.<\/p>\n<p><strong>En cuanto a los resultados a alcanzar en el a\u00f1o post-proyecto, se destacan los siguientes:<\/strong><br \/>\n\u2022 Valor A\u00f1adido Bruto de m\u00e1s de 1,8 millones de euros;<br \/>\n\u2022 Creaci\u00f3n de 6 puestos de trabajo calificados;<br \/>\n\u2022 Facturaci\u00f3n de 8,3 M EUR.<\/p>\n<p><strong>Entidad Consultora:<\/strong> B&#038;F consultores, Lda.<\/p>\n<p>[\/vc_column_text][\/vc_column][\/vc_row]<\/p>\n","protected":false},"excerpt":{"rendered":"<p>[vc_row][vc_column][vc_single_image image=\u00bb681&#8243; img_size=\u00bbfull\u00bb][vc_empty_space height=\u00bb50px\u00bb][vc_column_text]Designaci\u00f3n proyecto: Aumento de la capacidad de producci\u00f3n con vistas a entrar en el segmento de pr\u00eat-\u00e0-porter &#8230;<\/p>\n","protected":false},"author":1,"featured_media":0,"parent":0,"menu_order":0,"comment_status":"closed","ping_status":"closed","template":"","meta":{"_monsterinsights_skip_tracking":false,"_monsterinsights_sitenote_active":false,"_monsterinsights_sitenote_note":"","_monsterinsights_sitenote_category":0,"footnotes":""},"class_list":["post-672","page","type-page","status-publish","hentry"],"yoast_head":"<!-- This site is optimized with the Yoast SEO plugin v24.7 - https:\/\/yoast.com\/wordpress\/plugins\/seo\/ -->\n<title>Ficha de Proyecto Innovaci\u00f3n Productiva - Arpitex<\/title>\n<meta name=\"robots\" content=\"index, follow, max-snippet:-1, max-image-preview:large, max-video-preview:-1\" \/>\n<link rel=\"canonical\" href=\"https:\/\/arpitex.pt\/project-sheet-productive-innovation\/\" \/>\n<meta property=\"og:locale\" content=\"es_ES\" \/>\n<meta property=\"og:type\" content=\"article\" \/>\n<meta property=\"og:title\" content=\"Ficha de Proyecto Innovaci\u00f3n Productiva - Arpitex\" \/>\n<meta property=\"og:description\" content=\"[vc_row][vc_column][vc_single_image image=\u00bb681&#8243; img_size=\u00bbfull\u00bb][vc_empty_space height=\u00bb50px\u00bb][vc_column_text]Designaci\u00f3n proyecto: Aumento de la capacidad de producci\u00f3n con vistas a entrar en el segmento de pr\u00eat-\u00e0-porter ...\" \/>\n<meta property=\"og:url\" content=\"https:\/\/arpitex.pt\/project-sheet-productive-innovation\/\" \/>\n<meta property=\"og:site_name\" content=\"Arpitex\" \/>\n<meta property=\"article:publisher\" content=\"https:\/\/www.facebook.com\/arpitex\/\" \/>\n<meta property=\"article:modified_time\" content=\"2023-01-18T16:16:19+00:00\" \/>\n<meta name=\"twitter:card\" content=\"summary_large_image\" \/>\n<meta name=\"twitter:label1\" content=\"Tiempo de lectura\" \/>\n\t<meta name=\"twitter:data1\" content=\"2 minutos\" \/>\n<script type=\"application\/ld+json\" class=\"yoast-schema-graph\">{\"@context\":\"https:\/\/schema.org\",\"@graph\":[{\"@type\":\"WebPage\",\"@id\":\"https:\/\/arpitex.pt\/project-sheet-productive-innovation\/\",\"url\":\"https:\/\/arpitex.pt\/project-sheet-productive-innovation\/\",\"name\":\"Ficha de Proyecto Innovaci\u00f3n Productiva - Arpitex\",\"isPartOf\":{\"@id\":\"https:\/\/arpitex.pt\/#website\"},\"datePublished\":\"2023-01-18T16:15:26+00:00\",\"dateModified\":\"2023-01-18T16:16:19+00:00\",\"breadcrumb\":{\"@id\":\"https:\/\/arpitex.pt\/project-sheet-productive-innovation\/#breadcrumb\"},\"inLanguage\":\"es\",\"potentialAction\":[{\"@type\":\"ReadAction\",\"target\":[\"https:\/\/arpitex.pt\/project-sheet-productive-innovation\/\"]}]},{\"@type\":\"BreadcrumbList\",\"@id\":\"https:\/\/arpitex.pt\/project-sheet-productive-innovation\/#breadcrumb\",\"itemListElement\":[{\"@type\":\"ListItem\",\"position\":1,\"name\":\"Home\",\"item\":\"https:\/\/arpitex.pt\/\"},{\"@type\":\"ListItem\",\"position\":2,\"name\":\"Ficha de Proyecto Innovaci\u00f3n Productiva\"}]},{\"@type\":\"WebSite\",\"@id\":\"https:\/\/arpitex.pt\/#website\",\"url\":\"https:\/\/arpitex.pt\/\",\"name\":\"Arpitex\",\"description\":\"Com\u00e9rcio e Ind\u00fastria de Confec\u00e7\u00f5es, Lda.\",\"publisher\":{\"@id\":\"https:\/\/arpitex.pt\/#organization\"},\"potentialAction\":[{\"@type\":\"SearchAction\",\"target\":{\"@type\":\"EntryPoint\",\"urlTemplate\":\"https:\/\/arpitex.pt\/?s={search_term_string}\"},\"query-input\":{\"@type\":\"PropertyValueSpecification\",\"valueRequired\":true,\"valueName\":\"search_term_string\"}}],\"inLanguage\":\"es\"},{\"@type\":\"Organization\",\"@id\":\"https:\/\/arpitex.pt\/#organization\",\"name\":\"ARPITEX - Com\u00e9rcio e Ind\u00fastria de Confec\u00e7\u00f5es, Lda.\",\"url\":\"https:\/\/arpitex.pt\/\",\"logo\":{\"@type\":\"ImageObject\",\"inLanguage\":\"es\",\"@id\":\"https:\/\/arpitex.pt\/#\/schema\/logo\/image\/\",\"url\":\"https:\/\/arpitex.pt\/wp-content\/uploads\/2018\/12\/transferir.png\",\"contentUrl\":\"https:\/\/arpitex.pt\/wp-content\/uploads\/2018\/12\/transferir.png\",\"width\":300,\"height\":100,\"caption\":\"ARPITEX - Com\u00e9rcio e Ind\u00fastria de Confec\u00e7\u00f5es, Lda.\"},\"image\":{\"@id\":\"https:\/\/arpitex.pt\/#\/schema\/logo\/image\/\"},\"sameAs\":[\"https:\/\/www.facebook.com\/arpitex\/\"]}]}<\/script>\n<!-- \/ Yoast SEO plugin. -->","yoast_head_json":{"title":"Ficha de Proyecto Innovaci\u00f3n Productiva - Arpitex","robots":{"index":"index","follow":"follow","max-snippet":"max-snippet:-1","max-image-preview":"max-image-preview:large","max-video-preview":"max-video-preview:-1"},"canonical":"https:\/\/arpitex.pt\/project-sheet-productive-innovation\/","og_locale":"es_ES","og_type":"article","og_title":"Ficha de Proyecto Innovaci\u00f3n Productiva - Arpitex","og_description":"[vc_row][vc_column][vc_single_image image=\u00bb681&#8243; img_size=\u00bbfull\u00bb][vc_empty_space height=\u00bb50px\u00bb][vc_column_text]Designaci\u00f3n proyecto: Aumento de la capacidad de producci\u00f3n con vistas a entrar en el segmento de pr\u00eat-\u00e0-porter ...","og_url":"https:\/\/arpitex.pt\/project-sheet-productive-innovation\/","og_site_name":"Arpitex","article_publisher":"https:\/\/www.facebook.com\/arpitex\/","article_modified_time":"2023-01-18T16:16:19+00:00","twitter_card":"summary_large_image","twitter_misc":{"Tiempo de lectura":"2 minutos"},"schema":{"@context":"https:\/\/schema.org","@graph":[{"@type":"WebPage","@id":"https:\/\/arpitex.pt\/project-sheet-productive-innovation\/","url":"https:\/\/arpitex.pt\/project-sheet-productive-innovation\/","name":"Ficha de Proyecto Innovaci\u00f3n Productiva - Arpitex","isPartOf":{"@id":"https:\/\/arpitex.pt\/#website"},"datePublished":"2023-01-18T16:15:26+00:00","dateModified":"2023-01-18T16:16:19+00:00","breadcrumb":{"@id":"https:\/\/arpitex.pt\/project-sheet-productive-innovation\/#breadcrumb"},"inLanguage":"es","potentialAction":[{"@type":"ReadAction","target":["https:\/\/arpitex.pt\/project-sheet-productive-innovation\/"]}]},{"@type":"BreadcrumbList","@id":"https:\/\/arpitex.pt\/project-sheet-productive-innovation\/#breadcrumb","itemListElement":[{"@type":"ListItem","position":1,"name":"Home","item":"https:\/\/arpitex.pt\/"},{"@type":"ListItem","position":2,"name":"Ficha de Proyecto Innovaci\u00f3n Productiva"}]},{"@type":"WebSite","@id":"https:\/\/arpitex.pt\/#website","url":"https:\/\/arpitex.pt\/","name":"Arpitex","description":"Com\u00e9rcio e Ind\u00fastria de Confec\u00e7\u00f5es, Lda.","publisher":{"@id":"https:\/\/arpitex.pt\/#organization"},"potentialAction":[{"@type":"SearchAction","target":{"@type":"EntryPoint","urlTemplate":"https:\/\/arpitex.pt\/?s={search_term_string}"},"query-input":{"@type":"PropertyValueSpecification","valueRequired":true,"valueName":"search_term_string"}}],"inLanguage":"es"},{"@type":"Organization","@id":"https:\/\/arpitex.pt\/#organization","name":"ARPITEX - Com\u00e9rcio e Ind\u00fastria de Confec\u00e7\u00f5es, Lda.","url":"https:\/\/arpitex.pt\/","logo":{"@type":"ImageObject","inLanguage":"es","@id":"https:\/\/arpitex.pt\/#\/schema\/logo\/image\/","url":"https:\/\/arpitex.pt\/wp-content\/uploads\/2018\/12\/transferir.png","contentUrl":"https:\/\/arpitex.pt\/wp-content\/uploads\/2018\/12\/transferir.png","width":300,"height":100,"caption":"ARPITEX - Com\u00e9rcio e Ind\u00fastria de Confec\u00e7\u00f5es, Lda."},"image":{"@id":"https:\/\/arpitex.pt\/#\/schema\/logo\/image\/"},"sameAs":["https:\/\/www.facebook.com\/arpitex\/"]}]}},"_links":{"self":[{"href":"https:\/\/arpitex.pt\/es\/wp-json\/wp\/v2\/pages\/672","targetHints":{"allow":["GET"]}}],"collection":[{"href":"https:\/\/arpitex.pt\/es\/wp-json\/wp\/v2\/pages"}],"about":[{"href":"https:\/\/arpitex.pt\/es\/wp-json\/wp\/v2\/types\/page"}],"author":[{"embeddable":true,"href":"https:\/\/arpitex.pt\/es\/wp-json\/wp\/v2\/users\/1"}],"replies":[{"embeddable":true,"href":"https:\/\/arpitex.pt\/es\/wp-json\/wp\/v2\/comments?post=672"}],"version-history":[{"count":2,"href":"https:\/\/arpitex.pt\/es\/wp-json\/wp\/v2\/pages\/672\/revisions"}],"predecessor-version":[{"id":701,"href":"https:\/\/arpitex.pt\/es\/wp-json\/wp\/v2\/pages\/672\/revisions\/701"}],"wp:attachment":[{"href":"https:\/\/arpitex.pt\/es\/wp-json\/wp\/v2\/media?parent=672"}],"curies":[{"name":"wp","href":"https:\/\/api.w.org\/{rel}","templated":true}]}}