{"id":582,"date":"2018-02-27T18:55:39","date_gmt":"2018-02-27T18:55:39","guid":{"rendered":"http:\/\/bussola.pt\/arpitex\/project-sheet-internationalization\/"},"modified":"2021-01-19T11:03:35","modified_gmt":"2021-01-19T11:03:35","slug":"ficha-de-proyecto-internacionalizacion","status":"publish","type":"page","link":"https:\/\/arpitex.pt\/es\/ficha-de-proyecto-internacionalizacion\/","title":{"rendered":"Ficha de proyecto Internacionalizaci\u00f3n"},"content":{"rendered":"<p>[vc_row][vc_column][vc_single_image image=\u00bb636&#8243; img_size=\u00bbfull\u00bb][vc_empty_space height=\u00bb50px\u00bb][vc_column_text]<strong>Designaci\u00f3n del proyecto:<\/strong> Calificaci\u00f3n de Arpitex para la internacionalizaci\u00f3n<br \/>\n<strong>C\u00f3digo del proyecto:<\/strong> POCI-02-0752-FEDER-019830 | POCI-03-3560-FSE-019830<\/p>\n<p><strong>Objetivo principal:<\/strong>Reforzar la competitividad de las peque\u00f1as y medianas empresas<br \/>\n<strong>Regi\u00f3n de intervenci\u00f3n:<\/strong> Norte<br \/>\n<strong>Entidad se beneficiar\u00eda:<\/strong> ARPITEX &#8211; COMERCIO E INDUSTRIA DE CONFECCIONES LDA<\/p>\n<p><strong>Fecha de aprobaci\u00f3n:<\/strong> 21\/02\/2017<br \/>\n<strong>Fecha de inicio: <\/strong>27\/04\/2016<br \/>\n<strong>Fecha de finalizaci\u00f3n:<\/strong> 26\/04\/2018<br \/>\n<strong>Coste total subvencionable:<\/strong> 539.958,05 Euros<br \/>\n<strong>Apoyo financiero de la Uni\u00f3n Europea:<\/strong> Feder: 241.026,32 Euros | FSE:2.606,40 euros<\/p>\n<p><strong>Objetivos, actividades y resultados esperados \/ alcanzados:<\/strong><br \/>\nCon este proyecto, la compa\u00f1\u00eda fortaleci\u00f3 su posici\u00f3n en el mercado, adem\u00e1s de ingresar a segmentos de mercado m\u00e1s exigentes, que son generadores de mayor valor agregado. El fortalecimiento de la capacidad de internacionalizaci\u00f3n es evidente, aumentando continuamente exportaciones mediante la aplicaci\u00f3n de nuevos modelos de negocio, factores de valoraci\u00f3n inmateriales de competitividad (desempe\u00f1o, organizaci\u00f3n interna, comunicaci\u00f3n externa, relaci\u00f3n con proveedores, ventas y clientes, control de calidad, procedimientos exitoso para la internacionalizaci\u00f3n sostenida).<br \/>\nLos principales objetivos del proyecto son:<br \/>\n&#8211; ser una de las empresas de referencia de la regi\u00f3n y a nivel internacional;<br \/>\n&#8211; Ser una empresa conocida y respetada en los mercados externos donde opera;<br \/>\n&#8211; Fomentar las relaciones de confianza con clientes y proveedores;<br \/>\n&#8211; Proporcionar un amplio leque de productos de calidad;<br \/>\n&#8211; Prestar los servicios al cliente con el cabal cumplimiento de los plazos;<br \/>\n&#8211; Apostar en la inversi\u00f3n permanente en equipos y materiales que permitan acompa\u00f1ar los desaf\u00edos de crecimiento y las exigencias del mercado.<br \/>\n&#8211; tener un equipo din\u00e1mico, profesional y competente;<br \/>\n&#8211; Apostar en el crecimiento sostenido y en el refuerzo de su posicionamiento en los mercados actuales y en la conquista de nuevos mercados.<\/p>\n<p><strong>Tasa de ejecuci\u00f3n:<\/strong> Concluded<\/p>\n<p><strong>Ubicaci\u00f3n:<\/strong> Guimar\u00e3es[\/vc_column_text][vc_empty_space height=\u00bb25px\u00bb][vc_row_inner css=\u00bb.vc_custom_1611049529208{margin-top: 50px !important;}\u00bb][vc_column_inner width=\u00bb1\/2&#8243;][vc_single_image image=\u00bb633&#8243; img_size=\u00bblarge\u00bb][\/vc_column_inner][vc_column_inner width=\u00bb1\/2&#8243;][vc_single_image image=\u00bb634&#8243; img_size=\u00bblarge\u00bb][\/vc_column_inner][\/vc_row_inner][\/vc_column][\/vc_row]<\/p>\n","protected":false},"excerpt":{"rendered":"<p>[vc_row][vc_column][vc_single_image image=\u00bb636&#8243; img_size=\u00bbfull\u00bb][vc_empty_space height=\u00bb50px\u00bb][vc_column_text]Designaci\u00f3n del proyecto: Calificaci\u00f3n de Arpitex para la internacionalizaci\u00f3n C\u00f3digo del proyecto: POCI-02-0752-FEDER-019830 | POCI-03-3560-FSE-019830 Objetivo principal:Reforzar &#8230;<\/p>\n","protected":false},"author":1,"featured_media":0,"parent":0,"menu_order":0,"comment_status":"closed","ping_status":"closed","template":"","meta":{"_monsterinsights_skip_tracking":false,"_monsterinsights_sitenote_active":false,"_monsterinsights_sitenote_note":"","_monsterinsights_sitenote_category":0,"footnotes":""},"class_list":["post-582","page","type-page","status-publish","hentry"],"yoast_head":"<!-- This site is optimized with the Yoast SEO plugin v24.7 - https:\/\/yoast.com\/wordpress\/plugins\/seo\/ -->\n<title>Ficha de proyecto Internacionalizaci\u00f3n - Arpitex<\/title>\n<meta name=\"robots\" content=\"index, follow, max-snippet:-1, max-image-preview:large, max-video-preview:-1\" \/>\n<link rel=\"canonical\" href=\"https:\/\/arpitex.pt\/project-sheet-internationalization\/\" \/>\n<meta property=\"og:locale\" content=\"es_ES\" \/>\n<meta property=\"og:type\" content=\"article\" \/>\n<meta property=\"og:title\" content=\"Ficha de proyecto Internacionalizaci\u00f3n - Arpitex\" \/>\n<meta property=\"og:description\" content=\"[vc_row][vc_column][vc_single_image image=\u00bb636&#8243; img_size=\u00bbfull\u00bb][vc_empty_space height=\u00bb50px\u00bb][vc_column_text]Designaci\u00f3n del proyecto: Calificaci\u00f3n de Arpitex para la internacionalizaci\u00f3n C\u00f3digo del proyecto: POCI-02-0752-FEDER-019830 | POCI-03-3560-FSE-019830 Objetivo principal:Reforzar ...\" \/>\n<meta property=\"og:url\" content=\"https:\/\/arpitex.pt\/project-sheet-internationalization\/\" \/>\n<meta property=\"og:site_name\" content=\"Arpitex\" \/>\n<meta property=\"article:publisher\" content=\"https:\/\/www.facebook.com\/arpitex\/\" \/>\n<meta property=\"article:modified_time\" content=\"2021-01-19T11:03:35+00:00\" \/>\n<meta name=\"twitter:card\" content=\"summary_large_image\" \/>\n<meta name=\"twitter:label1\" content=\"Tiempo de lectura\" \/>\n\t<meta name=\"twitter:data1\" content=\"2 minutos\" \/>\n<script type=\"application\/ld+json\" class=\"yoast-schema-graph\">{\"@context\":\"https:\/\/schema.org\",\"@graph\":[{\"@type\":\"WebPage\",\"@id\":\"https:\/\/arpitex.pt\/project-sheet-internationalization\/\",\"url\":\"https:\/\/arpitex.pt\/project-sheet-internationalization\/\",\"name\":\"Ficha de proyecto Internacionalizaci\u00f3n - Arpitex\",\"isPartOf\":{\"@id\":\"https:\/\/arpitex.pt\/#website\"},\"datePublished\":\"2018-02-27T18:55:39+00:00\",\"dateModified\":\"2021-01-19T11:03:35+00:00\",\"breadcrumb\":{\"@id\":\"https:\/\/arpitex.pt\/project-sheet-internationalization\/#breadcrumb\"},\"inLanguage\":\"es\",\"potentialAction\":[{\"@type\":\"ReadAction\",\"target\":[\"https:\/\/arpitex.pt\/project-sheet-internationalization\/\"]}]},{\"@type\":\"BreadcrumbList\",\"@id\":\"https:\/\/arpitex.pt\/project-sheet-internationalization\/#breadcrumb\",\"itemListElement\":[{\"@type\":\"ListItem\",\"position\":1,\"name\":\"Home\",\"item\":\"https:\/\/arpitex.pt\/\"},{\"@type\":\"ListItem\",\"position\":2,\"name\":\"Ficha de proyecto Internacionalizaci\u00f3n\"}]},{\"@type\":\"WebSite\",\"@id\":\"https:\/\/arpitex.pt\/#website\",\"url\":\"https:\/\/arpitex.pt\/\",\"name\":\"Arpitex\",\"description\":\"Com\u00e9rcio e Ind\u00fastria de Confec\u00e7\u00f5es, Lda.\",\"publisher\":{\"@id\":\"https:\/\/arpitex.pt\/#organization\"},\"potentialAction\":[{\"@type\":\"SearchAction\",\"target\":{\"@type\":\"EntryPoint\",\"urlTemplate\":\"https:\/\/arpitex.pt\/?s={search_term_string}\"},\"query-input\":{\"@type\":\"PropertyValueSpecification\",\"valueRequired\":true,\"valueName\":\"search_term_string\"}}],\"inLanguage\":\"es\"},{\"@type\":\"Organization\",\"@id\":\"https:\/\/arpitex.pt\/#organization\",\"name\":\"ARPITEX - Com\u00e9rcio e Ind\u00fastria de Confec\u00e7\u00f5es, Lda.\",\"url\":\"https:\/\/arpitex.pt\/\",\"logo\":{\"@type\":\"ImageObject\",\"inLanguage\":\"es\",\"@id\":\"https:\/\/arpitex.pt\/#\/schema\/logo\/image\/\",\"url\":\"https:\/\/arpitex.pt\/wp-content\/uploads\/2018\/12\/transferir.png\",\"contentUrl\":\"https:\/\/arpitex.pt\/wp-content\/uploads\/2018\/12\/transferir.png\",\"width\":300,\"height\":100,\"caption\":\"ARPITEX - Com\u00e9rcio e Ind\u00fastria de Confec\u00e7\u00f5es, Lda.\"},\"image\":{\"@id\":\"https:\/\/arpitex.pt\/#\/schema\/logo\/image\/\"},\"sameAs\":[\"https:\/\/www.facebook.com\/arpitex\/\"]}]}<\/script>\n<!-- \/ Yoast SEO plugin. -->","yoast_head_json":{"title":"Ficha de proyecto Internacionalizaci\u00f3n - Arpitex","robots":{"index":"index","follow":"follow","max-snippet":"max-snippet:-1","max-image-preview":"max-image-preview:large","max-video-preview":"max-video-preview:-1"},"canonical":"https:\/\/arpitex.pt\/project-sheet-internationalization\/","og_locale":"es_ES","og_type":"article","og_title":"Ficha de proyecto Internacionalizaci\u00f3n - Arpitex","og_description":"[vc_row][vc_column][vc_single_image image=\u00bb636&#8243; img_size=\u00bbfull\u00bb][vc_empty_space height=\u00bb50px\u00bb][vc_column_text]Designaci\u00f3n del proyecto: Calificaci\u00f3n de Arpitex para la internacionalizaci\u00f3n C\u00f3digo del proyecto: POCI-02-0752-FEDER-019830 | POCI-03-3560-FSE-019830 Objetivo principal:Reforzar ...","og_url":"https:\/\/arpitex.pt\/project-sheet-internationalization\/","og_site_name":"Arpitex","article_publisher":"https:\/\/www.facebook.com\/arpitex\/","article_modified_time":"2021-01-19T11:03:35+00:00","twitter_card":"summary_large_image","twitter_misc":{"Tiempo de lectura":"2 minutos"},"schema":{"@context":"https:\/\/schema.org","@graph":[{"@type":"WebPage","@id":"https:\/\/arpitex.pt\/project-sheet-internationalization\/","url":"https:\/\/arpitex.pt\/project-sheet-internationalization\/","name":"Ficha de proyecto Internacionalizaci\u00f3n - Arpitex","isPartOf":{"@id":"https:\/\/arpitex.pt\/#website"},"datePublished":"2018-02-27T18:55:39+00:00","dateModified":"2021-01-19T11:03:35+00:00","breadcrumb":{"@id":"https:\/\/arpitex.pt\/project-sheet-internationalization\/#breadcrumb"},"inLanguage":"es","potentialAction":[{"@type":"ReadAction","target":["https:\/\/arpitex.pt\/project-sheet-internationalization\/"]}]},{"@type":"BreadcrumbList","@id":"https:\/\/arpitex.pt\/project-sheet-internationalization\/#breadcrumb","itemListElement":[{"@type":"ListItem","position":1,"name":"Home","item":"https:\/\/arpitex.pt\/"},{"@type":"ListItem","position":2,"name":"Ficha de proyecto Internacionalizaci\u00f3n"}]},{"@type":"WebSite","@id":"https:\/\/arpitex.pt\/#website","url":"https:\/\/arpitex.pt\/","name":"Arpitex","description":"Com\u00e9rcio e Ind\u00fastria de Confec\u00e7\u00f5es, Lda.","publisher":{"@id":"https:\/\/arpitex.pt\/#organization"},"potentialAction":[{"@type":"SearchAction","target":{"@type":"EntryPoint","urlTemplate":"https:\/\/arpitex.pt\/?s={search_term_string}"},"query-input":{"@type":"PropertyValueSpecification","valueRequired":true,"valueName":"search_term_string"}}],"inLanguage":"es"},{"@type":"Organization","@id":"https:\/\/arpitex.pt\/#organization","name":"ARPITEX - Com\u00e9rcio e Ind\u00fastria de Confec\u00e7\u00f5es, Lda.","url":"https:\/\/arpitex.pt\/","logo":{"@type":"ImageObject","inLanguage":"es","@id":"https:\/\/arpitex.pt\/#\/schema\/logo\/image\/","url":"https:\/\/arpitex.pt\/wp-content\/uploads\/2018\/12\/transferir.png","contentUrl":"https:\/\/arpitex.pt\/wp-content\/uploads\/2018\/12\/transferir.png","width":300,"height":100,"caption":"ARPITEX - Com\u00e9rcio e Ind\u00fastria de Confec\u00e7\u00f5es, Lda."},"image":{"@id":"https:\/\/arpitex.pt\/#\/schema\/logo\/image\/"},"sameAs":["https:\/\/www.facebook.com\/arpitex\/"]}]}},"_links":{"self":[{"href":"https:\/\/arpitex.pt\/es\/wp-json\/wp\/v2\/pages\/582","targetHints":{"allow":["GET"]}}],"collection":[{"href":"https:\/\/arpitex.pt\/es\/wp-json\/wp\/v2\/pages"}],"about":[{"href":"https:\/\/arpitex.pt\/es\/wp-json\/wp\/v2\/types\/page"}],"author":[{"embeddable":true,"href":"https:\/\/arpitex.pt\/es\/wp-json\/wp\/v2\/users\/1"}],"replies":[{"embeddable":true,"href":"https:\/\/arpitex.pt\/es\/wp-json\/wp\/v2\/comments?post=582"}],"version-history":[{"count":3,"href":"https:\/\/arpitex.pt\/es\/wp-json\/wp\/v2\/pages\/582\/revisions"}],"predecessor-version":[{"id":649,"href":"https:\/\/arpitex.pt\/es\/wp-json\/wp\/v2\/pages\/582\/revisions\/649"}],"wp:attachment":[{"href":"https:\/\/arpitex.pt\/es\/wp-json\/wp\/v2\/media?parent=582"}],"curies":[{"name":"wp","href":"https:\/\/api.w.org\/{rel}","templated":true}]}}