{"id":574,"date":"2018-02-20T19:14:19","date_gmt":"2018-02-20T19:14:19","guid":{"rendered":"http:\/\/bussola.pt\/arpitex\/project-sheet-inovation\/"},"modified":"2019-03-28T10:41:31","modified_gmt":"2019-03-28T10:41:31","slug":"ficha-de-proyecto-innovacion","status":"publish","type":"page","link":"https:\/\/arpitex.pt\/es\/ficha-de-proyecto-innovacion\/","title":{"rendered":"Ficha de proyecto Innovaci\u00f3n"},"content":{"rendered":"<p>[vc_row][vc_column][vc_single_image image=\u00bb308&#8243; img_size=\u00bbfull\u00bb][vc_empty_space height=\u00bb50px\u00bb][vc_column_text]<strong>Designaci\u00f3n proyecto:<\/strong> Arpitex: creatividad e innovaci\u00f3n al servicio de la internacionalizaci\u00f3n<br \/>\n<strong>C\u00f3digo del proyecto: <\/strong>NORTE-02-0853-FEDER-014723 NORTE-06-3.560 FSE-014723<\/p>\n<p><strong>Objetivo principal:<\/strong> OT 3 &#8211; Reforzar la competitividad de las PYME<br \/>\n<strong>Regi\u00f3n de intervenci\u00f3n:<\/strong> Norte<br \/>\n<strong>Entidad se beneficiar\u00eda:<\/strong> ARPITEX &#8211; COMERCIO E INDUSTRIA DE CONFECCIONES LDA<\/p>\n<p><strong>Fecha de aprobaci\u00f3n:<\/strong> 2016-04-14<br \/>\n<strong>Fecha de inicio:<\/strong> 01-10-2015<br \/>\n<strong>Fecha de finalizaci\u00f3n:<\/strong> 30-09-2017<br \/>\n<strong>Coste total subvencionable:<\/strong> 210.613,96 Euros<br \/>\n<strong>Apoyo financiero de la Uni\u00f3n Europea:<\/strong> Feder: 116.969,33 Euros FSE: 9.399,04 Euros<\/p>\n<p><strong>Objetivos, actividades y resultados esperados \/ alcanzados:<\/strong><br \/>\nCon el presente proyecto, el beneficiario tiene como objetivo implementar un nuevo proceso productivo que le permita crear una nueva gama de productos &#8211; art\u00edculos t\u00e9cnicos de deporte \/ fitness, con mayor valor a\u00f1adido, con caracter\u00edsticas \u00fatiles y diferenciadoras como la mayor resistencia, la impermeabilidad, la respirabilidad y la comodidad. Adem\u00e1s de la ropa deportiva de nivel profesional tambi\u00e9n pretende ofrecer una gama de productos complementarios y ropa deportiva casual.<\/p>\n<p><strong>Como principales objetivos destaca:<\/strong><br \/>\n&#8211; Ser una de las empresas de referencia de la regi\u00f3n;<br \/>\n&#8211; Ser una empresa conocida y respetada en los mercados donde opera;<br \/>\n&#8211; Fomentar las relaciones de confianza \/ trabajo con clientes y proveedores;<br \/>\n&#8211; Proporcionar un amplio abanico de productos de calidad;<br \/>\n&#8211; Prestar los servicios al cliente con el cabal cumplimiento de los plazos;<br \/>\n&#8211; Apostar en la inversi\u00f3n permanente en equipos y materiales que permitan acompa\u00f1ar los desaf\u00edos de crecimiento y las exigencias del mercado;<br \/>\n&#8211; tener un equipo din\u00e1mico, profesional y competente;<br \/>\n&#8211; Apostar en el crecimiento sostenido y en el refuerzo de su posicionamiento en los mercados actuales y en la conquista de nuevos mercados.<\/p>\n<p><strong>Indicadores:<\/strong><br \/>\na) trabajadores que se consideren m\u00e1s aptos para la innovaci\u00f3n y la gesti\u00f3n despu\u00e9s de la frecuencia formaci\u00f3n: Encuesta a los alumnos despu\u00e9s de la conclusi\u00f3n de las acciones de formaci\u00f3n;<br \/>\nb) Indicador I1 &#8211; Valor a\u00f1adido Bruto &#8211; VAB (valores post-proyecto): 1.010.601,52 Euros;<br \/>\nc) Indicador I2 &#8211; Creaci\u00f3n de empleo calificado &#8211; CEQ (valores post-proyecto): 3 Puestos de trabajo trabajar;<br \/>\nd) Indicador I3 &#8211; Volumen de Negocios &#8211; VN (valores post-proyecto): 4.851.722,35 Euros.[\/vc_column_text][\/vc_column][\/vc_row]<\/p>\n","protected":false},"excerpt":{"rendered":"<p>[vc_row][vc_column][vc_single_image image=\u00bb308&#8243; img_size=\u00bbfull\u00bb][vc_empty_space height=\u00bb50px\u00bb][vc_column_text]Designaci\u00f3n proyecto: Arpitex: creatividad e innovaci\u00f3n al servicio de la internacionalizaci\u00f3n C\u00f3digo del proyecto: NORTE-02-0853-FEDER-014723 NORTE-06-3.560 FSE-014723 &#8230;<\/p>\n","protected":false},"author":1,"featured_media":0,"parent":0,"menu_order":0,"comment_status":"closed","ping_status":"closed","template":"","meta":{"_monsterinsights_skip_tracking":false,"_monsterinsights_sitenote_active":false,"_monsterinsights_sitenote_note":"","_monsterinsights_sitenote_category":0,"footnotes":""},"class_list":["post-574","page","type-page","status-publish","hentry"],"yoast_head":"<!-- This site is optimized with the Yoast SEO plugin v24.7 - https:\/\/yoast.com\/wordpress\/plugins\/seo\/ -->\n<title>Ficha de proyecto Innovaci\u00f3n - Arpitex<\/title>\n<meta name=\"robots\" content=\"index, follow, max-snippet:-1, max-image-preview:large, max-video-preview:-1\" \/>\n<link rel=\"canonical\" href=\"https:\/\/arpitex.pt\/project-sheet-inovation\/\" \/>\n<meta property=\"og:locale\" content=\"es_ES\" \/>\n<meta property=\"og:type\" content=\"article\" \/>\n<meta property=\"og:title\" content=\"Ficha de proyecto Innovaci\u00f3n - Arpitex\" \/>\n<meta property=\"og:description\" content=\"[vc_row][vc_column][vc_single_image image=\u00bb308&#8243; img_size=\u00bbfull\u00bb][vc_empty_space height=\u00bb50px\u00bb][vc_column_text]Designaci\u00f3n proyecto: Arpitex: creatividad e innovaci\u00f3n al servicio de la internacionalizaci\u00f3n C\u00f3digo del proyecto: NORTE-02-0853-FEDER-014723 NORTE-06-3.560 FSE-014723 ...\" \/>\n<meta property=\"og:url\" content=\"https:\/\/arpitex.pt\/project-sheet-inovation\/\" \/>\n<meta property=\"og:site_name\" content=\"Arpitex\" \/>\n<meta property=\"article:publisher\" content=\"https:\/\/www.facebook.com\/arpitex\/\" \/>\n<meta property=\"article:modified_time\" content=\"2019-03-28T10:41:31+00:00\" \/>\n<meta name=\"twitter:card\" content=\"summary_large_image\" \/>\n<meta name=\"twitter:label1\" content=\"Tiempo de lectura\" \/>\n\t<meta name=\"twitter:data1\" content=\"2 minutos\" \/>\n<script type=\"application\/ld+json\" class=\"yoast-schema-graph\">{\"@context\":\"https:\/\/schema.org\",\"@graph\":[{\"@type\":\"WebPage\",\"@id\":\"https:\/\/arpitex.pt\/project-sheet-inovation\/\",\"url\":\"https:\/\/arpitex.pt\/project-sheet-inovation\/\",\"name\":\"Ficha de proyecto Innovaci\u00f3n - Arpitex\",\"isPartOf\":{\"@id\":\"https:\/\/arpitex.pt\/#website\"},\"datePublished\":\"2018-02-20T19:14:19+00:00\",\"dateModified\":\"2019-03-28T10:41:31+00:00\",\"breadcrumb\":{\"@id\":\"https:\/\/arpitex.pt\/project-sheet-inovation\/#breadcrumb\"},\"inLanguage\":\"es\",\"potentialAction\":[{\"@type\":\"ReadAction\",\"target\":[\"https:\/\/arpitex.pt\/project-sheet-inovation\/\"]}]},{\"@type\":\"BreadcrumbList\",\"@id\":\"https:\/\/arpitex.pt\/project-sheet-inovation\/#breadcrumb\",\"itemListElement\":[{\"@type\":\"ListItem\",\"position\":1,\"name\":\"Home\",\"item\":\"https:\/\/arpitex.pt\/\"},{\"@type\":\"ListItem\",\"position\":2,\"name\":\"Ficha de proyecto Innovaci\u00f3n\"}]},{\"@type\":\"WebSite\",\"@id\":\"https:\/\/arpitex.pt\/#website\",\"url\":\"https:\/\/arpitex.pt\/\",\"name\":\"Arpitex\",\"description\":\"Com\u00e9rcio e Ind\u00fastria de Confec\u00e7\u00f5es, Lda.\",\"publisher\":{\"@id\":\"https:\/\/arpitex.pt\/#organization\"},\"potentialAction\":[{\"@type\":\"SearchAction\",\"target\":{\"@type\":\"EntryPoint\",\"urlTemplate\":\"https:\/\/arpitex.pt\/?s={search_term_string}\"},\"query-input\":{\"@type\":\"PropertyValueSpecification\",\"valueRequired\":true,\"valueName\":\"search_term_string\"}}],\"inLanguage\":\"es\"},{\"@type\":\"Organization\",\"@id\":\"https:\/\/arpitex.pt\/#organization\",\"name\":\"ARPITEX - Com\u00e9rcio e Ind\u00fastria de Confec\u00e7\u00f5es, Lda.\",\"url\":\"https:\/\/arpitex.pt\/\",\"logo\":{\"@type\":\"ImageObject\",\"inLanguage\":\"es\",\"@id\":\"https:\/\/arpitex.pt\/#\/schema\/logo\/image\/\",\"url\":\"https:\/\/arpitex.pt\/wp-content\/uploads\/2018\/12\/transferir.png\",\"contentUrl\":\"https:\/\/arpitex.pt\/wp-content\/uploads\/2018\/12\/transferir.png\",\"width\":300,\"height\":100,\"caption\":\"ARPITEX - Com\u00e9rcio e Ind\u00fastria de Confec\u00e7\u00f5es, Lda.\"},\"image\":{\"@id\":\"https:\/\/arpitex.pt\/#\/schema\/logo\/image\/\"},\"sameAs\":[\"https:\/\/www.facebook.com\/arpitex\/\"]}]}<\/script>\n<!-- \/ Yoast SEO plugin. -->","yoast_head_json":{"title":"Ficha de proyecto Innovaci\u00f3n - Arpitex","robots":{"index":"index","follow":"follow","max-snippet":"max-snippet:-1","max-image-preview":"max-image-preview:large","max-video-preview":"max-video-preview:-1"},"canonical":"https:\/\/arpitex.pt\/project-sheet-inovation\/","og_locale":"es_ES","og_type":"article","og_title":"Ficha de proyecto Innovaci\u00f3n - Arpitex","og_description":"[vc_row][vc_column][vc_single_image image=\u00bb308&#8243; img_size=\u00bbfull\u00bb][vc_empty_space height=\u00bb50px\u00bb][vc_column_text]Designaci\u00f3n proyecto: Arpitex: creatividad e innovaci\u00f3n al servicio de la internacionalizaci\u00f3n C\u00f3digo del proyecto: NORTE-02-0853-FEDER-014723 NORTE-06-3.560 FSE-014723 ...","og_url":"https:\/\/arpitex.pt\/project-sheet-inovation\/","og_site_name":"Arpitex","article_publisher":"https:\/\/www.facebook.com\/arpitex\/","article_modified_time":"2019-03-28T10:41:31+00:00","twitter_card":"summary_large_image","twitter_misc":{"Tiempo de lectura":"2 minutos"},"schema":{"@context":"https:\/\/schema.org","@graph":[{"@type":"WebPage","@id":"https:\/\/arpitex.pt\/project-sheet-inovation\/","url":"https:\/\/arpitex.pt\/project-sheet-inovation\/","name":"Ficha de proyecto Innovaci\u00f3n - Arpitex","isPartOf":{"@id":"https:\/\/arpitex.pt\/#website"},"datePublished":"2018-02-20T19:14:19+00:00","dateModified":"2019-03-28T10:41:31+00:00","breadcrumb":{"@id":"https:\/\/arpitex.pt\/project-sheet-inovation\/#breadcrumb"},"inLanguage":"es","potentialAction":[{"@type":"ReadAction","target":["https:\/\/arpitex.pt\/project-sheet-inovation\/"]}]},{"@type":"BreadcrumbList","@id":"https:\/\/arpitex.pt\/project-sheet-inovation\/#breadcrumb","itemListElement":[{"@type":"ListItem","position":1,"name":"Home","item":"https:\/\/arpitex.pt\/"},{"@type":"ListItem","position":2,"name":"Ficha de proyecto Innovaci\u00f3n"}]},{"@type":"WebSite","@id":"https:\/\/arpitex.pt\/#website","url":"https:\/\/arpitex.pt\/","name":"Arpitex","description":"Com\u00e9rcio e Ind\u00fastria de Confec\u00e7\u00f5es, Lda.","publisher":{"@id":"https:\/\/arpitex.pt\/#organization"},"potentialAction":[{"@type":"SearchAction","target":{"@type":"EntryPoint","urlTemplate":"https:\/\/arpitex.pt\/?s={search_term_string}"},"query-input":{"@type":"PropertyValueSpecification","valueRequired":true,"valueName":"search_term_string"}}],"inLanguage":"es"},{"@type":"Organization","@id":"https:\/\/arpitex.pt\/#organization","name":"ARPITEX - Com\u00e9rcio e Ind\u00fastria de Confec\u00e7\u00f5es, Lda.","url":"https:\/\/arpitex.pt\/","logo":{"@type":"ImageObject","inLanguage":"es","@id":"https:\/\/arpitex.pt\/#\/schema\/logo\/image\/","url":"https:\/\/arpitex.pt\/wp-content\/uploads\/2018\/12\/transferir.png","contentUrl":"https:\/\/arpitex.pt\/wp-content\/uploads\/2018\/12\/transferir.png","width":300,"height":100,"caption":"ARPITEX - Com\u00e9rcio e Ind\u00fastria de Confec\u00e7\u00f5es, Lda."},"image":{"@id":"https:\/\/arpitex.pt\/#\/schema\/logo\/image\/"},"sameAs":["https:\/\/www.facebook.com\/arpitex\/"]}]}},"_links":{"self":[{"href":"https:\/\/arpitex.pt\/es\/wp-json\/wp\/v2\/pages\/574","targetHints":{"allow":["GET"]}}],"collection":[{"href":"https:\/\/arpitex.pt\/es\/wp-json\/wp\/v2\/pages"}],"about":[{"href":"https:\/\/arpitex.pt\/es\/wp-json\/wp\/v2\/types\/page"}],"author":[{"embeddable":true,"href":"https:\/\/arpitex.pt\/es\/wp-json\/wp\/v2\/users\/1"}],"replies":[{"embeddable":true,"href":"https:\/\/arpitex.pt\/es\/wp-json\/wp\/v2\/comments?post=574"}],"version-history":[{"count":2,"href":"https:\/\/arpitex.pt\/es\/wp-json\/wp\/v2\/pages\/574\/revisions"}],"predecessor-version":[{"id":576,"href":"https:\/\/arpitex.pt\/es\/wp-json\/wp\/v2\/pages\/574\/revisions\/576"}],"wp:attachment":[{"href":"https:\/\/arpitex.pt\/es\/wp-json\/wp\/v2\/media?parent=574"}],"curies":[{"name":"wp","href":"https:\/\/api.w.org\/{rel}","templated":true}]}}