{"id":532,"date":"2015-09-11T02:18:36","date_gmt":"2015-09-11T02:18:36","guid":{"rendered":"http:\/\/bussola.pt\/arpitex\/servicos\/"},"modified":"2019-03-28T10:39:49","modified_gmt":"2019-03-28T10:39:49","slug":"servicos","status":"publish","type":"page","link":"https:\/\/arpitex.pt\/es\/servicos\/","title":{"rendered":"Servicios"},"content":{"rendered":"<p>[vc_row][vc_column][title title=\u00bbSERVI\u00c7OS\u00bb sub_title=\u00bb\u00bb][vc_column_text]Nosotros producimos en \u00ablavel privado\u00bb.El sistem\u00e1tico investimento en dise\u00f1o y tecnolog\u00eda est\u00e1 en el \u00abDNA\u00bb de <span style=\"font-family: 'Cooper Black', Times, serif;\">Arpitex<\/span>.[\/vc_column_text][vc_empty_space height=\u00bb50px\u00bb][vc_column_text]<\/p>\n<h3>SOURCING<\/h3>\n<p>La versatilidad y la flexibilidad operacional del proceso productivo, nos permite ajustar permanentemente las nuevas tendencias y patrones de sofisticaci\u00f3n creciente, buscando constantemente la \u00abnovedad\u00bb.<\/p>\n<p>Ofrecemos una amplia gama de diferentes tipos de tejidos y materiales, multiplicando una variedad de combinaciones para permitir todo el espacio imaginativo (e inimaginable &#8230;) a la creatividad de nuestros clientes!<\/p>\n<p>Hemos a\u00f1adido el conocimiento de nuestros especialistas a las tecnolog\u00edas m\u00e1s avanzadas, garantizando el know-how t\u00e9cnico de confianza.<\/p>\n<p>Equipado con todos los equipamientos m\u00e1s recientes para garantizar el desarrollo de todas las etapas, desde la creaci\u00f3n a la fase de producci\u00f3n, con rigor y calidad, incluyendo el embalaje y log\u00edstica de env\u00edo de nuestros productos.[\/vc_column_text][vc_empty_space height=\u00bb50px\u00bb][vc_separator style=\u00bbdashed\u00bb][vc_empty_space height=\u00bb50px\u00bb][\/vc_column][\/vc_row][vc_row][vc_column][vc_column_text]<\/p>\n<h3>DESIGN<\/h3>\n<p>Nuestro equipo de dise\u00f1o presta asistencia y trabaja conjuntamente con nuestros clientes en el proceso de desarrollo de nuevos modelos, para asegurar la obtenci\u00f3n del resultado deseado.[\/vc_column_text][vc_empty_space height=\u00bb50px\u00bb][vc_separator style=\u00bbdashed\u00bb][vc_empty_space height=\u00bb50px\u00bb][\/vc_column][\/vc_row][vc_row][vc_column][vc_column_text]<\/p>\n<h3>LAB<\/h3>\n<p>Evaluamos la calidad y la conformidad de los tejidos cumpliendo las normas obligatorias (REACH, \u00d6kotex &#8230;). Realizamos pruebas rigurosas al contenido de las materias primas utilizadas y asegura su calidad a trav\u00e9s de an\u00e1lisis f\u00edsicos y qu\u00edmicos.<\/p>\n<p>Realizamos una amplia bater\u00eda de pruebas:<br \/>\n\u00b7\u00a0An\u00e1lisis qu\u00edmico;<br \/>\n\u00b7 Caracter\u00edsticas textiles;<br \/>\n\u00b7 Solidez del color;<br \/>\n\u00b7 Nivel de toxicidad;<br \/>\n\u00b7 Estabilidad dimensional;<br \/>\n\u00b7 Resistencia f\u00edsica, etc.[\/vc_column_text][vc_empty_space height=\u00bb50px\u00bb][vc_separator style=\u00bbdashed\u00bb][vc_empty_space height=\u00bb50px\u00bb][\/vc_column][\/vc_row][vc_row][vc_column][vc_column_text]<\/p>\n<h3>CAD\/CAM<\/h3>\n<p>Disponemos de avanzado software de optimizaci\u00f3n de operaciones de corte de tejido, reduciendo al m\u00e1ximo el desperdicio de materias primas. Nuestro sistema de corte autom\u00e1tico compuesto por dos m\u00e1quinas \u00abGerber\u00bb permite realizar el corte simult\u00e1neo de varias capas de tejido hasta 5 cm de espesor, en gran diversidad de materiales textiles.[\/vc_column_text][vc_empty_space height=\u00bb50px\u00bb][vc_separator style=\u00bbdashed\u00bb][vc_empty_space height=\u00bb50px\u00bb][\/vc_column][\/vc_row][vc_row][vc_column][vc_column_text]<\/p>\n<h3>FINISHING<\/h3>\n<p>Garantizamos una respuesta r\u00e1pida y de alta calidad al cliente, incluso en los art\u00edculos m\u00e1s delicados. Con el conjunto de nuestros socios realizamos productos de alta calidad con diversas t\u00e9cnicas como:[\/vc_column_text][vc_empty_space height=\u00bb50px\u00bb][vc_row_inner css=\u00bb.vc_custom_1519237703103{margin-bottom: 0px !important;padding-bottom: 0px !important;}\u00bb][vc_column_inner css=\u00bb.vc_custom_1519237682824{margin-bottom: 0px !important;padding-bottom: 0px !important;}\u00bb][service title=\u00bbIMPRESI\u00d3N DIGITAL\u00bb desc=\u00bbIMPRESI\u00d3N DIGITAL<br \/>\nEstampaci\u00f3n digital que permite aplicar todo el timo de imagen y efectos digitales con un nivel m\u00e1ximo de resoluci\u00f3n y consistencia que se aproximan a la perfecci\u00f3n, a nivel de imagen y efecto, asociando la ventaja de gasto m\u00ednimo de productos qu\u00edmicos, elevando el nivel ecol\u00f3gico del producto final. Esta tecnolog\u00eda utiliza eco-tintas a base de agua con el certificado Oeko-Tex.\u00bb icon_type=\u00bbicon_image\u00bb][service title=\u00bbSUBLIMACI\u00d3N\u00bb desc=\u00bbT\u00e9cnica ajustada para impresi\u00f3n en fibras textiles (+ 50% en poli\u00e9ster), con la gra ventaja de ser altamente resistente al lavado y mantener los colores consistentes y brillantes, siendo capaz de proporcionar contrastes r\u00edgidos. Esta t\u00e9cnica tambi\u00e9n permite a los tejidos sublimados mayor absorci\u00f3n de luz y reducci\u00f3n de brillo.\u00bb icon_type=\u00bbicon_image\u00bb][service title=\u00bbAIRDYE\u00bb desc=\u00bbLa tecnolog\u00eda Airdye es revolucionaria en la impresi\u00f3n y te\u00f1ido de tejidos ya que no requiere el uso de agua. Los colorantes patentados se transfieren a los tejidos a trav\u00e9s de un proceso de calentamiento, sin utilizar disolventes o la emisi\u00f3n de cualquier agente contaminante. Es el proceso de impresi\u00f3n y te\u00f1ido actualmente m\u00e1s avanzado al nivel de la \u00abhuella ecol\u00f3gica\u00ab. Tanto los colorantes y los pigmentos utilizados como el papel usado pueden ser totalmente reciclables.\u00bb icon_type=\u00bbicon_image\u00bb][service title=\u00bbLAVADOS:\u00bb desc=\u00bb\u00b7 Anti-Pilling: lavado con enzimas que quita el pelo y proporciona un aspecto limpio y muy suave a las piezas.<br \/>\n\u00b7 Devor\u00e9: aplicaci\u00f3n de un proceso qu\u00edmico capaz de producir un efecto de corrosi\u00f3n, que puede aplicarse a toda la pieza, o s\u00f3lo en la parte en que se pretende el efecto.<br \/>\n\u00b7 Fade Out: confiere a las piezas un aspecto envejecido (tipo jeans).\u00bb icon_type=\u00bbicon_image\u00bb][\/vc_column_inner][\/vc_row_inner][\/vc_column][\/vc_row]<\/p>\n","protected":false},"excerpt":{"rendered":"<p>[vc_row][vc_column][title title=\u00bbSERVI\u00c7OS\u00bb sub_title=\u00bb\u00bb][vc_column_text]Nosotros producimos en \u00ablavel privado\u00bb.El sistem\u00e1tico investimento en dise\u00f1o y tecnolog\u00eda est\u00e1 en el \u00abDNA\u00bb de Arpitex.[\/vc_column_text][vc_empty_space height=\u00bb50px\u00bb][vc_column_text] &#8230;<\/p>\n","protected":false},"author":1,"featured_media":0,"parent":0,"menu_order":0,"comment_status":"closed","ping_status":"closed","template":"","meta":{"_monsterinsights_skip_tracking":false,"_monsterinsights_sitenote_active":false,"_monsterinsights_sitenote_note":"","_monsterinsights_sitenote_category":0,"footnotes":""},"class_list":["post-532","page","type-page","status-publish","hentry"],"yoast_head":"<!-- This site is optimized with the Yoast SEO plugin v24.7 - https:\/\/yoast.com\/wordpress\/plugins\/seo\/ -->\n<title>Servicios - Arpitex<\/title>\n<meta name=\"robots\" content=\"index, follow, max-snippet:-1, max-image-preview:large, max-video-preview:-1\" \/>\n<link rel=\"canonical\" href=\"https:\/\/arpitex.pt\/services\/\" \/>\n<meta property=\"og:locale\" content=\"es_ES\" \/>\n<meta property=\"og:type\" content=\"article\" \/>\n<meta property=\"og:title\" content=\"Servicios - Arpitex\" \/>\n<meta property=\"og:description\" content=\"[vc_row][vc_column][title title=\u00bbSERVI\u00c7OS\u00bb sub_title=\u00bb\u00bb][vc_column_text]Nosotros producimos en \u00ablavel privado\u00bb.El sistem\u00e1tico investimento en dise\u00f1o y tecnolog\u00eda est\u00e1 en el \u00abDNA\u00bb de Arpitex.[\/vc_column_text][vc_empty_space height=\u00bb50px\u00bb][vc_column_text] ...\" \/>\n<meta property=\"og:url\" content=\"https:\/\/arpitex.pt\/services\/\" \/>\n<meta property=\"og:site_name\" content=\"Arpitex\" \/>\n<meta property=\"article:publisher\" content=\"https:\/\/www.facebook.com\/arpitex\/\" \/>\n<meta property=\"article:modified_time\" content=\"2019-03-28T10:39:49+00:00\" \/>\n<meta name=\"twitter:card\" content=\"summary_large_image\" \/>\n<meta name=\"twitter:label1\" content=\"Tiempo de lectura\" \/>\n\t<meta name=\"twitter:data1\" content=\"4 minutos\" \/>\n<script type=\"application\/ld+json\" class=\"yoast-schema-graph\">{\"@context\":\"https:\/\/schema.org\",\"@graph\":[{\"@type\":\"WebPage\",\"@id\":\"https:\/\/arpitex.pt\/services\/\",\"url\":\"https:\/\/arpitex.pt\/services\/\",\"name\":\"Servicios - Arpitex\",\"isPartOf\":{\"@id\":\"https:\/\/arpitex.pt\/#website\"},\"datePublished\":\"2015-09-11T02:18:36+00:00\",\"dateModified\":\"2019-03-28T10:39:49+00:00\",\"breadcrumb\":{\"@id\":\"https:\/\/arpitex.pt\/services\/#breadcrumb\"},\"inLanguage\":\"es\",\"potentialAction\":[{\"@type\":\"ReadAction\",\"target\":[\"https:\/\/arpitex.pt\/services\/\"]}]},{\"@type\":\"BreadcrumbList\",\"@id\":\"https:\/\/arpitex.pt\/services\/#breadcrumb\",\"itemListElement\":[{\"@type\":\"ListItem\",\"position\":1,\"name\":\"Home\",\"item\":\"https:\/\/arpitex.pt\/\"},{\"@type\":\"ListItem\",\"position\":2,\"name\":\"Servicios\"}]},{\"@type\":\"WebSite\",\"@id\":\"https:\/\/arpitex.pt\/#website\",\"url\":\"https:\/\/arpitex.pt\/\",\"name\":\"Arpitex\",\"description\":\"Com\u00e9rcio e Ind\u00fastria de Confec\u00e7\u00f5es, Lda.\",\"publisher\":{\"@id\":\"https:\/\/arpitex.pt\/#organization\"},\"potentialAction\":[{\"@type\":\"SearchAction\",\"target\":{\"@type\":\"EntryPoint\",\"urlTemplate\":\"https:\/\/arpitex.pt\/?s={search_term_string}\"},\"query-input\":{\"@type\":\"PropertyValueSpecification\",\"valueRequired\":true,\"valueName\":\"search_term_string\"}}],\"inLanguage\":\"es\"},{\"@type\":\"Organization\",\"@id\":\"https:\/\/arpitex.pt\/#organization\",\"name\":\"ARPITEX - Com\u00e9rcio e Ind\u00fastria de Confec\u00e7\u00f5es, Lda.\",\"url\":\"https:\/\/arpitex.pt\/\",\"logo\":{\"@type\":\"ImageObject\",\"inLanguage\":\"es\",\"@id\":\"https:\/\/arpitex.pt\/#\/schema\/logo\/image\/\",\"url\":\"https:\/\/arpitex.pt\/wp-content\/uploads\/2018\/12\/transferir.png\",\"contentUrl\":\"https:\/\/arpitex.pt\/wp-content\/uploads\/2018\/12\/transferir.png\",\"width\":300,\"height\":100,\"caption\":\"ARPITEX - Com\u00e9rcio e Ind\u00fastria de Confec\u00e7\u00f5es, Lda.\"},\"image\":{\"@id\":\"https:\/\/arpitex.pt\/#\/schema\/logo\/image\/\"},\"sameAs\":[\"https:\/\/www.facebook.com\/arpitex\/\"]}]}<\/script>\n<!-- \/ Yoast SEO plugin. -->","yoast_head_json":{"title":"Servicios - Arpitex","robots":{"index":"index","follow":"follow","max-snippet":"max-snippet:-1","max-image-preview":"max-image-preview:large","max-video-preview":"max-video-preview:-1"},"canonical":"https:\/\/arpitex.pt\/services\/","og_locale":"es_ES","og_type":"article","og_title":"Servicios - Arpitex","og_description":"[vc_row][vc_column][title title=\u00bbSERVI\u00c7OS\u00bb sub_title=\u00bb\u00bb][vc_column_text]Nosotros producimos en \u00ablavel privado\u00bb.El sistem\u00e1tico investimento en dise\u00f1o y tecnolog\u00eda est\u00e1 en el \u00abDNA\u00bb de Arpitex.[\/vc_column_text][vc_empty_space height=\u00bb50px\u00bb][vc_column_text] ...","og_url":"https:\/\/arpitex.pt\/services\/","og_site_name":"Arpitex","article_publisher":"https:\/\/www.facebook.com\/arpitex\/","article_modified_time":"2019-03-28T10:39:49+00:00","twitter_card":"summary_large_image","twitter_misc":{"Tiempo de lectura":"4 minutos"},"schema":{"@context":"https:\/\/schema.org","@graph":[{"@type":"WebPage","@id":"https:\/\/arpitex.pt\/services\/","url":"https:\/\/arpitex.pt\/services\/","name":"Servicios - Arpitex","isPartOf":{"@id":"https:\/\/arpitex.pt\/#website"},"datePublished":"2015-09-11T02:18:36+00:00","dateModified":"2019-03-28T10:39:49+00:00","breadcrumb":{"@id":"https:\/\/arpitex.pt\/services\/#breadcrumb"},"inLanguage":"es","potentialAction":[{"@type":"ReadAction","target":["https:\/\/arpitex.pt\/services\/"]}]},{"@type":"BreadcrumbList","@id":"https:\/\/arpitex.pt\/services\/#breadcrumb","itemListElement":[{"@type":"ListItem","position":1,"name":"Home","item":"https:\/\/arpitex.pt\/"},{"@type":"ListItem","position":2,"name":"Servicios"}]},{"@type":"WebSite","@id":"https:\/\/arpitex.pt\/#website","url":"https:\/\/arpitex.pt\/","name":"Arpitex","description":"Com\u00e9rcio e Ind\u00fastria de Confec\u00e7\u00f5es, Lda.","publisher":{"@id":"https:\/\/arpitex.pt\/#organization"},"potentialAction":[{"@type":"SearchAction","target":{"@type":"EntryPoint","urlTemplate":"https:\/\/arpitex.pt\/?s={search_term_string}"},"query-input":{"@type":"PropertyValueSpecification","valueRequired":true,"valueName":"search_term_string"}}],"inLanguage":"es"},{"@type":"Organization","@id":"https:\/\/arpitex.pt\/#organization","name":"ARPITEX - Com\u00e9rcio e Ind\u00fastria de Confec\u00e7\u00f5es, Lda.","url":"https:\/\/arpitex.pt\/","logo":{"@type":"ImageObject","inLanguage":"es","@id":"https:\/\/arpitex.pt\/#\/schema\/logo\/image\/","url":"https:\/\/arpitex.pt\/wp-content\/uploads\/2018\/12\/transferir.png","contentUrl":"https:\/\/arpitex.pt\/wp-content\/uploads\/2018\/12\/transferir.png","width":300,"height":100,"caption":"ARPITEX - Com\u00e9rcio e Ind\u00fastria de Confec\u00e7\u00f5es, Lda."},"image":{"@id":"https:\/\/arpitex.pt\/#\/schema\/logo\/image\/"},"sameAs":["https:\/\/www.facebook.com\/arpitex\/"]}]}},"_links":{"self":[{"href":"https:\/\/arpitex.pt\/es\/wp-json\/wp\/v2\/pages\/532","targetHints":{"allow":["GET"]}}],"collection":[{"href":"https:\/\/arpitex.pt\/es\/wp-json\/wp\/v2\/pages"}],"about":[{"href":"https:\/\/arpitex.pt\/es\/wp-json\/wp\/v2\/types\/page"}],"author":[{"embeddable":true,"href":"https:\/\/arpitex.pt\/es\/wp-json\/wp\/v2\/users\/1"}],"replies":[{"embeddable":true,"href":"https:\/\/arpitex.pt\/es\/wp-json\/wp\/v2\/comments?post=532"}],"version-history":[{"count":3,"href":"https:\/\/arpitex.pt\/es\/wp-json\/wp\/v2\/pages\/532\/revisions"}],"predecessor-version":[{"id":535,"href":"https:\/\/arpitex.pt\/es\/wp-json\/wp\/v2\/pages\/532\/revisions\/535"}],"wp:attachment":[{"href":"https:\/\/arpitex.pt\/es\/wp-json\/wp\/v2\/media?parent=532"}],"curies":[{"name":"wp","href":"https:\/\/api.w.org\/{rel}","templated":true}]}}