{"id":529,"date":"2018-02-28T17:35:45","date_gmt":"2018-02-28T17:35:45","guid":{"rendered":"http:\/\/bussola.pt\/arpitex\/?page_id=529"},"modified":"2019-03-28T10:56:52","modified_gmt":"2019-03-28T10:56:52","slug":"presentacion","status":"publish","type":"page","link":"https:\/\/arpitex.pt\/es\/presentacion\/","title":{"rendered":"PRESENTACI\u00d3N"},"content":{"rendered":"<p>[vc_row][vc_column][title title=\u00bbKnow-how &amp; fashion \u201cdna\u201d\u00bb sub_title=\u00bb\u00bb][vc_column_text]El textil en Portugal tiene gran tradici\u00f3n.<\/p>\n<p>A su reconocido \u00absavoir-faire\u00bb junta actualmente el liderazgo en dinamismo y competitividad.<\/p>\n<p>Portugal hoy en d\u00eda tiene la mejor calidad \/ servicio \/ precio \/ entrega.\u00a0Conseguimos entregar pedidos en cualquier punto de Europa en 48 horas y en cualquier otro continente en un m\u00e1ximo de 15 d\u00edas.<\/p>\n<p><span style=\"font-family: 'Cooper Black', Times, serif;\">Arpitex<\/span> es una empresa familiar fundada en 1972 en la ciudad de Guimar\u00e3es, Patrimonio de la Humanidad, con la mayor tradici\u00f3n textil de Portugal.[\/vc_column_text][vc_row_inner content_placement=\u00bbmiddle\u00bb css=\u00bb.vc_custom_1519209039016{margin-top: 20px !important;margin-bottom: 20px !important;}\u00bb][vc_column_inner width=\u00bb1\/2&#8243; css=\u00bb.vc_custom_1519209007276{margin-right: 0px !important;margin-left: 0px !important;padding-right: 0px !important;padding-left: 0px !important;}\u00bb][vc_column_text]Al igual que la ciudad, <span style=\"font-family: 'Cooper Black', Times, serif;\">Arpitex<\/span> camina para la cuarta generaci\u00f3n de una familia que comenz\u00f3 a dar los primeros pasos en esta \u00e1rea en 1919, con el desarrollo de parcerias que permitan consolidar este \u00abcluster textil\u00bb, asegurando el m\u00e1s alto nivel en sus textiles e m\u00e1s competitivos en el desarrollo y producci\u00f3n de la ropa portuguesa.[\/vc_column_text][\/vc_column_inner][vc_column_inner width=\u00bb1\/2&#8243;][vc_column_text]<\/p>\n<p><img loading=\"lazy\" decoding=\"async\" class=\"alignnone wp-image-327\" src=\"http:\/\/arpitex.pt\/wp-content\/uploads\/2018\/02\/pg.-apresenta\u00e7\u00e3o-foto-junto-ao-4\u00ba-par\u00e1grafo-300x225.jpg\" alt=\"\" width=\"270\" height=\"200\" \/>\u00a0\u00a0<img loading=\"lazy\" decoding=\"async\" class=\"alignnone wp-image-326\" src=\"http:\/\/arpitex.pt\/wp-content\/uploads\/2018\/02\/pg.-apresenta\u00e7\u00e3o-2\u00aa-foto-junto-ao-4\u00ba-par\u00e1grafo-225x300.jpg\" alt=\"\" width=\"158\" height=\"200\" \/><\/p>\n<p>[\/vc_column_text][\/vc_column_inner][\/vc_row_inner][vc_column_text]<span style=\"font-family: 'Cooper Black', Times, serif;\">Arpitex<\/span> produce en r\u00e9gimen de \u00ab<strong>private label<\/strong>\u00bb ropa exterior e interior, asumiendo mayor relieve los art\u00edculos en malla.<\/p>\n<p>Aseguramos competencias para realizar con la m\u00e1xima calidad productos muy diversificados, incorporando procesos complejos.<\/p>\n<p>Encaramos con gusto los constantes desaf\u00edos de la evoluci\u00f3n de la moda.\u00a0Creamos valor a nuestros clientes, anticipando ele constante desarrollos de nuevos productos, de acuerdo con las nuevas tendencias.\u00a0Francia, Espa\u00f1a, Inglaterra, Italia, EE.UU., Suiza, Holanda y Portugal.<\/p>\n<p>Estos son los mercados m\u00e1s relevantes de <span style=\"font-family: 'Cooper Black', Times, serif;\">Arpitex<\/span>.[\/vc_column_text][\/vc_column][\/vc_row]<\/p>\n","protected":false},"excerpt":{"rendered":"<p>[vc_row][vc_column][title title=\u00bbKnow-how &amp; fashion \u201cdna\u201d\u00bb sub_title=\u00bb\u00bb][vc_column_text]El textil en Portugal tiene gran tradici\u00f3n. A su reconocido \u00absavoir-faire\u00bb junta actualmente el liderazgo &#8230;<\/p>\n","protected":false},"author":1,"featured_media":0,"parent":0,"menu_order":0,"comment_status":"closed","ping_status":"closed","template":"","meta":{"_monsterinsights_skip_tracking":false,"_monsterinsights_sitenote_active":false,"_monsterinsights_sitenote_note":"","_monsterinsights_sitenote_category":0,"footnotes":""},"class_list":["post-529","page","type-page","status-publish","hentry"],"yoast_head":"<!-- This site is optimized with the Yoast SEO plugin v24.7 - https:\/\/yoast.com\/wordpress\/plugins\/seo\/ -->\n<title>PRESENTACI\u00d3N - Arpitex<\/title>\n<meta name=\"robots\" content=\"index, follow, max-snippet:-1, max-image-preview:large, max-video-preview:-1\" \/>\n<link rel=\"canonical\" href=\"https:\/\/arpitex.pt\/presentation\/\" \/>\n<meta property=\"og:locale\" content=\"es_ES\" \/>\n<meta property=\"og:type\" content=\"article\" \/>\n<meta property=\"og:title\" content=\"PRESENTACI\u00d3N - Arpitex\" \/>\n<meta property=\"og:description\" content=\"[vc_row][vc_column][title title=\u00bbKnow-how &amp; fashion \u201cdna\u201d\u00bb sub_title=\u00bb\u00bb][vc_column_text]El textil en Portugal tiene gran tradici\u00f3n. A su reconocido \u00absavoir-faire\u00bb junta actualmente el liderazgo ...\" \/>\n<meta property=\"og:url\" content=\"https:\/\/arpitex.pt\/presentation\/\" \/>\n<meta property=\"og:site_name\" content=\"Arpitex\" \/>\n<meta property=\"article:publisher\" content=\"https:\/\/www.facebook.com\/arpitex\/\" \/>\n<meta property=\"article:modified_time\" content=\"2019-03-28T10:56:52+00:00\" \/>\n<meta name=\"twitter:card\" content=\"summary_large_image\" \/>\n<meta name=\"twitter:label1\" content=\"Tiempo de lectura\" \/>\n\t<meta name=\"twitter:data1\" content=\"2 minutos\" \/>\n<script type=\"application\/ld+json\" class=\"yoast-schema-graph\">{\"@context\":\"https:\/\/schema.org\",\"@graph\":[{\"@type\":\"WebPage\",\"@id\":\"https:\/\/arpitex.pt\/presentation\/\",\"url\":\"https:\/\/arpitex.pt\/presentation\/\",\"name\":\"PRESENTACI\u00d3N - Arpitex\",\"isPartOf\":{\"@id\":\"https:\/\/arpitex.pt\/#website\"},\"datePublished\":\"2018-02-28T17:35:45+00:00\",\"dateModified\":\"2019-03-28T10:56:52+00:00\",\"breadcrumb\":{\"@id\":\"https:\/\/arpitex.pt\/presentation\/#breadcrumb\"},\"inLanguage\":\"es\",\"potentialAction\":[{\"@type\":\"ReadAction\",\"target\":[\"https:\/\/arpitex.pt\/presentation\/\"]}]},{\"@type\":\"BreadcrumbList\",\"@id\":\"https:\/\/arpitex.pt\/presentation\/#breadcrumb\",\"itemListElement\":[{\"@type\":\"ListItem\",\"position\":1,\"name\":\"Home\",\"item\":\"https:\/\/arpitex.pt\/\"},{\"@type\":\"ListItem\",\"position\":2,\"name\":\"PRESENTACI\u00d3N\"}]},{\"@type\":\"WebSite\",\"@id\":\"https:\/\/arpitex.pt\/#website\",\"url\":\"https:\/\/arpitex.pt\/\",\"name\":\"Arpitex\",\"description\":\"Com\u00e9rcio e Ind\u00fastria de Confec\u00e7\u00f5es, Lda.\",\"publisher\":{\"@id\":\"https:\/\/arpitex.pt\/#organization\"},\"potentialAction\":[{\"@type\":\"SearchAction\",\"target\":{\"@type\":\"EntryPoint\",\"urlTemplate\":\"https:\/\/arpitex.pt\/?s={search_term_string}\"},\"query-input\":{\"@type\":\"PropertyValueSpecification\",\"valueRequired\":true,\"valueName\":\"search_term_string\"}}],\"inLanguage\":\"es\"},{\"@type\":\"Organization\",\"@id\":\"https:\/\/arpitex.pt\/#organization\",\"name\":\"ARPITEX - Com\u00e9rcio e Ind\u00fastria de Confec\u00e7\u00f5es, Lda.\",\"url\":\"https:\/\/arpitex.pt\/\",\"logo\":{\"@type\":\"ImageObject\",\"inLanguage\":\"es\",\"@id\":\"https:\/\/arpitex.pt\/#\/schema\/logo\/image\/\",\"url\":\"https:\/\/arpitex.pt\/wp-content\/uploads\/2018\/12\/transferir.png\",\"contentUrl\":\"https:\/\/arpitex.pt\/wp-content\/uploads\/2018\/12\/transferir.png\",\"width\":300,\"height\":100,\"caption\":\"ARPITEX - Com\u00e9rcio e Ind\u00fastria de Confec\u00e7\u00f5es, Lda.\"},\"image\":{\"@id\":\"https:\/\/arpitex.pt\/#\/schema\/logo\/image\/\"},\"sameAs\":[\"https:\/\/www.facebook.com\/arpitex\/\"]}]}<\/script>\n<!-- \/ Yoast SEO plugin. -->","yoast_head_json":{"title":"PRESENTACI\u00d3N - Arpitex","robots":{"index":"index","follow":"follow","max-snippet":"max-snippet:-1","max-image-preview":"max-image-preview:large","max-video-preview":"max-video-preview:-1"},"canonical":"https:\/\/arpitex.pt\/presentation\/","og_locale":"es_ES","og_type":"article","og_title":"PRESENTACI\u00d3N - Arpitex","og_description":"[vc_row][vc_column][title title=\u00bbKnow-how &amp; fashion \u201cdna\u201d\u00bb sub_title=\u00bb\u00bb][vc_column_text]El textil en Portugal tiene gran tradici\u00f3n. A su reconocido \u00absavoir-faire\u00bb junta actualmente el liderazgo ...","og_url":"https:\/\/arpitex.pt\/presentation\/","og_site_name":"Arpitex","article_publisher":"https:\/\/www.facebook.com\/arpitex\/","article_modified_time":"2019-03-28T10:56:52+00:00","twitter_card":"summary_large_image","twitter_misc":{"Tiempo de lectura":"2 minutos"},"schema":{"@context":"https:\/\/schema.org","@graph":[{"@type":"WebPage","@id":"https:\/\/arpitex.pt\/presentation\/","url":"https:\/\/arpitex.pt\/presentation\/","name":"PRESENTACI\u00d3N - Arpitex","isPartOf":{"@id":"https:\/\/arpitex.pt\/#website"},"datePublished":"2018-02-28T17:35:45+00:00","dateModified":"2019-03-28T10:56:52+00:00","breadcrumb":{"@id":"https:\/\/arpitex.pt\/presentation\/#breadcrumb"},"inLanguage":"es","potentialAction":[{"@type":"ReadAction","target":["https:\/\/arpitex.pt\/presentation\/"]}]},{"@type":"BreadcrumbList","@id":"https:\/\/arpitex.pt\/presentation\/#breadcrumb","itemListElement":[{"@type":"ListItem","position":1,"name":"Home","item":"https:\/\/arpitex.pt\/"},{"@type":"ListItem","position":2,"name":"PRESENTACI\u00d3N"}]},{"@type":"WebSite","@id":"https:\/\/arpitex.pt\/#website","url":"https:\/\/arpitex.pt\/","name":"Arpitex","description":"Com\u00e9rcio e Ind\u00fastria de Confec\u00e7\u00f5es, Lda.","publisher":{"@id":"https:\/\/arpitex.pt\/#organization"},"potentialAction":[{"@type":"SearchAction","target":{"@type":"EntryPoint","urlTemplate":"https:\/\/arpitex.pt\/?s={search_term_string}"},"query-input":{"@type":"PropertyValueSpecification","valueRequired":true,"valueName":"search_term_string"}}],"inLanguage":"es"},{"@type":"Organization","@id":"https:\/\/arpitex.pt\/#organization","name":"ARPITEX - Com\u00e9rcio e Ind\u00fastria de Confec\u00e7\u00f5es, Lda.","url":"https:\/\/arpitex.pt\/","logo":{"@type":"ImageObject","inLanguage":"es","@id":"https:\/\/arpitex.pt\/#\/schema\/logo\/image\/","url":"https:\/\/arpitex.pt\/wp-content\/uploads\/2018\/12\/transferir.png","contentUrl":"https:\/\/arpitex.pt\/wp-content\/uploads\/2018\/12\/transferir.png","width":300,"height":100,"caption":"ARPITEX - Com\u00e9rcio e Ind\u00fastria de Confec\u00e7\u00f5es, Lda."},"image":{"@id":"https:\/\/arpitex.pt\/#\/schema\/logo\/image\/"},"sameAs":["https:\/\/www.facebook.com\/arpitex\/"]}]}},"_links":{"self":[{"href":"https:\/\/arpitex.pt\/es\/wp-json\/wp\/v2\/pages\/529","targetHints":{"allow":["GET"]}}],"collection":[{"href":"https:\/\/arpitex.pt\/es\/wp-json\/wp\/v2\/pages"}],"about":[{"href":"https:\/\/arpitex.pt\/es\/wp-json\/wp\/v2\/types\/page"}],"author":[{"embeddable":true,"href":"https:\/\/arpitex.pt\/es\/wp-json\/wp\/v2\/users\/1"}],"replies":[{"embeddable":true,"href":"https:\/\/arpitex.pt\/es\/wp-json\/wp\/v2\/comments?post=529"}],"version-history":[{"count":2,"href":"https:\/\/arpitex.pt\/es\/wp-json\/wp\/v2\/pages\/529\/revisions"}],"predecessor-version":[{"id":617,"href":"https:\/\/arpitex.pt\/es\/wp-json\/wp\/v2\/pages\/529\/revisions\/617"}],"wp:attachment":[{"href":"https:\/\/arpitex.pt\/es\/wp-json\/wp\/v2\/media?parent=529"}],"curies":[{"name":"wp","href":"https:\/\/api.w.org\/{rel}","templated":true}]}}