{"id":527,"date":"2015-09-11T04:32:54","date_gmt":"2015-09-11T04:32:54","guid":{"rendered":"http:\/\/bussola.pt\/arpitex\/contactos\/"},"modified":"2023-03-31T17:25:19","modified_gmt":"2023-03-31T17:25:19","slug":"contactos","status":"publish","type":"page","link":"https:\/\/arpitex.pt\/es\/contactos\/","title":{"rendered":"Contactos"},"content":{"rendered":"<p>[vc_row full_width=\u00bbstretch_row\u00bb bg_type=\u00bbno_bg\u00bb parallax_style=\u00bbvcpb-default\u00bb bg_image_repeat=\u00bbrepeat\u00bb bg_image_size=\u00bbcover\u00bb bg_img_attach=\u00bbscroll\u00bb parallax_sense=\u00bb30&#8243; animation_direction=\u00bbleft-animation\u00bb animation_repeat=\u00bbrepeat\u00bb video_opts=\u00bb\u00bb viewport_vdo=\u00bboff\u00bb enable_controls=\u00bboff\u00bb bg_override=\u00bb0&#8243; disable_on_mobile_img_parallax=\u00bboff\u00bb parallax_content_sense=\u00bb30&#8243; fadeout_start_effect=\u00bb30&#8243; overlay_pattern_opacity=\u00bb80&#8243; overlay_pattern_attachment=\u00bbfixed\u00bb multi_color_overlay=\u00bb\u00bb multi_color_overlay_opacity=\u00bb60&#8243; seperator_type=\u00bbnone_seperator\u00bb seperator_position=\u00bbtop_seperator\u00bb seperator_shape_size=\u00bb40&#8243; seperator_svg_height=\u00bb60&#8243; seperator_shape_background=\u00bb#ffffff\u00bb seperator_shape_border=\u00bbnone\u00bb seperator_shape_border_width=\u00bb1&#8243; icon_type=\u00bbno_icon\u00bb icon_size=\u00bb32&#8243; icon_style=\u00bbnone\u00bb icon_color_border=\u00bb#333333&#8243; icon_border_size=\u00bb1&#8243; icon_border_radius=\u00bb500&#8243; icon_border_spacing=\u00bb50&#8243; img_width=\u00bb48&#8243; ult_hide_row_large_screen=\u00bboff\u00bb ult_hide_row_desktop=\u00bboff\u00bb ult_hide_row_tablet=\u00bboff\u00bb ult_hide_row_tablet_small=\u00bboff\u00bb ult_hide_row_mobile=\u00bboff\u00bb ult_hide_row_mobile_large=\u00bboff\u00bb bg_grad=\u00bbbackground: -webkit-gradient(linear, left top, left bottom, color-stop(0%, #E3E3E3));background: -moz-linear-gradient(top,#E3E3E3 0%);background: -webkit-linear-gradient(top,#E3E3E3 0%);background: -o-linear-gradient(top,#E3E3E3 0%);background: -ms-linear-gradient(top,#E3E3E3 0%);background: linear-gradient(top,#E3E3E3 0%);\u00bb css=\u00bb.vc_custom_1519387944112{margin-top: 80px !important;margin-bottom: 80px !important;}\u00bb][vc_column width=\u00bb1\/2&#8243;][title title=\u00bbCONTACTOS\u00bb sub_title=\u00bb\u00bb][vc_column_text]<\/p>\n<p><span style=\"font-family: 'Cooper Black', Times, serif; font-size: 18px;\">Arpitex \u2013 Com\u00e9rcio e Ind\u00fastria<br \/>\nde Confe\u00e7\u00f5es, Lda.<\/span><\/p>\n<p>Travessa da Pisca 1, n\u00ba 82<br \/>\n4835-094 Guimar\u00e3es<br \/>\nPortugal<br \/>\nCont. 500 070 326<\/p>\n<p>T. +351 253 421 470<br \/>\n<span style=\"font-size:11px\">Llamada a la red fija nacional<\/span><\/p>\n<p>E. info@arpitex.pt<br \/>\n[\/vc_column_text][vc_empty_space height=\u00bb25px\u00bb][\/vc_column][vc_column width=\u00bb1\/2&#8243;][vc_column_text]<\/p>\n<h3>DEJE AQU\u00cd SU MENSAJE<\/h3>\n<p>[\/vc_column_text][vc_empty_space height=\u00bb25px\u00bb]\n<div class=\"wpcf7 no-js\" id=\"wpcf7-f565-o1\" lang=\"pt-PT\" dir=\"ltr\" data-wpcf7-id=\"565\">\n<div class=\"screen-reader-response\"><p role=\"status\" aria-live=\"polite\" aria-atomic=\"true\"><\/p> <ul><\/ul><\/div>\n<form action=\"\/es\/wp-json\/wp\/v2\/pages\/527#wpcf7-f565-o1\" method=\"post\" class=\"wpcf7-form init\" aria-label=\"Formul\u00e1rio de contacto\" novalidate=\"novalidate\" data-status=\"init\">\n<div style=\"display: none;\">\n<input type=\"hidden\" name=\"_wpcf7\" value=\"565\" \/>\n<input type=\"hidden\" name=\"_wpcf7_version\" value=\"6.0.5\" \/>\n<input type=\"hidden\" name=\"_wpcf7_locale\" value=\"pt_PT\" \/>\n<input type=\"hidden\" name=\"_wpcf7_unit_tag\" value=\"wpcf7-f565-o1\" \/>\n<input type=\"hidden\" name=\"_wpcf7_container_post\" value=\"0\" \/>\n<input type=\"hidden\" name=\"_wpcf7_posted_data_hash\" value=\"\" \/>\n<\/div>\n<p><label> Tu nombre*<br \/>\n<span class=\"wpcf7-form-control-wrap\" data-name=\"your-name\"><input size=\"40\" maxlength=\"400\" class=\"wpcf7-form-control wpcf7-text wpcf7-validates-as-required\" aria-required=\"true\" aria-invalid=\"false\" value=\"\" type=\"text\" name=\"your-name\" \/><\/span> <\/label>\n<\/p>\n<p><label> Tu email*<br \/>\n<span class=\"wpcf7-form-control-wrap\" data-name=\"your-email\"><input size=\"40\" maxlength=\"400\" class=\"wpcf7-form-control wpcf7-email wpcf7-validates-as-required wpcf7-text wpcf7-validates-as-email\" aria-required=\"true\" aria-invalid=\"false\" value=\"\" type=\"email\" name=\"your-email\" \/><\/span> <\/label>\n<\/p>\n<p><label> Tu mensaje<br \/>\n<span class=\"wpcf7-form-control-wrap\" data-name=\"your-message\"><textarea cols=\"40\" rows=\"10\" maxlength=\"2000\" class=\"wpcf7-form-control wpcf7-textarea\" aria-invalid=\"false\" name=\"your-message\"><\/textarea><\/span> <\/label>\n<\/p>\n<p><input class=\"wpcf7-form-control wpcf7-submit has-spinner\" type=\"submit\" value=\"Enviar\" \/>\n<\/p><div class=\"wpcf7-response-output\" aria-hidden=\"true\"><\/div>\n<\/form>\n<\/div>\n[\/vc_column][\/vc_row][vc_row full_width=\u00bbstretch_row_content\u00bb][vc_column][vc_gmaps link=\u00bb#E-8_JTNDaWZyYW1lJTIwc3JjJTNEJTIyaHR0cHMlM0ElMkYlMkZ3d3cuZ29vZ2xlLmNvbSUyRm1hcHMlMkZlbWJlZCUzRnBiJTNEJTIxMW0xOCUyMTFtMTIlMjExbTMlMjExZDI5OTEuMDIwODU2MzQ5MTAzNyUyMTJkLTguMzIwMjAwNTg0Mjg5MTIlMjEzZDQxLjQzODc2OTEwMDc3MDcxJTIxMm0zJTIxMWYwJTIxMmYwJTIxM2YwJTIxM20yJTIxMWkxMDI0JTIxMmk3NjglMjE0ZjEzLjElMjEzbTMlMjExbTIlMjExczB4ZDI0ZjAyMjk1ODQxMDNiJTI1M0EweDk2YTMzN2QxYTFiMTFjMWIlMjEyc0FycGl0ZXglMkJDb20lMjVDMyUyNUE5cmNpbyUyQmUlMkJpbmQlMjVDMyUyNUJBc3RyaWElMkJkZSUyQmNvbmZlYyUyNUMzJTI1QTclMjVDMyUyNUI1ZXMlMkIlMjUyQ0xkYS4lMjE1ZTAlMjEzbTIlMjExc3B0LVBUJTIxMnNwdCUyMTR2MTU1Mzc3MjYwNjQ5MSUyMiUyMHdpZHRoJTNEJTIyNjAwJTIyJTIwaGVpZ2h0JTNEJTIyNDUwJTIyJTIwZnJhbWVib3JkZXIlM0QlMjIwJTIyJTIwc3R5bGUlM0QlMjJib3JkZXIlM0EwJTIyJTIwYWxsb3dmdWxsc2NyZWVuJTNFJTNDJTJGaWZyYW1lJTNF\u00bb][\/vc_column][\/vc_row]<\/p>\n","protected":false},"excerpt":{"rendered":"<p>[vc_row full_width=\u00bbstretch_row\u00bb bg_type=\u00bbno_bg\u00bb parallax_style=\u00bbvcpb-default\u00bb bg_image_repeat=\u00bbrepeat\u00bb bg_image_size=\u00bbcover\u00bb bg_img_attach=\u00bbscroll\u00bb parallax_sense=\u00bb30&#8243; animation_direction=\u00bbleft-animation\u00bb animation_repeat=\u00bbrepeat\u00bb video_opts=\u00bb\u00bb viewport_vdo=\u00bboff\u00bb enable_controls=\u00bboff\u00bb bg_override=\u00bb0&#8243; disable_on_mobile_img_parallax=\u00bboff\u00bb parallax_content_sense=\u00bb30&#8243; fadeout_start_effect=\u00bb30&#8243; overlay_pattern_opacity=\u00bb80&#8243; overlay_pattern_attachment=\u00bbfixed\u00bb multi_color_overlay=\u00bb\u00bb &#8230;<\/p>\n","protected":false},"author":1,"featured_media":0,"parent":0,"menu_order":0,"comment_status":"closed","ping_status":"closed","template":"","meta":{"_monsterinsights_skip_tracking":false,"_monsterinsights_sitenote_active":false,"_monsterinsights_sitenote_note":"","_monsterinsights_sitenote_category":0,"footnotes":""},"class_list":["post-527","page","type-page","status-publish","hentry"],"yoast_head":"<!-- This site is optimized with the Yoast SEO plugin v24.7 - https:\/\/yoast.com\/wordpress\/plugins\/seo\/ -->\n<title>Contactos - Arpitex<\/title>\n<meta name=\"robots\" content=\"index, follow, max-snippet:-1, max-image-preview:large, max-video-preview:-1\" \/>\n<link rel=\"canonical\" href=\"https:\/\/arpitex.pt\/contacts\/\" \/>\n<meta property=\"og:locale\" content=\"es_ES\" \/>\n<meta property=\"og:type\" content=\"article\" \/>\n<meta property=\"og:title\" content=\"Contactos - Arpitex\" \/>\n<meta property=\"og:description\" content=\"[vc_row full_width=\u00bbstretch_row\u00bb bg_type=\u00bbno_bg\u00bb parallax_style=\u00bbvcpb-default\u00bb bg_image_repeat=\u00bbrepeat\u00bb bg_image_size=\u00bbcover\u00bb bg_img_attach=\u00bbscroll\u00bb parallax_sense=\u00bb30&#8243; animation_direction=\u00bbleft-animation\u00bb animation_repeat=\u00bbrepeat\u00bb video_opts=\u00bb\u00bb viewport_vdo=\u00bboff\u00bb enable_controls=\u00bboff\u00bb bg_override=\u00bb0&#8243; disable_on_mobile_img_parallax=\u00bboff\u00bb parallax_content_sense=\u00bb30&#8243; fadeout_start_effect=\u00bb30&#8243; overlay_pattern_opacity=\u00bb80&#8243; overlay_pattern_attachment=\u00bbfixed\u00bb multi_color_overlay=\u00bb\u00bb ...\" \/>\n<meta property=\"og:url\" content=\"https:\/\/arpitex.pt\/contacts\/\" \/>\n<meta property=\"og:site_name\" content=\"Arpitex\" \/>\n<meta property=\"article:publisher\" content=\"https:\/\/www.facebook.com\/arpitex\/\" \/>\n<meta property=\"article:modified_time\" content=\"2023-03-31T17:25:19+00:00\" \/>\n<meta name=\"twitter:card\" content=\"summary_large_image\" \/>\n<meta name=\"twitter:label1\" content=\"Tiempo de lectura\" \/>\n\t<meta name=\"twitter:data1\" content=\"2 minutos\" \/>\n<script type=\"application\/ld+json\" class=\"yoast-schema-graph\">{\"@context\":\"https:\/\/schema.org\",\"@graph\":[{\"@type\":\"WebPage\",\"@id\":\"https:\/\/arpitex.pt\/contacts\/\",\"url\":\"https:\/\/arpitex.pt\/contacts\/\",\"name\":\"Contactos - Arpitex\",\"isPartOf\":{\"@id\":\"https:\/\/arpitex.pt\/#website\"},\"datePublished\":\"2015-09-11T04:32:54+00:00\",\"dateModified\":\"2023-03-31T17:25:19+00:00\",\"breadcrumb\":{\"@id\":\"https:\/\/arpitex.pt\/contacts\/#breadcrumb\"},\"inLanguage\":\"es\",\"potentialAction\":[{\"@type\":\"ReadAction\",\"target\":[\"https:\/\/arpitex.pt\/contacts\/\"]}]},{\"@type\":\"BreadcrumbList\",\"@id\":\"https:\/\/arpitex.pt\/contacts\/#breadcrumb\",\"itemListElement\":[{\"@type\":\"ListItem\",\"position\":1,\"name\":\"Home\",\"item\":\"https:\/\/arpitex.pt\/\"},{\"@type\":\"ListItem\",\"position\":2,\"name\":\"Contactos\"}]},{\"@type\":\"WebSite\",\"@id\":\"https:\/\/arpitex.pt\/#website\",\"url\":\"https:\/\/arpitex.pt\/\",\"name\":\"Arpitex\",\"description\":\"Com\u00e9rcio e Ind\u00fastria de Confec\u00e7\u00f5es, Lda.\",\"publisher\":{\"@id\":\"https:\/\/arpitex.pt\/#organization\"},\"potentialAction\":[{\"@type\":\"SearchAction\",\"target\":{\"@type\":\"EntryPoint\",\"urlTemplate\":\"https:\/\/arpitex.pt\/?s={search_term_string}\"},\"query-input\":{\"@type\":\"PropertyValueSpecification\",\"valueRequired\":true,\"valueName\":\"search_term_string\"}}],\"inLanguage\":\"es\"},{\"@type\":\"Organization\",\"@id\":\"https:\/\/arpitex.pt\/#organization\",\"name\":\"ARPITEX - Com\u00e9rcio e Ind\u00fastria de Confec\u00e7\u00f5es, Lda.\",\"url\":\"https:\/\/arpitex.pt\/\",\"logo\":{\"@type\":\"ImageObject\",\"inLanguage\":\"es\",\"@id\":\"https:\/\/arpitex.pt\/#\/schema\/logo\/image\/\",\"url\":\"https:\/\/arpitex.pt\/wp-content\/uploads\/2018\/12\/transferir.png\",\"contentUrl\":\"https:\/\/arpitex.pt\/wp-content\/uploads\/2018\/12\/transferir.png\",\"width\":300,\"height\":100,\"caption\":\"ARPITEX - Com\u00e9rcio e Ind\u00fastria de Confec\u00e7\u00f5es, Lda.\"},\"image\":{\"@id\":\"https:\/\/arpitex.pt\/#\/schema\/logo\/image\/\"},\"sameAs\":[\"https:\/\/www.facebook.com\/arpitex\/\"]}]}<\/script>\n<!-- \/ Yoast SEO plugin. -->","yoast_head_json":{"title":"Contactos - Arpitex","robots":{"index":"index","follow":"follow","max-snippet":"max-snippet:-1","max-image-preview":"max-image-preview:large","max-video-preview":"max-video-preview:-1"},"canonical":"https:\/\/arpitex.pt\/contacts\/","og_locale":"es_ES","og_type":"article","og_title":"Contactos - Arpitex","og_description":"[vc_row full_width=\u00bbstretch_row\u00bb bg_type=\u00bbno_bg\u00bb parallax_style=\u00bbvcpb-default\u00bb bg_image_repeat=\u00bbrepeat\u00bb bg_image_size=\u00bbcover\u00bb bg_img_attach=\u00bbscroll\u00bb parallax_sense=\u00bb30&#8243; animation_direction=\u00bbleft-animation\u00bb animation_repeat=\u00bbrepeat\u00bb video_opts=\u00bb\u00bb viewport_vdo=\u00bboff\u00bb enable_controls=\u00bboff\u00bb bg_override=\u00bb0&#8243; disable_on_mobile_img_parallax=\u00bboff\u00bb parallax_content_sense=\u00bb30&#8243; fadeout_start_effect=\u00bb30&#8243; overlay_pattern_opacity=\u00bb80&#8243; overlay_pattern_attachment=\u00bbfixed\u00bb multi_color_overlay=\u00bb\u00bb ...","og_url":"https:\/\/arpitex.pt\/contacts\/","og_site_name":"Arpitex","article_publisher":"https:\/\/www.facebook.com\/arpitex\/","article_modified_time":"2023-03-31T17:25:19+00:00","twitter_card":"summary_large_image","twitter_misc":{"Tiempo de lectura":"2 minutos"},"schema":{"@context":"https:\/\/schema.org","@graph":[{"@type":"WebPage","@id":"https:\/\/arpitex.pt\/contacts\/","url":"https:\/\/arpitex.pt\/contacts\/","name":"Contactos - Arpitex","isPartOf":{"@id":"https:\/\/arpitex.pt\/#website"},"datePublished":"2015-09-11T04:32:54+00:00","dateModified":"2023-03-31T17:25:19+00:00","breadcrumb":{"@id":"https:\/\/arpitex.pt\/contacts\/#breadcrumb"},"inLanguage":"es","potentialAction":[{"@type":"ReadAction","target":["https:\/\/arpitex.pt\/contacts\/"]}]},{"@type":"BreadcrumbList","@id":"https:\/\/arpitex.pt\/contacts\/#breadcrumb","itemListElement":[{"@type":"ListItem","position":1,"name":"Home","item":"https:\/\/arpitex.pt\/"},{"@type":"ListItem","position":2,"name":"Contactos"}]},{"@type":"WebSite","@id":"https:\/\/arpitex.pt\/#website","url":"https:\/\/arpitex.pt\/","name":"Arpitex","description":"Com\u00e9rcio e Ind\u00fastria de Confec\u00e7\u00f5es, Lda.","publisher":{"@id":"https:\/\/arpitex.pt\/#organization"},"potentialAction":[{"@type":"SearchAction","target":{"@type":"EntryPoint","urlTemplate":"https:\/\/arpitex.pt\/?s={search_term_string}"},"query-input":{"@type":"PropertyValueSpecification","valueRequired":true,"valueName":"search_term_string"}}],"inLanguage":"es"},{"@type":"Organization","@id":"https:\/\/arpitex.pt\/#organization","name":"ARPITEX - Com\u00e9rcio e Ind\u00fastria de Confec\u00e7\u00f5es, Lda.","url":"https:\/\/arpitex.pt\/","logo":{"@type":"ImageObject","inLanguage":"es","@id":"https:\/\/arpitex.pt\/#\/schema\/logo\/image\/","url":"https:\/\/arpitex.pt\/wp-content\/uploads\/2018\/12\/transferir.png","contentUrl":"https:\/\/arpitex.pt\/wp-content\/uploads\/2018\/12\/transferir.png","width":300,"height":100,"caption":"ARPITEX - Com\u00e9rcio e Ind\u00fastria de Confec\u00e7\u00f5es, Lda."},"image":{"@id":"https:\/\/arpitex.pt\/#\/schema\/logo\/image\/"},"sameAs":["https:\/\/www.facebook.com\/arpitex\/"]}]}},"_links":{"self":[{"href":"https:\/\/arpitex.pt\/es\/wp-json\/wp\/v2\/pages\/527","targetHints":{"allow":["GET"]}}],"collection":[{"href":"https:\/\/arpitex.pt\/es\/wp-json\/wp\/v2\/pages"}],"about":[{"href":"https:\/\/arpitex.pt\/es\/wp-json\/wp\/v2\/types\/page"}],"author":[{"embeddable":true,"href":"https:\/\/arpitex.pt\/es\/wp-json\/wp\/v2\/users\/1"}],"replies":[{"embeddable":true,"href":"https:\/\/arpitex.pt\/es\/wp-json\/wp\/v2\/comments?post=527"}],"version-history":[{"count":6,"href":"https:\/\/arpitex.pt\/es\/wp-json\/wp\/v2\/pages\/527\/revisions"}],"predecessor-version":[{"id":713,"href":"https:\/\/arpitex.pt\/es\/wp-json\/wp\/v2\/pages\/527\/revisions\/713"}],"wp:attachment":[{"href":"https:\/\/arpitex.pt\/es\/wp-json\/wp\/v2\/media?parent=527"}],"curies":[{"name":"wp","href":"https:\/\/api.w.org\/{rel}","templated":true}]}}