{"id":518,"date":"2015-09-11T04:30:22","date_gmt":"2015-09-11T04:30:22","guid":{"rendered":"http:\/\/bussola.pt\/arpitex\/os-nossos-produtos\/"},"modified":"2018-02-28T17:08:24","modified_gmt":"2018-02-28T17:08:24","slug":"nuestros-productos","status":"publish","type":"page","link":"https:\/\/arpitex.pt\/es\/nuestros-productos\/","title":{"rendered":"Nuestros productos"},"content":{"rendered":"<p>[vc_row bg_type=\u00bbno_bg\u00bb parallax_style=\u00bbvcpb-default\u00bb bg_image_new=\u00bb\u00bb layer_image=\u00bb\u00bb bg_image_repeat=\u00bbrepeat\u00bb bg_image_size=\u00bbcover\u00bb bg_cstm_size=\u00bb\u00bb bg_img_attach=\u00bbscroll\u00bb parallax_sense=\u00bb30&#8243; bg_image_posiiton=\u00bb\u00bb animation_direction=\u00bbleft-animation\u00bb animation_repeat=\u00bbrepeat\u00bb video_url=\u00bb\u00bb video_url_2=\u00bb\u00bb u_video_url=\u00bb\u00bb video_opts=\u00bb\u00bb video_poster=\u00bb\u00bb u_start_time=\u00bb\u00bb u_stop_time=\u00bb\u00bb viewport_vdo=\u00bb\u00bb enable_controls=\u00bb\u00bb bg_override=\u00bb0&#8243; disable_on_mobile_img_parallax=\u00bb\u00bb parallax_content=\u00bb\u00bb parallax_content_sense=\u00bb30&#8243; fadeout_row=\u00bb\u00bb fadeout_start_effect=\u00bb30&#8243; enable_overlay=\u00bb\u00bb overlay_color=\u00bb\u00bb overlay_pattern=\u00bb\u00bb overlay_pattern_opacity=\u00bb80&#8243; overlay_pattern_size=\u00bb\u00bb overlay_pattern_attachment=\u00bbfixed\u00bb multi_color_overlay=\u00bb\u00bb multi_color_overlay_opacity=\u00bb60&#8243; seperator_enable=\u00bb\u00bb seperator_type=\u00bbnone_seperator\u00bb seperator_position=\u00bbtop_seperator\u00bb seperator_shape_size=\u00bb40&#8243; seperator_svg_height=\u00bb60&#8243; seperator_shape_background=\u00bb#fff\u00bb seperator_shape_border=\u00bbnone\u00bb seperator_shape_border_color=\u00bb\u00bb seperator_shape_border_width=\u00bb1&#8243; icon_type=\u00bbno_icon\u00bb icon=\u00bb\u00bb icon_size=\u00bb32&#8243; icon_color=\u00bb\u00bb icon_style=\u00bbnone\u00bb icon_color_bg=\u00bb\u00bb icon_border_style=\u00bb\u00bb icon_color_border=\u00bb#333333&#8243; icon_border_size=\u00bb1&#8243; icon_border_radius=\u00bb500&#8243; icon_border_spacing=\u00bb50&#8243; icon_img=\u00bb\u00bb img_width=\u00bb48&#8243; ult_hide_row=\u00bb\u00bb ult_hide_row_large_screen=\u00bb\u00bb ult_hide_row_desktop=\u00bb\u00bb ult_hide_row_tablet=\u00bb\u00bb ult_hide_row_tablet_small=\u00bb\u00bb ult_hide_row_mobile=\u00bb\u00bb ult_hide_row_mobile_large=\u00bb\u00bb css=\u00bb.vc_custom_1519238958147{margin-top: 100px !important;}\u00bb][vc_column][vc_masonry_media_grid style=\u00bblazy\u00bb items_per_page=\u00bb8&#8243; element_width=\u00bb3&#8243; gap=\u00bb20&#8243; item=\u00bbmasonryMedia_BorderedScale\u00bb initial_loading_animation=\u00bbfadeIn\u00bb grid_id=\u00bbvc_gid:1519411140069-efc8e5d7-c098-4&#8243; include=\u00bb434,433,431,429,428,426,425,423,422,421,420,419,418,417,416,415&#8243;][\/vc_column][\/vc_row]<\/p>\n","protected":false},"excerpt":{"rendered":"<p>[vc_row bg_type=\u00bbno_bg\u00bb parallax_style=\u00bbvcpb-default\u00bb bg_image_new=\u00bb\u00bb layer_image=\u00bb\u00bb bg_image_repeat=\u00bbrepeat\u00bb bg_image_size=\u00bbcover\u00bb bg_cstm_size=\u00bb\u00bb bg_img_attach=\u00bbscroll\u00bb parallax_sense=\u00bb30&#8243; bg_image_posiiton=\u00bb\u00bb animation_direction=\u00bbleft-animation\u00bb animation_repeat=\u00bbrepeat\u00bb video_url=\u00bb\u00bb video_url_2=\u00bb\u00bb u_video_url=\u00bb\u00bb video_opts=\u00bb\u00bb video_poster=\u00bb\u00bb u_start_time=\u00bb\u00bb u_stop_time=\u00bb\u00bb &#8230;<\/p>\n","protected":false},"author":1,"featured_media":0,"parent":0,"menu_order":0,"comment_status":"closed","ping_status":"closed","template":"","meta":{"_monsterinsights_skip_tracking":false,"_monsterinsights_sitenote_active":false,"_monsterinsights_sitenote_note":"","_monsterinsights_sitenote_category":0,"footnotes":""},"class_list":["post-518","page","type-page","status-publish","hentry"],"yoast_head":"<!-- This site is optimized with the Yoast SEO plugin v24.7 - https:\/\/yoast.com\/wordpress\/plugins\/seo\/ -->\n<title>Nuestros productos - Arpitex<\/title>\n<meta name=\"robots\" content=\"index, follow, max-snippet:-1, max-image-preview:large, max-video-preview:-1\" \/>\n<link rel=\"canonical\" href=\"https:\/\/arpitex.pt\/our-products\/\" \/>\n<meta property=\"og:locale\" content=\"es_ES\" \/>\n<meta property=\"og:type\" content=\"article\" \/>\n<meta property=\"og:title\" content=\"Nuestros productos - Arpitex\" \/>\n<meta property=\"og:description\" content=\"[vc_row bg_type=\u00bbno_bg\u00bb parallax_style=\u00bbvcpb-default\u00bb bg_image_new=\u00bb\u00bb layer_image=\u00bb\u00bb bg_image_repeat=\u00bbrepeat\u00bb bg_image_size=\u00bbcover\u00bb bg_cstm_size=\u00bb\u00bb bg_img_attach=\u00bbscroll\u00bb parallax_sense=\u00bb30&#8243; bg_image_posiiton=\u00bb\u00bb animation_direction=\u00bbleft-animation\u00bb animation_repeat=\u00bbrepeat\u00bb video_url=\u00bb\u00bb video_url_2=\u00bb\u00bb u_video_url=\u00bb\u00bb video_opts=\u00bb\u00bb video_poster=\u00bb\u00bb u_start_time=\u00bb\u00bb u_stop_time=\u00bb\u00bb ...\" \/>\n<meta property=\"og:url\" content=\"https:\/\/arpitex.pt\/our-products\/\" \/>\n<meta property=\"og:site_name\" content=\"Arpitex\" \/>\n<meta property=\"article:publisher\" content=\"https:\/\/www.facebook.com\/arpitex\/\" \/>\n<meta property=\"article:modified_time\" content=\"2018-02-28T17:08:24+00:00\" \/>\n<meta name=\"twitter:card\" content=\"summary_large_image\" \/>\n<meta name=\"twitter:label1\" content=\"Tiempo de lectura\" \/>\n\t<meta name=\"twitter:data1\" content=\"1 minuto\" \/>\n<script type=\"application\/ld+json\" class=\"yoast-schema-graph\">{\"@context\":\"https:\/\/schema.org\",\"@graph\":[{\"@type\":\"WebPage\",\"@id\":\"https:\/\/arpitex.pt\/our-products\/\",\"url\":\"https:\/\/arpitex.pt\/our-products\/\",\"name\":\"Nuestros productos - Arpitex\",\"isPartOf\":{\"@id\":\"https:\/\/arpitex.pt\/#website\"},\"datePublished\":\"2015-09-11T04:30:22+00:00\",\"dateModified\":\"2018-02-28T17:08:24+00:00\",\"breadcrumb\":{\"@id\":\"https:\/\/arpitex.pt\/our-products\/#breadcrumb\"},\"inLanguage\":\"es\",\"potentialAction\":[{\"@type\":\"ReadAction\",\"target\":[\"https:\/\/arpitex.pt\/our-products\/\"]}]},{\"@type\":\"BreadcrumbList\",\"@id\":\"https:\/\/arpitex.pt\/our-products\/#breadcrumb\",\"itemListElement\":[{\"@type\":\"ListItem\",\"position\":1,\"name\":\"Home\",\"item\":\"https:\/\/arpitex.pt\/\"},{\"@type\":\"ListItem\",\"position\":2,\"name\":\"Nuestros productos\"}]},{\"@type\":\"WebSite\",\"@id\":\"https:\/\/arpitex.pt\/#website\",\"url\":\"https:\/\/arpitex.pt\/\",\"name\":\"Arpitex\",\"description\":\"Com\u00e9rcio e Ind\u00fastria de Confec\u00e7\u00f5es, Lda.\",\"publisher\":{\"@id\":\"https:\/\/arpitex.pt\/#organization\"},\"potentialAction\":[{\"@type\":\"SearchAction\",\"target\":{\"@type\":\"EntryPoint\",\"urlTemplate\":\"https:\/\/arpitex.pt\/?s={search_term_string}\"},\"query-input\":{\"@type\":\"PropertyValueSpecification\",\"valueRequired\":true,\"valueName\":\"search_term_string\"}}],\"inLanguage\":\"es\"},{\"@type\":\"Organization\",\"@id\":\"https:\/\/arpitex.pt\/#organization\",\"name\":\"ARPITEX - Com\u00e9rcio e Ind\u00fastria de Confec\u00e7\u00f5es, Lda.\",\"url\":\"https:\/\/arpitex.pt\/\",\"logo\":{\"@type\":\"ImageObject\",\"inLanguage\":\"es\",\"@id\":\"https:\/\/arpitex.pt\/#\/schema\/logo\/image\/\",\"url\":\"https:\/\/arpitex.pt\/wp-content\/uploads\/2018\/12\/transferir.png\",\"contentUrl\":\"https:\/\/arpitex.pt\/wp-content\/uploads\/2018\/12\/transferir.png\",\"width\":300,\"height\":100,\"caption\":\"ARPITEX - Com\u00e9rcio e Ind\u00fastria de Confec\u00e7\u00f5es, Lda.\"},\"image\":{\"@id\":\"https:\/\/arpitex.pt\/#\/schema\/logo\/image\/\"},\"sameAs\":[\"https:\/\/www.facebook.com\/arpitex\/\"]}]}<\/script>\n<!-- \/ Yoast SEO plugin. -->","yoast_head_json":{"title":"Nuestros productos - Arpitex","robots":{"index":"index","follow":"follow","max-snippet":"max-snippet:-1","max-image-preview":"max-image-preview:large","max-video-preview":"max-video-preview:-1"},"canonical":"https:\/\/arpitex.pt\/our-products\/","og_locale":"es_ES","og_type":"article","og_title":"Nuestros productos - Arpitex","og_description":"[vc_row bg_type=\u00bbno_bg\u00bb parallax_style=\u00bbvcpb-default\u00bb bg_image_new=\u00bb\u00bb layer_image=\u00bb\u00bb bg_image_repeat=\u00bbrepeat\u00bb bg_image_size=\u00bbcover\u00bb bg_cstm_size=\u00bb\u00bb bg_img_attach=\u00bbscroll\u00bb parallax_sense=\u00bb30&#8243; bg_image_posiiton=\u00bb\u00bb animation_direction=\u00bbleft-animation\u00bb animation_repeat=\u00bbrepeat\u00bb video_url=\u00bb\u00bb video_url_2=\u00bb\u00bb u_video_url=\u00bb\u00bb video_opts=\u00bb\u00bb video_poster=\u00bb\u00bb u_start_time=\u00bb\u00bb u_stop_time=\u00bb\u00bb ...","og_url":"https:\/\/arpitex.pt\/our-products\/","og_site_name":"Arpitex","article_publisher":"https:\/\/www.facebook.com\/arpitex\/","article_modified_time":"2018-02-28T17:08:24+00:00","twitter_card":"summary_large_image","twitter_misc":{"Tiempo de lectura":"1 minuto"},"schema":{"@context":"https:\/\/schema.org","@graph":[{"@type":"WebPage","@id":"https:\/\/arpitex.pt\/our-products\/","url":"https:\/\/arpitex.pt\/our-products\/","name":"Nuestros productos - Arpitex","isPartOf":{"@id":"https:\/\/arpitex.pt\/#website"},"datePublished":"2015-09-11T04:30:22+00:00","dateModified":"2018-02-28T17:08:24+00:00","breadcrumb":{"@id":"https:\/\/arpitex.pt\/our-products\/#breadcrumb"},"inLanguage":"es","potentialAction":[{"@type":"ReadAction","target":["https:\/\/arpitex.pt\/our-products\/"]}]},{"@type":"BreadcrumbList","@id":"https:\/\/arpitex.pt\/our-products\/#breadcrumb","itemListElement":[{"@type":"ListItem","position":1,"name":"Home","item":"https:\/\/arpitex.pt\/"},{"@type":"ListItem","position":2,"name":"Nuestros productos"}]},{"@type":"WebSite","@id":"https:\/\/arpitex.pt\/#website","url":"https:\/\/arpitex.pt\/","name":"Arpitex","description":"Com\u00e9rcio e Ind\u00fastria de Confec\u00e7\u00f5es, Lda.","publisher":{"@id":"https:\/\/arpitex.pt\/#organization"},"potentialAction":[{"@type":"SearchAction","target":{"@type":"EntryPoint","urlTemplate":"https:\/\/arpitex.pt\/?s={search_term_string}"},"query-input":{"@type":"PropertyValueSpecification","valueRequired":true,"valueName":"search_term_string"}}],"inLanguage":"es"},{"@type":"Organization","@id":"https:\/\/arpitex.pt\/#organization","name":"ARPITEX - Com\u00e9rcio e Ind\u00fastria de Confec\u00e7\u00f5es, Lda.","url":"https:\/\/arpitex.pt\/","logo":{"@type":"ImageObject","inLanguage":"es","@id":"https:\/\/arpitex.pt\/#\/schema\/logo\/image\/","url":"https:\/\/arpitex.pt\/wp-content\/uploads\/2018\/12\/transferir.png","contentUrl":"https:\/\/arpitex.pt\/wp-content\/uploads\/2018\/12\/transferir.png","width":300,"height":100,"caption":"ARPITEX - Com\u00e9rcio e Ind\u00fastria de Confec\u00e7\u00f5es, Lda."},"image":{"@id":"https:\/\/arpitex.pt\/#\/schema\/logo\/image\/"},"sameAs":["https:\/\/www.facebook.com\/arpitex\/"]}]}},"_links":{"self":[{"href":"https:\/\/arpitex.pt\/es\/wp-json\/wp\/v2\/pages\/518","targetHints":{"allow":["GET"]}}],"collection":[{"href":"https:\/\/arpitex.pt\/es\/wp-json\/wp\/v2\/pages"}],"about":[{"href":"https:\/\/arpitex.pt\/es\/wp-json\/wp\/v2\/types\/page"}],"author":[{"embeddable":true,"href":"https:\/\/arpitex.pt\/es\/wp-json\/wp\/v2\/users\/1"}],"replies":[{"embeddable":true,"href":"https:\/\/arpitex.pt\/es\/wp-json\/wp\/v2\/comments?post=518"}],"version-history":[{"count":1,"href":"https:\/\/arpitex.pt\/es\/wp-json\/wp\/v2\/pages\/518\/revisions"}],"predecessor-version":[{"id":519,"href":"https:\/\/arpitex.pt\/es\/wp-json\/wp\/v2\/pages\/518\/revisions\/519"}],"wp:attachment":[{"href":"https:\/\/arpitex.pt\/es\/wp-json\/wp\/v2\/media?parent=518"}],"curies":[{"name":"wp","href":"https:\/\/api.w.org\/{rel}","templated":true}]}}